{"id":380,"date":"2023-08-06T15:50:41","date_gmt":"2023-08-06T18:50:41","guid":{"rendered":"http:\/\/uab.ufsc.br\/ead\/filosofia\/?page_id=380"},"modified":"2023-08-11T16:06:54","modified_gmt":"2023-08-11T19:06:54","slug":"requerimentos","status":"publish","type":"page","link":"https:\/\/uab.ufsc.br\/ead\/filosofia\/requerimentos\/","title":{"rendered":"Requerimentos"},"content":{"rendered":"\n<p><\/p>\n\n\n\n<p style=\"font-size:15px\"><a href=\"http:\/\/uab.ufsc.br\/ead\/filosofia\/wp-content\/uploads\/2023\/08\/Formulario-de-requerimento-geral-Versao-07.pdf\"><br>Formul\u00e1rio de requerimento geral <\/a>&#8211; Vers\u00e3o-07<\/p>\n\n\n\n<p style=\"font-size:15px\"><a href=\"http:\/\/uab.ufsc.br\/ead\/filosofia\/wp-content\/uploads\/2023\/08\/Formulario-de-validacao-de-disciplinas-Aluno-Versao-02.pdf\">Requerimento de valida\u00e7\u00e3o de disciplinas:<br><\/a><br>O pedido de valida\u00e7\u00e3o de disciplinas, bem como d\u00favidas relacionadas a esta solicita\u00e7\u00e3o, deve ser feito diretamente \u00e0 Secretaria\/Coordenadoria do curso de gradua\u00e7\u00e3o no qual o(a) estudante est\u00e1 matriculado.<br>Para tanto, o(a) estudante dever\u00e1 enviar, ao e-mail da sua coordenadoria, a seguinte documenta\u00e7\u00e3o:<\/p>\n\n\n\n<p style=\"font-size:15px\"><br><strong>1<\/strong>. Formul\u00e1rio de solicita\u00e7\u00e3o de valida\u00e7\u00e3o;<br><strong>2. <\/strong>Hist\u00f3rico escolar onde constem as disciplinas cursadas \u2013 de prefer\u00eancia com certifica\u00e7\u00e3o digital;<br><strong>3.<\/strong> Programa das disciplinas cursadas \u2013 necess\u00e1rio somente no caso de disciplinas realizadas em outra Institui\u00e7\u00e3o de Ensino Superior;<br><strong>4. <\/strong>Certificados de semin\u00e1rios ou afins \u2013 quando for solicita\u00e7\u00e3o de valida\u00e7\u00e3o de atividades complementares que exijam a comprova\u00e7\u00e3o por meio destes documentos.<\/p>\n\n\n\n<p style=\"font-size:15px\"><br>O<strong>bserva\u00e7\u00f5es:<br><\/strong>\u2022 Para preencher o formul\u00e1rio, deve-se baix\u00e1-lo no computador e abri-lo pelo programa Adobe Acrobat Reader.<br>\u2022 Os documentos ( itens \u2018b\u2019 \u2018c\u2019 e \u2018d\u2019 acima) a serem anexados junto ao formul\u00e1rio devem ser c\u00f3pias fi\u00e9is de documentos aut\u00eanticos, de acordo com os termos e responsabiliza\u00e7\u00f5es cab\u00edveis do Decreto Federal n\u00ba 8.539\/2015.<br>\u2022 Os documentos dever\u00e3o ser enviados nos seguintes formatos: PDF, JPEG, JPG ou GIF .<\/p>\n\n\n\n<p style=\"font-size:15px\"><a href=\"http:\/\/uab.ufsc.br\/ead\/filosofia\/wp-content\/uploads\/2023\/08\/Formulario-de-cancelamento-de-matricula-Versao-09.pdf\">Requerimento de Cancelamento de Matr\u00edcula:<\/a><br><br>Para solicitar o cancelamento de matr\u00edcula em curso de gradua\u00e7\u00e3o da UFSC, deve-se enviar a seguinte documenta\u00e7\u00e3o, pelo e-mail do\/a estudante cadastrado no CAGR, para dicam.dae@contato.ufsc.br :<\/p>\n\n\n\n<p style=\"font-size:15px\"><br>1. C\u00f3pia de Documento de Identidade;<br>2. Formul\u00e1rio de Cancelamento de Matr\u00edcula preenchido e assinado;<br>3. Declara\u00e7\u00e3o de Quita\u00e7\u00e3o de D\u00e9bito da Biblioteca Universit\u00e1ria, obtida no Portal da BU. A apresenta\u00e7\u00e3o desta Declara\u00e7\u00e3o \u00e9 dispensada a estudantes em situa\u00e7\u00e3o de trancamento e a novos estudantes (calouros) que solicitem o cancelamento antes do in\u00edcio das aulas previsto no Calend\u00e1rio Acad\u00eamico.<\/p>\n\n\n\n<p style=\"font-size:15px\"><br><strong>Observa\u00e7\u00e3o:<\/strong> O cancelamento da matr\u00edcula implica a perda definitiva do v\u00ednculo com o curso.<\/p>\n","protected":false},"excerpt":{"rendered":"<p>Formul\u00e1rio de requerimento geral &#8211; Vers\u00e3o-07 Requerimento de valida\u00e7\u00e3o de disciplinas:O pedido de valida\u00e7\u00e3o de disciplinas, bem como d\u00favidas relacionadas a esta solicita\u00e7\u00e3o, deve ser feito diretamente \u00e0 Secretaria\/Coordenadoria do curso de gradua\u00e7\u00e3o no qual o(a) estudante est\u00e1 matriculado.Para tanto, o(a) estudante dever\u00e1 enviar, ao e-mail da sua coordenadoria, a seguinte documenta\u00e7\u00e3o: 1. Formul\u00e1rio de [&hellip;]<\/p>\n","protected":false},"author":2,"featured_media":0,"parent":0,"menu_order":0,"comment_status":"closed","ping_status":"closed","template":"","meta":{"_et_pb_use_builder":"off","_et_pb_old_content":"<!-- wp:paragraph -->\n<p>Requerimento Geral:<\/p>\n<!-- \/wp:paragraph -->\n\n<!-- wp:paragraph -->\n<p><br>Formul\u00e1rio de requerimento geral - Vers\u00e3o-07<\/p>\n<!-- \/wp:paragraph -->\n\n<!-- wp:paragraph -->\n<p>Requerimento de valida\u00e7\u00e3o de disciplinas:<br>Formul\u00e1rio de valida\u00e7\u00e3o de disciplinas \u2013 Aluno - Vers\u00e3o-02<br>O pedido de valida\u00e7\u00e3o de disciplinas, bem como d\u00favidas relacionadas a esta solicita\u00e7\u00e3o, deve ser feito diretamente \u00e0 Secretaria\/Coordenadoria do curso de gradua\u00e7\u00e3o no qual o(a) estudante est\u00e1 matriculado.<br>Para tanto, o(a) estudante dever\u00e1 enviar, ao e-mail da sua coordenadoria, a seguinte documenta\u00e7\u00e3o:<br>1. Formul\u00e1rio de solicita\u00e7\u00e3o de valida\u00e7\u00e3o;<br>2. Hist\u00f3rico escolar onde constem as disciplinas cursadas \u2013 de prefer\u00eancia com certifica\u00e7\u00e3o digital;<br>3. Programa das disciplinas cursadas \u2013 necess\u00e1rio somente no caso de disciplinas realizadas em outra Institui\u00e7\u00e3o de Ensino Superior;<br>4. Certificados de semin\u00e1rios ou afins \u2013 quando for solicita\u00e7\u00e3o de valida\u00e7\u00e3o de atividades complementares que exijam a comprova\u00e7\u00e3o por meio destes documentos.<br>Observa\u00e7\u00f5es:<br>\u2022 Para preencher o formul\u00e1rio, deve-se baix\u00e1-lo no computador e abri-lo pelo programa Adobe Acrobat Reader.<br>\u2022 Os documentos ( itens \u2018b\u2019 \u2018c\u2019 e \u2018d\u2019 acima) a serem anexados junto ao formul\u00e1rio devem ser c\u00f3pias fi\u00e9is de documentos aut\u00eanticos, de acordo com os termos e responsabiliza\u00e7\u00f5es cab\u00edveis do Decreto Federal n\u00ba 8.539\/2015.<br>\u2022 Os documentos dever\u00e3o ser enviados nos seguintes formatos: PDF, JPEG, JPG ou GIF .<\/p>\n<!-- \/wp:paragraph -->\n\n<!-- wp:paragraph -->\n<p>Requerimento de Cancelamento de Matr\u00edcula:<br>Formul\u00e1rio-de-Cancelamento-de-Matr\u00edcula-vers\u00e3o-09<br>Para solicitar o cancelamento de matr\u00edcula em curso de gradua\u00e7\u00e3o da UFSC, deve-se enviar a seguinte documenta\u00e7\u00e3o, pelo e-mail do\/a estudante cadastrado no CAGR, para dicam.dae@contato.ufsc.br :<br>1. C\u00f3pia de Documento de Identidade;<br>2. Formul\u00e1rio de Cancelamento de Matr\u00edcula preenchido e assinado;<br>3. Declara\u00e7\u00e3o de Quita\u00e7\u00e3o de D\u00e9bito da Biblioteca Universit\u00e1ria, obtida no Portal da BU. A apresenta\u00e7\u00e3o desta Declara\u00e7\u00e3o \u00e9 dispensada a estudantes em situa\u00e7\u00e3o de trancamento e a novos estudantes (calouros) que solicitem o cancelamento antes do in\u00edcio das aulas previsto no Calend\u00e1rio Acad\u00eamico.<br>Observa\u00e7\u00e3o: O cancelamento da matr\u00edcula implica a perda definitiva do v\u00ednculo com o curso.<\/p>\n<!-- \/wp:paragraph -->","_et_gb_content_width":"","inline_featured_image":false,"footnotes":""},"class_list":["post-380","page","type-page","status-publish","hentry"],"_links":{"self":[{"href":"https:\/\/uab.ufsc.br\/ead\/filosofia\/wp-json\/wp\/v2\/pages\/380","targetHints":{"allow":["GET"]}}],"collection":[{"href":"https:\/\/uab.ufsc.br\/ead\/filosofia\/wp-json\/wp\/v2\/pages"}],"about":[{"href":"https:\/\/uab.ufsc.br\/ead\/filosofia\/wp-json\/wp\/v2\/types\/page"}],"author":[{"embeddable":true,"href":"https:\/\/uab.ufsc.br\/ead\/filosofia\/wp-json\/wp\/v2\/users\/2"}],"replies":[{"embeddable":true,"href":"https:\/\/uab.ufsc.br\/ead\/filosofia\/wp-json\/wp\/v2\/comments?post=380"}],"version-history":[{"count":8,"href":"https:\/\/uab.ufsc.br\/ead\/filosofia\/wp-json\/wp\/v2\/pages\/380\/revisions"}],"predecessor-version":[{"id":622,"href":"https:\/\/uab.ufsc.br\/ead\/filosofia\/wp-json\/wp\/v2\/pages\/380\/revisions\/622"}],"wp:attachment":[{"href":"https:\/\/uab.ufsc.br\/ead\/filosofia\/wp-json\/wp\/v2\/media?parent=380"}],"curies":[{"name":"wp","href":"https:\/\/api.w.org\/{rel}","templated":true}]}}