{"id":40,"date":"2023-07-24T17:22:27","date_gmt":"2023-07-24T20:22:27","guid":{"rendered":"http:\/\/uab.ufsc.br\/ead\/filosofia\/?page_id=40"},"modified":"2025-07-15T16:23:44","modified_gmt":"2025-07-15T19:23:44","slug":"sobre-o-curso","status":"publish","type":"page","link":"https:\/\/uab.ufsc.br\/ead\/filosofia\/sobre-o-curso\/","title":{"rendered":"Sobre o curso"},"content":{"rendered":"\n<p style=\"font-size:2px\"><strong><a href=\"http:\/\/uab.ufsc.br\/ead\/filosofia\/wp-content\/uploads\/2023\/09\/Curriculo-Filosofia-EaD.pdf\">Curr\u00edculo do Curso<\/a><\/strong> (Vers\u00e3o gerada pelo DAE)<\/p>\n\n\n\n<p class=\"has-vivid-cyan-blue-color has-text-color has-link-color wp-elements-ea55b979ee2e831b82cd96d5f3340602\" style=\"font-size:20px\"><strong><a href=\"http:\/\/uab.ufsc.br\/ead\/filosofia\/wp-content\/uploads\/2024\/02\/Matriz-Curricular.pdf\">Curr\u00edculo do Curso<\/a><\/strong> (Matriz curricular)<\/p>\n\n\n\n<p class=\"has-vivid-cyan-blue-color has-text-color has-link-color has-medium-font-size wp-elements-e9c982a33490eb0dcc40b81c88cd7331\"><strong><a href=\"http:\/\/uab.ufsc.br\/ead\/filosofia\/wp-content\/uploads\/2025\/07\/Curriculo-2017.1.pdf\">Curr\u00edculo do curso<\/a><\/strong><a href=\"http:\/\/uab.ufsc.br\/ead\/filosofia\/wp-content\/uploads\/2025\/07\/Curriculo-2017.1.pdf\"> (Vers\u00e3o gerada pelo DAE)<\/a><\/p>\n\n\n\n<p class=\"has-vivid-cyan-blue-color has-text-color has-link-color wp-elements-596ff58b71a263147ce27875b05f2e18\" style=\"font-size:20px\"><a href=\"https:\/\/uab.ufsc.br\/ead\/filosofia\/professores\/\"><strong>Professores do Curso<\/strong><\/a><\/p>\n\n\n\n<p class=\"has-vivid-cyan-blue-color has-text-color has-link-color has-medium-font-size wp-elements-ca77ed767f64d0416095cc36abd5257b\"><a href=\"https:\/\/uab.ufsc.br\/ead\/filosofia\/ciclo-de-palestras-tematicas\/\"><strong>Ciclo de Palestras<\/strong><\/a><\/p>\n\n\n\n<p class=\"has-vivid-cyan-blue-color has-text-color has-link-color wp-elements-42be47650c8309bb11251171e008cd46\" style=\"font-size:20px\"><a href=\"https:\/\/uab.ufsc.br\/ead\/filosofia\/coordenacao\/\"><strong>Coordena\u00e7\u00e3o<\/strong><\/a><\/p>\n\n\n\n<p class=\"has-vivid-cyan-blue-color has-text-color has-link-color wp-elements-2dc56ea9153290e1208197cad4ea6f0b\" style=\"font-size:20px\"><a href=\"https:\/\/uab.ufsc.br\/ead\/filosofia\/contato\/\"><strong>Contato<\/strong><\/a><\/p>\n\n\n\n<p class=\"has-vivid-red-color has-text-color has-link-color wp-elements-01c4c84b8dad38e37b0d9f2bb37da0d5\" style=\"font-size:20px\"><strong>Caracteriza\u00e7\u00e3o e objetivos do Curso<\/strong><\/p>\n\n\n\n<p style=\"font-size:16px\">O Curso de Licenciatura Filosofia na modalidade a dist\u00e2ncia, proposto pela UFSC, em sua quarta edi\u00e7\u00e3o (ver <a href=\"http:\/\/uab.ufsc.br\/ead\/filosofia\/wp-content\/uploads\/2023\/08\/Projeto-padagogico-2007.pdf\"><strong>Projeto Pedag\u00f3gico<\/strong><\/a> vigente desde a primeira edi\u00e7\u00e3o), integra-se \u00e0 experi\u00eancia de algumas Institui\u00e7\u00f5es P\u00fablicas de Ensino Superior e de diversos projetos j\u00e1 desenvolvidos a dist\u00e2ncia, configurando um curso de forma\u00e7\u00e3o de professores com garantia de qualidade de ensino.<\/p>\n\n\n\n<p style=\"font-size:16px\">A Licenciatura em Filosofia, na modalidade a dist\u00e2ncia tem o objetivo de habilitar o maior n\u00famero de professores para o Ensino B\u00e1sico, visando ao pleno exerc\u00edcio de sua atividade docente, em conson\u00e2ncia com as exig\u00eancias de uma sociedade em transforma\u00e7\u00e3o. A meta do projeto \u00e9 garantir o desenvolvimento de atitudes pedag\u00f3gicas reflexivas e investigativas, fornecendo instrumentos b\u00e1sicos para o exerc\u00edcio profissional, tendo por base o princ\u00edpio de que a forma\u00e7\u00e3o do educador \u00e9 um processo cont\u00ednuo.<\/p>\n\n\n\n<p style=\"font-size:16px\">O diploma dos licenciados no Curso de Licenciatura em Filosofia na modalidade a dist\u00e2ncia ter\u00e1 equival\u00eancia ao diploma dos licenciados no Curso de Licenciatura em Filosofia na modalidade presencial, conforme o Decreto n. 5.622, publicado no D.O.U. de 20\/12\/05, tendo validade nacional. Tamb\u00e9m foi considerado, vale notar, o DECRETO n. 5.626, de 22 de dezembro de 2005, que disp\u00f5e sobre a L\u00edngua Brasileira de Sinais, em diante inser\u00e7\u00e3o da disciplina Libras para a Licenciatura em Filosofia, com 60 horas, no 8o. per\u00edodo do curso.<\/p>\n\n\n\n<p style=\"font-size:16px\">O poss\u00edvel atendimento aos portadores de necessidades especiais, considerando as quest\u00f5es de acessibilidade e infra-estrutura f\u00edsica, ser\u00e3o atendidas de acordo com as caracter\u00edsticas dos alunos aprovados no processo seletivo e as condi\u00e7\u00f5es vi\u00e1veis da institui\u00e7\u00e3o.<\/p>\n\n\n\n<p style=\"font-size:16px\">Os diplomas e certificados de cursos \u00e0 dist\u00e2ncia, expedidos por institui\u00e7\u00f5es credenciadas e registrados na forma da lei, ter\u00e3o validade nacional e respeitar\u00e3o a dura\u00e7\u00e3o m\u00ednima definida nas Diretrizes Curriculares Nacionais de cada \u00e1rea.<\/p>\n\n\n\n<p style=\"font-size:16px\">Modelo did\u00e1tico:<\/p>\n\n\n\n<p style=\"font-size:16px\">Forma\u00e7\u00e3o Geral: 2042h<br><\/p>\n\n\n\n<p style=\"font-size:16px\">Forma\u00e7\u00e3o Espec\u00edfica: 200h<br><\/p>\n\n\n\n<p style=\"font-size:16px\">Forma\u00e7\u00e3o Pedag\u00f3gica: 432h<br><\/p>\n\n\n\n<p style=\"font-size:16px\">Pr\u00e1tica como Componente Curricular: 400h<br><\/p>\n\n\n\n<p style=\"font-size:16px\">Carga Hor\u00e1ria Total do Curso: 3074h<\/p>\n\n\n\n<p style=\"font-size:16px\"><\/p>\n\n\n\n<p style=\"font-size:16px\">Curso de Licenciatura em Filosofia da UFSC, na modalidade a dist\u00e2ncia, \u00e9 reconhecido pela <a href=\"http:\/\/uab.ufsc.br\/ead\/filosofia\/wp-content\/uploads\/2023\/08\/Portaria-de-reconhecimento-do-curso-2013.pdf\">Portaria n\u00ba 177\/2013 do MEC<\/a>.<\/p>\n\n\n\n<p style=\"font-size:16px\"><\/p>\n\n\n\n<p class=\"has-vivid-purple-color has-text-color has-link-color has-medium-font-size wp-elements-ff2e33487cfac8d44a8c020f07d9e4f5\"><strong>Edi\u00e7\u00f5es anteriores: <a href=\"https:\/\/antigo.uab.ufsc.br\/filosofia\/\">Site antigo<\/a><\/strong><\/p>\n","protected":false},"excerpt":{"rendered":"<p>Curr\u00edculo do Curso (Vers\u00e3o gerada pelo DAE) Curr\u00edculo do Curso (Matriz curricular) Curr\u00edculo do curso (Vers\u00e3o gerada pelo DAE) Professores do Curso Ciclo de Palestras Coordena\u00e7\u00e3o Contato Caracteriza\u00e7\u00e3o e objetivos do Curso O Curso de Licenciatura Filosofia na modalidade a dist\u00e2ncia, proposto pela UFSC, em sua quarta edi\u00e7\u00e3o (ver Projeto Pedag\u00f3gico vigente desde a primeira [&hellip;]<\/p>\n","protected":false},"author":2,"featured_media":0,"parent":0,"menu_order":0,"comment_status":"closed","ping_status":"closed","template":"","meta":{"_et_pb_use_builder":"off","_et_pb_old_content":"","_et_gb_content_width":"","inline_featured_image":false,"footnotes":""},"class_list":["post-40","page","type-page","status-publish","hentry"],"_links":{"self":[{"href":"https:\/\/uab.ufsc.br\/ead\/filosofia\/wp-json\/wp\/v2\/pages\/40","targetHints":{"allow":["GET"]}}],"collection":[{"href":"https:\/\/uab.ufsc.br\/ead\/filosofia\/wp-json\/wp\/v2\/pages"}],"about":[{"href":"https:\/\/uab.ufsc.br\/ead\/filosofia\/wp-json\/wp\/v2\/types\/page"}],"author":[{"embeddable":true,"href":"https:\/\/uab.ufsc.br\/ead\/filosofia\/wp-json\/wp\/v2\/users\/2"}],"replies":[{"embeddable":true,"href":"https:\/\/uab.ufsc.br\/ead\/filosofia\/wp-json\/wp\/v2\/comments?post=40"}],"version-history":[{"count":24,"href":"https:\/\/uab.ufsc.br\/ead\/filosofia\/wp-json\/wp\/v2\/pages\/40\/revisions"}],"predecessor-version":[{"id":1358,"href":"https:\/\/uab.ufsc.br\/ead\/filosofia\/wp-json\/wp\/v2\/pages\/40\/revisions\/1358"}],"wp:attachment":[{"href":"https:\/\/uab.ufsc.br\/ead\/filosofia\/wp-json\/wp\/v2\/media?parent=40"}],"curies":[{"name":"wp","href":"https:\/\/api.w.org\/{rel}","templated":true}]}}