{"id":439,"date":"2023-08-08T16:53:05","date_gmt":"2023-08-08T19:53:05","guid":{"rendered":"http:\/\/uab.ufsc.br\/ead\/filosofia\/?page_id=439"},"modified":"2024-08-26T21:06:31","modified_gmt":"2024-08-27T00:06:31","slug":"orientacoes","status":"publish","type":"page","link":"https:\/\/uab.ufsc.br\/ead\/filosofia\/orientacoes\/","title":{"rendered":"Orienta\u00e7\u00f5es"},"content":{"rendered":"\n<figure class=\"wp-block-image size-large\"><img loading=\"lazy\" decoding=\"async\" width=\"1024\" height=\"237\" src=\"http:\/\/uab.ufsc.br\/ead\/filosofia\/wp-content\/uploads\/2023\/08\/filosofia.ead_.ufsc_-1024x237.png\" alt=\"\" class=\"wp-image-445\" srcset=\"http:\/\/uab.ufsc.br\/ead\/filosofia\/wp-content\/uploads\/2023\/08\/filosofia.ead_.ufsc_-1024x237.png 1024w, http:\/\/uab.ufsc.br\/ead\/filosofia\/wp-content\/uploads\/2023\/08\/filosofia.ead_.ufsc_-980x227.png 980w, http:\/\/uab.ufsc.br\/ead\/filosofia\/wp-content\/uploads\/2023\/08\/filosofia.ead_.ufsc_-480x111.png 480w\" sizes=\"auto, (min-width: 0px) and (max-width: 480px) 480px, (min-width: 481px) and (max-width: 980px) 980px, (min-width: 981px) 1024px, 100vw\" \/><\/figure>\n\n\n\n<p class=\"has-vivid-cyan-blue-color has-text-color\" style=\"font-size:15px\"><strong>Bem-vindo(a)s ao Curso de Filosofia, Licenciatura EaD\/UFSC!<\/strong><\/p>\n\n\n\n<p style=\"font-size:15px\">Aten\u00e7\u00e3o estudantes aprovados no processo Seletivo 2024. Para a realiza\u00e7\u00e3o da matr\u00edcula, sigam as instru\u00e7\u00f5es da  <a href=\"https:\/\/ead2024.ufsc.br\/files\/2024\/07\/Portaria-Conjunta-n%C2%B0-19-PROGRAD-PROAFE-EaD-original-firmado.pdf\">PORTARIA N\u00ba 019\/PROGRAD\/PROAFE\/UFSC, 10 DE JULHO DE 2024<\/a><\/p>\n\n\n\n<p style=\"font-size:15px\">Para fazer as matr\u00edculas acesse o sistema:<strong> <a href=\" https:\/\/cagr.sistemas.ufsc.br\/calouros\"> https:\/\/cagr.sistemas.ufsc.br\/calouros<\/a><\/strong><\/p>\n\n\n\n<p><\/p>\n\n\n\n<p class=\"has-vivid-cyan-blue-color has-text-color\" style=\"font-size:15px\"><strong>In\u00edcio das aulas<\/strong><\/p>\n\n\n\n<p style=\"font-size:15px\">O in\u00edcio das aulas. Ver <a href=\"http:\/\/uab.ufsc.br\/ead\/filosofia\/calendario-academico\/\">http:\/\/uab.ufsc.br\/ead\/filosofia\/calendario-academico<\/a><\/p>\n\n\n\n<p class=\"has-vivid-cyan-blue-color has-text-color\" style=\"font-size:15px\"><strong>Cadastro obrigat\u00f3rio<\/strong><\/p>\n\n\n\n<p style=\"font-size:15px\"><strong>ID UFSC\u2013 <\/strong>Acesse o site do <a href=\"https:\/\/id.ufsc.br\/\"><strong>ID UFSC<\/strong><\/a> [<a href=\"https:\/\/id.ufsc.br\/\"><strong>https:\/\/id.ufsc.br<\/strong><\/a>] e siga os procedimentos da p\u00e1gina para cadastrar seus dados para ter acesso a v\u00e1rios servi\u00e7os dispon\u00edveis, tais como webmail (e-mail obrigat\u00f3rio para alunos da UFSC), assinatura digital, acesso \u00e0 rede Wi-fi e VPN (Virtual Private Network).<\/p>\n\n\n\n<p><\/p>\n\n\n\n<p class=\"has-vivid-cyan-blue-color has-text-color has-link-color wp-elements-f2498321b3bdb828449053ca65d6cbb9\"><a href=\"http:\/\/uab.ufsc.br\/ead\/filosofia\/2023\/08\/guia-pratico-do-estudante-moodle\/\"><strong>Guia pr\u00e1tico de acesso ao MOODLE<\/strong><\/a><\/p>\n\n\n\n<p>Clique no link acima e saiba como se como se cadastrar no ambiente virtual de aprendizagem utilizado pelo curso.<\/p>\n\n\n\n<p><\/p>\n\n\n\n<p class=\"has-vivid-cyan-blue-color has-text-color\" style=\"font-size:15px\"><strong>Atestado de matr\u00edcula, Hist\u00f3rico escolar<\/strong><\/p>\n\n\n\n<p style=\"font-size:15px\">Acesse <strong>o <a href=\"https:\/\/www.cagr.ufsc.br\/\">CAGR<\/a> <\/strong>\u2013 Controle Acad\u00eamico de Gradua\u00e7\u00e3o, no site <a href=\"https:\/\/www.cagr.ufsc.br\/\"><strong>https:\/\/www.cagr.ufsc.br<\/strong><\/a>.<\/p>\n\n\n\n<p style=\"font-size:15px\">O primeiro <em>login <\/em>ser\u00e1 com o seu <em>n\u00famero de matr\u00edcula <\/em>ou CPF. Com o ingresso na UFSC voc\u00ea estar\u00e1 automaticamente matriculado nas disciplinas da primeira fase.<\/p>\n\n\n\n<p class=\"has-vivid-cyan-blue-color has-text-color\" style=\"font-size:15px\"><strong>Carteira de Estudante digital<\/strong><\/p>\n\n\n\n<p style=\"font-size:15px\">Acesso o site <strong><a href=\"https:\/\/www.documentodoestudante.com.br\/blog\/carteira-de-estudante-digital\/\">DNE<\/a><\/strong>.<\/p>\n\n\n\n<p style=\"font-size:15px\"><strong><a href=\"https:\/\/calouros.ufsc.br\/solicitar-carteirinha-ru\/\">Carteirinha de estudante UFSC<\/a><\/strong>. Para acesso ao Restaurante Universit\u00e1rio, etc.<\/p>\n\n\n\n<p><\/p>\n\n\n\n<p class=\"has-vivid-cyan-blue-color has-text-color has-link-color wp-elements-6589b06e280eb7bcc19335f3c66ad9ff\"><a href=\"http:\/\/portal.bu.ufsc.br\/servicos\/ead\/\"><strong>Biblioteca Universit\u00e1ria<\/strong><\/a><\/p>\n\n\n\n<p><\/p>\n\n\n\n<p class=\"has-medium-font-size\"><a href=\"http:\/\/uab.ufsc.br\/ead\/filosofia\/servicos-ufsc\/\">Outros servi\u00e7os UFSC<\/a><\/p>\n\n\n\n<p><\/p>\n","protected":false},"excerpt":{"rendered":"<p>Bem-vindo(a)s ao Curso de Filosofia, Licenciatura EaD\/UFSC! Aten\u00e7\u00e3o estudantes aprovados no processo Seletivo 2024. Para a realiza\u00e7\u00e3o da matr\u00edcula, sigam as instru\u00e7\u00f5es da PORTARIA N\u00ba 019\/PROGRAD\/PROAFE\/UFSC, 10 DE JULHO DE 2024 Para fazer as matr\u00edculas acesse o sistema: https:\/\/cagr.sistemas.ufsc.br\/calouros In\u00edcio das aulas O in\u00edcio das aulas. Ver http:\/\/uab.ufsc.br\/ead\/filosofia\/calendario-academico Cadastro obrigat\u00f3rio ID UFSC\u2013 Acesse o site [&hellip;]<\/p>\n","protected":false},"author":2,"featured_media":0,"parent":0,"menu_order":0,"comment_status":"closed","ping_status":"closed","template":"","meta":{"_et_pb_use_builder":"off","_et_pb_old_content":"<!-- wp:image {\"id\":445,\"sizeSlug\":\"large\",\"linkDestination\":\"none\"} -->\n<figure class=\"wp-block-image size-large\"><img src=\"http:\/\/uab.ufsc.br\/ead\/filosofia\/wp-content\/uploads\/2023\/08\/filosofia.ead_.ufsc_-1024x237.png\" alt=\"\" class=\"wp-image-445\"\/><\/figure>\n<!-- \/wp:image -->\n\n<!-- wp:paragraph {\"textColor\":\"vivid-cyan-blue\"} -->\n<p class=\"has-vivid-cyan-blue-color has-text-color\"><strong>Bem-vindo(a)s ao Curso de Filosofia, Licenciatura EaD\/UFSC!<\/strong><\/p>\n<!-- \/wp:paragraph -->\n\n<!-- wp:paragraph -->\n<p>Aten\u00e7\u00e3o estudantes aprovados no processo Seletivos 2023.2! Para a realiza\u00e7\u00e3o d matr\u00edcula, sigam as instru\u00e7\u00f5es da <a href=\"https:\/\/ead2023.ufsc.br\/files\/2023\/06\/PortariaMatricula-EaD2023.pdf\">Portaria N. \u00ba 23\/PROGRAD\/PROAFE\/UFS<\/a>C, 03 de julho de 2013.<\/p>\n<!-- \/wp:paragraph -->\n\n<!-- wp:paragraph -->\n<p>Para fazer as matr\u00edculas:<strong> Dever\u00e3o apresentar o comprovante de vacina\u00e7\u00e3o contra a covid-19 na etapa documental de matr\u00edcula juntamente com os demais documentos.<\/strong><\/p>\n<!-- \/wp:paragraph -->\n\n<!-- wp:paragraph {\"textColor\":\"vivid-cyan-blue\"} -->\n<p class=\"has-vivid-cyan-blue-color has-text-color\"><strong>In\u00edcio das aulas<\/strong><\/p>\n<!-- \/wp:paragraph -->\n\n<!-- wp:paragraph -->\n<p>O in\u00edcio das aulas ser\u00e1 divulgado neste site e\/ou no ambiente virtual do <a href=\"https:\/\/ead2.moodle.ufsc.br\/?\" target=\"_blank\" rel=\"noreferrer noopener\">Moodle<\/a>.<\/p>\n<!-- \/wp:paragraph -->\n\n<!-- wp:paragraph {\"textColor\":\"vivid-cyan-blue\"} -->\n<p class=\"has-vivid-cyan-blue-color has-text-color\"><strong>Cadastro obrigat\u00f3rio<\/strong><\/p>\n<!-- \/wp:paragraph -->\n\n<!-- wp:paragraph -->\n<p><strong>ID UFSC\u2013 <\/strong>Acesse o site do <a href=\"https:\/\/id.ufsc.br\/\"><strong>ID UFSC<\/strong><\/a> [<a href=\"https:\/\/id.ufsc.br\/\"><strong>https:\/\/id.ufsc.br<\/strong><\/a>] e siga os procedimentos da p\u00e1gina para cadastrar seus dados para ter acesso a v\u00e1rios servi\u00e7os dispon\u00edveis, tais como webmail (e-mail obrigat\u00f3rio para alunos da UFSC), assinatura digital, acesso \u00e0 rede Wi-fi e VPN (Virtual Private Network).<\/p>\n<!-- \/wp:paragraph -->\n\n<!-- wp:paragraph {\"textColor\":\"vivid-cyan-blue\"} -->\n<p class=\"has-vivid-cyan-blue-color has-text-color\"><strong>Atestado de matr\u00edcula, Hist\u00f3rico escolar<\/strong><\/p>\n<!-- \/wp:paragraph -->\n\n<!-- wp:paragraph -->\n<p>Acesse <strong>o <a href=\"https:\/\/www.cagr.ufsc.br\/\">CAGR<\/a> <\/strong>\u2013 Controle Acad\u00eamico de Gradua\u00e7\u00e3o, no site <a href=\"https:\/\/www.cagr.ufsc.br\/\">https:\/\/www.cagr.ufsc.br<\/a>.<\/p>\n<!-- \/wp:paragraph -->\n\n<!-- wp:paragraph -->\n<p>O primeiro <em>login <\/em>ser\u00e1 com o seu <em>n\u00famero de matr\u00edcula <\/em>ou CPF. Com o ingresso na UFSC voc\u00ea estar\u00e1 automaticamente matriculado nas disciplinas da primeira fase.<\/p>\n<!-- \/wp:paragraph -->\n\n<!-- wp:paragraph {\"textColor\":\"vivid-cyan-blue\"} -->\n<p class=\"has-vivid-cyan-blue-color has-text-color\"><strong>Carteira de Estudante digital<\/strong><\/p>\n<!-- \/wp:paragraph -->\n\n<!-- wp:paragraph -->\n<p>Acesso o site <a href=\"https:\/\/www.documentodoestudante.com.br\/blog\/carteira-de-estudante-digital\/\">DNE<\/a>.<\/p>\n<!-- \/wp:paragraph -->\n\n<!-- wp:paragraph -->\n<p><\/p>\n<!-- \/wp:paragraph -->","_et_gb_content_width":"","inline_featured_image":false,"footnotes":""},"class_list":["post-439","page","type-page","status-publish","hentry"],"_links":{"self":[{"href":"https:\/\/uab.ufsc.br\/ead\/filosofia\/wp-json\/wp\/v2\/pages\/439","targetHints":{"allow":["GET"]}}],"collection":[{"href":"https:\/\/uab.ufsc.br\/ead\/filosofia\/wp-json\/wp\/v2\/pages"}],"about":[{"href":"https:\/\/uab.ufsc.br\/ead\/filosofia\/wp-json\/wp\/v2\/types\/page"}],"author":[{"embeddable":true,"href":"https:\/\/uab.ufsc.br\/ead\/filosofia\/wp-json\/wp\/v2\/users\/2"}],"replies":[{"embeddable":true,"href":"https:\/\/uab.ufsc.br\/ead\/filosofia\/wp-json\/wp\/v2\/comments?post=439"}],"version-history":[{"count":17,"href":"https:\/\/uab.ufsc.br\/ead\/filosofia\/wp-json\/wp\/v2\/pages\/439\/revisions"}],"predecessor-version":[{"id":1107,"href":"https:\/\/uab.ufsc.br\/ead\/filosofia\/wp-json\/wp\/v2\/pages\/439\/revisions\/1107"}],"wp:attachment":[{"href":"https:\/\/uab.ufsc.br\/ead\/filosofia\/wp-json\/wp\/v2\/media?parent=439"}],"curies":[{"name":"wp","href":"https:\/\/api.w.org\/{rel}","templated":true}]}}