{"id":47,"date":"2023-07-24T17:23:15","date_gmt":"2023-07-24T20:23:15","guid":{"rendered":"http:\/\/uab.ufsc.br\/ead\/filosofia\/?page_id=47"},"modified":"2025-01-13T09:59:37","modified_gmt":"2025-01-13T12:59:37","slug":"polos","status":"publish","type":"page","link":"https:\/\/uab.ufsc.br\/ead\/filosofia\/polos\/","title":{"rendered":"Polos"},"content":{"rendered":"\n<div class=\"wp-block-media-text is-stacked-on-mobile\" style=\"grid-template-columns:29% auto\"><figure class=\"wp-block-media-text__media\"><img loading=\"lazy\" decoding=\"async\" width=\"500\" height=\"500\" src=\"http:\/\/uab.ufsc.br\/ead\/filosofia\/wp-content\/uploads\/2023\/09\/logo-polos.png\" alt=\"\" class=\"wp-image-764 size-full\" srcset=\"http:\/\/uab.ufsc.br\/ead\/filosofia\/wp-content\/uploads\/2023\/09\/logo-polos.png 500w, http:\/\/uab.ufsc.br\/ead\/filosofia\/wp-content\/uploads\/2023\/09\/logo-polos-480x480.png 480w\" sizes=\"auto, (min-width: 0px) and (max-width: 480px) 480px, (min-width: 481px) 500px, 100vw\" \/><\/figure><div class=\"wp-block-media-text__content\">\n<p><strong>A Quarta edi\u00e7\u00e3o do curso EaD \u00e9 oferecida em Polos UAB das seguintes cidades:<\/strong><\/p>\n<\/div><\/div>\n\n\n\n<p class=\"has-black-color has-text-color\" style=\"font-size:16px\"><\/p>\n\n\n\n<hr class=\"wp-block-separator has-alpha-channel-opacity is-style-wide\"\/>\n\n\n\n<p class=\"has-text-color has-medium-font-size\" style=\"color:#075380\"><strong>Crici\u00fama<\/strong><\/p>\n\n\n\n<p style=\"font-size:16px\"><strong>Endere\u00e7o:<\/strong> Rua da Rep\u00fablica. N\u00ba: 67 &#8211; Bairro: Comerci\u00e1rio &#8211; Complemento: Col\u00e9gio Est. Sebasti\u00e3o Toledo dos<br>Santos &#8211; Ala nova  <\/p>\n\n\n\n<p style=\"font-size:16px\"> CEP: 88802420 &#8211; Crici\u00fama-SC<\/p>\n\n\n\n<p style=\"font-size:16px\">Ver local no <a rel=\"noreferrer noopener\" href=\"https:\/\/goo.gl\/maps\/HVoCxcxkDtEjnxXd6\" target=\"_blank\"><strong>Google Maps<\/strong><\/a><\/p>\n\n\n\n<p class=\"has-black-color has-text-color\" style=\"font-size:16px\">E-mail: polouabcriciuma@hotmail.com <\/p>\n\n\n\n<p style=\"font-size:16px\">Telefone: 48 34781248<\/p>\n\n\n\n<p style=\"font-size:16px\">Coordenador: J\u00falio C\u00e9sar Viana  <\/p>\n\n\n\n<p style=\"font-size:16px\">E-mail:  julioufsc@hotmail.com<\/p>\n\n\n\n<p style=\"font-size:16px\">P\u00e1gina: <a href=\"https:\/\/www.facebook.com\/polouabcriciuma\">https:\/\/www.facebook.com\/polouabcriciuma<\/a> <\/p>\n\n\n\n<p class=\"has-black-color has-text-color\" style=\"font-size:16px\"><strong>Tutor presencial: Seiji Fujita<\/strong><\/p>\n\n\n\n<p><\/p>\n\n\n\n<hr class=\"wp-block-separator has-alpha-channel-opacity is-style-wide\"\/>\n\n\n\n<p><\/p>\n\n\n\n<p class=\"has-text-color has-medium-font-size\" style=\"color:#075380\"><strong>Indaial<\/strong><\/p>\n\n\n\n<p><strong>Escola B\u00e1sica Municipal Leopoldo Sim\u00e3o<\/strong><\/p>\n\n\n\n<p><strong>Avenida Brasil, n\u00ba2240 bairro Rio Morto, Indaial SC<\/strong><\/p>\n\n\n\n<p style=\"font-size:16px\">Ver local no <strong><a href=\"https:\/\/maps.app.goo.gl\/yjpNkUDQmcLakNRS9\">Google Maps<\/a><\/strong><\/p>\n\n\n\n<p class=\"has-black-color has-text-color\" style=\"font-size:16px\">E-mail: uabindaial@indaial.edu.sc.gov.br  <\/p>\n\n\n\n<p style=\"font-size:16px\"> Telefone: 47 33947233<\/p>\n\n\n\n<p style=\"font-size:16px\">Coordenadora: Andr\u00e9ia Ribeiro  <\/p>\n\n\n\n<p style=\"font-size:16px\">E-mail: cmindaial@yahoo.com.br <\/p>\n\n\n\n<p style=\"font-size:16px\">P\u00e1gina Instagram: <a href=\"https:\/\/www.instagram.com\/polouabindaial\">https:\/\/www.instagram.com\/polouabindaial<\/a><\/p>\n\n\n\n<p class=\"has-black-color has-text-color\" style=\"font-size:16px\"><\/p>\n\n\n\n<hr class=\"wp-block-separator has-alpha-channel-opacity is-style-wide\"\/>\n\n\n\n<p class=\"has-text-color has-medium-font-size\" style=\"color:#075380\"><strong>Joinville<\/strong><\/p>\n\n\n\n<p style=\"font-size:16px\"><strong>Endere\u00e7o:<\/strong> Rua Brigada Lopes, 153 &#8211; Bairro Gl\u00f3ria <\/p>\n\n\n\n<p style=\"font-size:16px\">CEP: 89216-68<\/p>\n\n\n\n<p style=\"font-size:16px\">Ver local no <a rel=\"noreferrer noopener\" href=\"https:\/\/goo.gl\/maps\/PxSNCX1iBsqppP7x8\" target=\"_blank\"><strong>Google Maps<\/strong><\/a><\/p>\n\n\n\n<p class=\"has-black-color has-text-color\" style=\"font-size:16px\">E-mail: polojoinville@joinville.sc.gov.br   <\/p>\n\n\n\n<p style=\"font-size:16px\"> Telefone: (47) 34452839<\/p>\n\n\n\n<p style=\"font-size:16px\">Coordenador: Manoel Lasta   <\/p>\n\n\n\n<p style=\"font-size:16px\">E-mail: manoel.lasta@gmail.com <\/p>\n\n\n\n<p style=\"font-size:16px\">P\u00e1gina: <a href=\"http:\/\/polouabjoinville.blogspot.com\/ \">http:\/\/polouabjoinville.blogspot.com\/ <\/a><\/p>\n\n\n\n<p class=\"has-black-color has-text-color\" style=\"font-size:16px\"><strong>Tutor presencial: <\/strong>Jeferson Junckes<\/p>\n\n\n\n<hr class=\"wp-block-separator has-alpha-channel-opacity is-style-wide\"\/>\n\n\n\n<p class=\"has-text-color has-medium-font-size\" style=\"color:#075380\"><strong>Lages<\/strong><\/p>\n\n\n\n<p style=\"font-size:16px\"><strong>Endere\u00e7o: <\/strong>Rua Independ\u00eancia, 245 &#8211; Bairro Getal<\/p>\n\n\n\n<p style=\"font-size:16px\">CEP: 88520-400<\/p>\n\n\n\n<p style=\"font-size:16px\">Ver local no <a rel=\"noreferrer noopener\" href=\"https:\/\/goo.gl\/maps\/EiKkcxqP5YrknRd67\" target=\"_blank\"><strong>Google Maps<\/strong><\/a><\/p>\n\n\n\n<p class=\"has-black-color has-text-color\" style=\"font-size:16px\">E-mail: pololgs@hotmail.com <\/p>\n\n\n\n<p style=\"font-size:16px\">Telefone: 49 30197185<\/p>\n\n\n\n<p style=\"font-size:16px\">Coordenadora: Carmen L\u00facia <\/p>\n\n\n\n<p class=\"has-black-color has-text-color\"><strong>Tutor presencial: Vanderlei Lemos Antunes<\/strong><\/p>\n\n\n\n<p style=\"font-size:16px\">P\u00e1gina: <a href=\"https:\/\/www.facebook.com\/polouablgs\">https:\/\/www.facebook.com\/polouablgs<\/a><\/p>\n\n\n\n<hr class=\"wp-block-separator has-alpha-channel-opacity is-style-wide\"\/>\n\n\n\n<p class=\"has-text-color has-medium-font-size\" style=\"color:#075380\"><strong>Videira<\/strong><\/p>\n\n\n\n<p style=\"font-size:16px\"><strong>Endere\u00e7o: <\/strong>Rua Saul Brandalise, 1656, Bairro Bairro Dois Pinheiros ( anexo a Escola EBM Prefeito paulo Penso)<br>Videira-SC. <\/p>\n\n\n\n<p style=\"font-size:16px\">CEP:  89562-184<\/p>\n\n\n\n<p style=\"font-size:16px\">Ver local no <a rel=\"noreferrer noopener\" href=\"https:\/\/goo.gl\/maps\/5FUfcNLrs9pGoy7d6\" target=\"_blank\"><strong>Google Maps<\/strong><\/a><\/p>\n\n\n\n<p class=\"has-black-color has-text-color\" style=\"font-size:16px\">E-mail: polovideira@gmail.com<\/p>\n\n\n\n<p style=\"font-size:16px\">Coordenadora: Adriana Maria de Oliveira Gaio  <\/p>\n\n\n\n<p style=\"font-size:16px\">E-mail:  adrianagaio@ymail.com <\/p>\n\n\n\n<p style=\"font-size:16px\">P\u00e1gina Instagram: <a href=\"https:\/\/www.instagram.com\/polouabvideira\">https:\/\/www.instagram.com\/polouabvideira<\/a><\/p>\n\n\n\n<p class=\"has-black-color has-text-color\" style=\"font-size:16px\"><strong>Tutor presencial:  Claudio Bertotto<\/strong><\/p>\n\n\n\n<hr class=\"wp-block-separator has-alpha-channel-opacity is-style-wide\"\/>\n","protected":false},"excerpt":{"rendered":"<p>A Quarta edi\u00e7\u00e3o do curso EaD \u00e9 oferecida em Polos UAB das seguintes cidades: Crici\u00fama Endere\u00e7o: Rua da Rep\u00fablica. N\u00ba: 67 &#8211; Bairro: Comerci\u00e1rio &#8211; Complemento: Col\u00e9gio Est. Sebasti\u00e3o Toledo dosSantos &#8211; Ala nova CEP: 88802420 &#8211; Crici\u00fama-SC Ver local no Google Maps E-mail: polouabcriciuma@hotmail.com Telefone: 48 34781248 Coordenador: J\u00falio C\u00e9sar Viana E-mail: julioufsc@hotmail.com P\u00e1gina: [&hellip;]<\/p>\n","protected":false},"author":2,"featured_media":0,"parent":0,"menu_order":0,"comment_status":"closed","ping_status":"closed","template":"","meta":{"_et_pb_use_builder":"off","_et_pb_old_content":"<!-- wp:paragraph -->\n<p><\/p>\n<!-- \/wp:paragraph -->\n\n<!-- wp:paragraph -->\n<p>A Quarta Edi\u00e7\u00e3o do curso EaD \u00e9 oferecida em Polos UAB das seguintes cidades:<\/p>\n<!-- \/wp:paragraph -->\n\n<!-- wp:paragraph {\"style\":{\"color\":{\"text\":\"#075380\"}},\"fontSize\":\"medium\"} -->\n<p class=\"has-text-color has-medium-font-size\" style=\"color:#075380\"><strong>Crici\u00fama<\/strong><\/p>\n<!-- \/wp:paragraph -->\n\n<!-- wp:paragraph -->\n<p><strong>Endere\u00e7o:<\/strong> Rua da Rep\u00fablica. N\u00ba: 67 - Bairro: Comerci\u00e1rio - Complemento: Col\u00e9gio Est. Sebasti\u00e3o Toledo dos<br>Santos - Ala nova  [ Ver no <a href=\"https:\/\/goo.gl\/maps\/HVoCxcxkDtEjnxXd6\" target=\"_blank\" rel=\"noreferrer noopener\"><strong>Google Maps<\/strong><\/a> ]<\/p>\n<!-- \/wp:paragraph -->\n\n<!-- wp:paragraph -->\n<p> CEP: 88802420 - Crici\u00fama-SC<\/p>\n<!-- \/wp:paragraph -->\n\n<!-- wp:paragraph -->\n<p>E-mail: polouabcriciuma@hotmail.com  |  Telefone: 48 34781248<\/p>\n<!-- \/wp:paragraph -->\n\n<!-- wp:paragraph -->\n<p>Coordenador: J\u00falio C\u00e9sar Viana  - E-mail:  julioufsc@hotmail.com<\/p>\n<!-- \/wp:paragraph -->\n\n<!-- wp:paragraph -->\n<p><\/p>\n<!-- \/wp:paragraph -->\n\n<!-- wp:paragraph {\"style\":{\"color\":{\"text\":\"#075380\"}},\"fontSize\":\"medium\"} -->\n<p class=\"has-text-color has-medium-font-size\" style=\"color:#075380\"><strong>Indaial<\/strong><\/p>\n<!-- \/wp:paragraph -->\n\n<!-- wp:paragraph -->\n<p><strong>Endere\u00e7o:<\/strong> Rua Marechal Floriano Peixoto, 49 - Centro, Indaial - SC [ Ver no <a href=\"https:\/\/goo.gl\/maps\/HR79nKFoC8CbufQi7\" target=\"_blank\" rel=\"noreferrer noopener\"><strong>Google Maps<\/strong><\/a> ]<\/p>\n<!-- \/wp:paragraph -->\n\n<!-- wp:paragraph -->\n<p>CEP: 89080-063<\/p>\n<!-- \/wp:paragraph -->\n\n<!-- wp:paragraph -->\n<p>E-mail: uabindaial@indaial.edu.sc.gov.br  |  Telefone: 47 33947233<\/p>\n<!-- \/wp:paragraph -->\n\n<!-- wp:paragraph -->\n<p>Coordenadora: Andr\u00e9ia Ribeiro  E-mail: cmindaial@yahoo.com.br <\/p>\n<!-- \/wp:paragraph -->\n\n<!-- wp:paragraph -->\n<p><\/p>\n<!-- \/wp:paragraph -->\n\n<!-- wp:paragraph {\"style\":{\"color\":{\"text\":\"#075380\"}},\"fontSize\":\"medium\"} -->\n<p class=\"has-text-color has-medium-font-size\" style=\"color:#075380\"><strong>Joinville<\/strong><\/p>\n<!-- \/wp:paragraph -->\n\n<!-- wp:paragraph -->\n<p><strong>Endere\u00e7o:<\/strong> Rua Brigada Lopes, 153 - Bairro Gl\u00f3ria [ Ver no <a href=\"https:\/\/goo.gl\/maps\/PxSNCX1iBsqppP7x8\" target=\"_blank\" rel=\"noreferrer noopener\"><strong>Google Maps<\/strong><\/a> ]<\/p>\n<!-- \/wp:paragraph -->\n\n<!-- wp:paragraph -->\n<p>CEP: 89216-68<\/p>\n<!-- \/wp:paragraph -->\n\n<!-- wp:paragraph -->\n<p>E-mail: polojoinville@joinville.sc.gov.br   |   Telefone: (47) 34452839<\/p>\n<!-- \/wp:paragraph -->\n\n<!-- wp:paragraph -->\n<p>Coordenador: Manoel Lasta   |  E-mail: manoel.lasta@gmail.com <\/p>\n<!-- \/wp:paragraph -->\n\n<!-- wp:paragraph -->\n<p><\/p>\n<!-- \/wp:paragraph -->\n\n<!-- wp:paragraph {\"style\":{\"color\":{\"text\":\"#075380\"}},\"fontSize\":\"medium\"} -->\n<p class=\"has-text-color has-medium-font-size\" style=\"color:#075380\"><strong>Lages<\/strong><\/p>\n<!-- \/wp:paragraph -->\n\n<!-- wp:paragraph -->\n<p><strong>Endere\u00e7o: <\/strong>Rua Independ\u00eancia, 245 - Bairro Getal [ Ver no <a href=\"https:\/\/goo.gl\/maps\/EiKkcxqP5YrknRd67\" target=\"_blank\" rel=\"noreferrer noopener\"><strong>Google Maps<\/strong><\/a> ]<\/p>\n<!-- \/wp:paragraph -->\n\n<!-- wp:paragraph -->\n<p>CEP: 88520-400<\/p>\n<!-- \/wp:paragraph -->\n\n<!-- wp:paragraph -->\n<p>E-mail: pololgs@hotmail.com <\/p>\n<!-- \/wp:paragraph -->\n\n<!-- wp:paragraph -->\n<p>Telefone: 49 30197185<\/p>\n<!-- \/wp:paragraph -->\n\n<!-- wp:paragraph -->\n<p>Coordenadora: Carmen L\u00facia <\/p>\n<!-- \/wp:paragraph -->\n\n<!-- wp:paragraph -->\n<p><\/p>\n<!-- \/wp:paragraph -->\n\n<!-- wp:paragraph {\"style\":{\"color\":{\"text\":\"#075380\"}},\"fontSize\":\"medium\"} -->\n<p class=\"has-text-color has-medium-font-size\" style=\"color:#075380\"><strong>Videira<\/strong><\/p>\n<!-- \/wp:paragraph -->\n\n<!-- wp:paragraph -->\n<p><strong>Endere\u00e7o: <\/strong>Rua Saul Brandalise, 1656, Bairro Bairro Dois Pinheiros ( anexo a Escola EBM Prefeito paulo Penso)<br>Videira-SC. [ Ver no <a href=\"https:\/\/goo.gl\/maps\/5FUfcNLrs9pGoy7d6\" target=\"_blank\" rel=\"noreferrer noopener\"><strong>Google Maps<\/strong><\/a> ]<\/p>\n<!-- \/wp:paragraph -->\n\n<!-- wp:paragraph -->\n<p>CEP:  89562-184<\/p>\n<!-- \/wp:paragraph -->\n\n<!-- wp:paragraph -->\n<p>E-mail: polovideira@gmail.com<\/p>\n<!-- \/wp:paragraph -->\n\n<!-- wp:paragraph -->\n<p>Coordenadora: Adriana Maria de Oliveira Gaio  |  E-mail:  adrianagaio@ymail.com <\/p>\n<!-- \/wp:paragraph -->\n\n<!-- wp:paragraph -->\n<p><\/p>\n<!-- \/wp:paragraph -->","_et_gb_content_width":"","inline_featured_image":false,"footnotes":""},"class_list":["post-47","page","type-page","status-publish","hentry"],"_links":{"self":[{"href":"https:\/\/uab.ufsc.br\/ead\/filosofia\/wp-json\/wp\/v2\/pages\/47","targetHints":{"allow":["GET"]}}],"collection":[{"href":"https:\/\/uab.ufsc.br\/ead\/filosofia\/wp-json\/wp\/v2\/pages"}],"about":[{"href":"https:\/\/uab.ufsc.br\/ead\/filosofia\/wp-json\/wp\/v2\/types\/page"}],"author":[{"embeddable":true,"href":"https:\/\/uab.ufsc.br\/ead\/filosofia\/wp-json\/wp\/v2\/users\/2"}],"replies":[{"embeddable":true,"href":"https:\/\/uab.ufsc.br\/ead\/filosofia\/wp-json\/wp\/v2\/comments?post=47"}],"version-history":[{"count":39,"href":"https:\/\/uab.ufsc.br\/ead\/filosofia\/wp-json\/wp\/v2\/pages\/47\/revisions"}],"predecessor-version":[{"id":1150,"href":"https:\/\/uab.ufsc.br\/ead\/filosofia\/wp-json\/wp\/v2\/pages\/47\/revisions\/1150"}],"wp:attachment":[{"href":"https:\/\/uab.ufsc.br\/ead\/filosofia\/wp-json\/wp\/v2\/media?parent=47"}],"curies":[{"name":"wp","href":"https:\/\/api.w.org\/{rel}","templated":true}]}}