{"id":49,"date":"2023-07-24T17:24:36","date_gmt":"2023-07-24T20:24:36","guid":{"rendered":"http:\/\/uab.ufsc.br\/ead\/filosofia\/?page_id=49"},"modified":"2026-03-27T16:59:06","modified_gmt":"2026-03-27T19:59:06","slug":"calendario-academico","status":"publish","type":"page","link":"https:\/\/uab.ufsc.br\/ead\/filosofia\/calendario-academico\/","title":{"rendered":"Calend\u00e1rio acad\u00eamico"},"content":{"rendered":"\n<p><\/p>\n\n\n\n<p class=\"has-medium-font-size\"><strong><a href=\"http:\/\/uab.ufsc.br\/ead\/filosofia\/wp-content\/uploads\/2026\/02\/Cronograma-2026.1-Sexta-Fase-Polos.pdf\">Calend\u00e1rio das atividades 2026.1 &#8211; Sexta Fase<\/a><\/strong><\/p>\n\n\n\n<p><\/p>\n\n\n\n<p class=\"has-vivid-purple-color has-text-color has-link-color has-medium-font-size wp-elements-fa933483159bf5e9e1203df3af379bb9\"><strong><a href=\"http:\/\/uab.ufsc.br\/ead\/filosofia\/wp-content\/uploads\/2026\/03\/Cronograma-2026.1-Quarta-Fase-Polos.pdf\">Calend\u00e1rio das atividades 2026.1 &#8211; Quarta Fase<\/a><\/strong><\/p>\n\n\n\n<p><\/p>\n\n\n\n<p class=\"has-vivid-cyan-blue-color has-text-color has-link-color has-medium-font-size wp-elements-a87041c1caac9f7c02c147096fc98d30\"><strong><a href=\"http:\/\/uab.ufsc.br\/ead\/filosofia\/wp-content\/uploads\/2025\/08\/Cronograma-2025.2-Quinta-Fase-Polos.pdf\">Calend\u00e1rio das atividades 2025.2 &#8211; Quinta Fase<\/a><\/strong><\/p>\n\n\n\n<p><\/p>\n\n\n\n<p class=\"has-vivid-purple-color has-text-color has-link-color has-medium-font-size wp-elements-aedaa2d7dc3b4bcefa3f80fd193d170f\"><strong><a href=\"http:\/\/uab.ufsc.br\/ead\/filosofia\/wp-content\/uploads\/2025\/08\/Cronograma-2025.2-Terceira-Fase-Polos.pdf\">Calend\u00e1rio das atividades 2025.2 &#8211; Terceira Fase<\/a><\/strong><\/p>\n\n\n\n<p><\/p>\n\n\n\n<p class=\"has-vivid-cyan-blue-color has-text-color has-link-color wp-elements-757076d2429379f31f227baae8717dad\" style=\"font-size:20px\"><strong><a href=\"http:\/\/uab.ufsc.br\/ead\/filosofia\/wp-content\/uploads\/2025\/03\/Cronograma-2025.1-Quarta-Fase-Polos.pdf\">Calend\u00e1rio das atividades 2025.1 &#8211; Quarta Fase<\/a><\/strong><\/p>\n\n\n\n<p><\/p>\n\n\n\n<p class=\"has-vivid-purple-color has-text-color has-link-color has-medium-font-size wp-elements-cb964fca6c733ba886e74e9459cf9d48\"><strong>C<a href=\"http:\/\/uab.ufsc.br\/ead\/filosofia\/wp-content\/uploads\/2025\/03\/Cronograma-2025.1-Segunda-Fase-Polos.pdf\">alend\u00e1rio das atividades 2025.1 &#8211; Segunda Fase<\/a><\/strong><\/p>\n\n\n\n<p><\/p>\n\n\n\n<p class=\"has-vivid-cyan-blue-color has-text-color has-link-color has-medium-font-size wp-elements-c63b68d2cf329b9857a53097c37a3fef\"><strong><a href=\"http:\/\/uab.ufsc.br\/ead\/filosofia\/wp-content\/uploads\/2024\/12\/Cronograma-2024.2-Terceira-Fase-Polos.pdf\">Calend\u00e1rio das atividades 2024.2 &#8211; Terceira Fase<\/a><\/strong><\/p>\n\n\n\n<p><\/p>\n\n\n\n<p><\/p>\n\n\n\n<p class=\"has-vivid-purple-color has-text-color has-link-color has-medium-font-size wp-elements-af5f95c2ee9b78034117694cc020883b\"><strong><a href=\"http:\/\/uab.ufsc.br\/ead\/filosofia\/wp-content\/uploads\/2024\/12\/Cronograma-2024.2-Primeira-Fase-Polos.pdf\">Calend\u00e1rio das atividades 2024.2 &#8211; Primeira Fase<\/a><\/strong><\/p>\n\n\n\n<p style=\"font-size:16px\"><\/p>\n\n\n\n<p><\/p>\n\n\n\n<p class=\"has-vivid-cyan-blue-color has-text-color has-link-color has-medium-font-size wp-elements-d07a701494512b42ed6bda18cc661ad5\"><strong><a href=\"http:\/\/uab.ufsc.br\/ead\/filosofia\/wp-content\/uploads\/2024\/06\/Cronograma-2024.1-Polos.pdf\">Calend\u00e1rio das atividades 2024.1<\/a> &#8211; Segunda Fase<\/strong><\/p>\n\n\n\n<p><\/p>\n\n\n\n<p class=\"has-cyan-bluish-gray-color has-text-color has-link-color has-medium-font-size wp-elements-5c721e6037332215c1ca70e73f881fc1\"><a href=\"http:\/\/uab.ufsc.br\/ead\/filosofia\/wp-content\/uploads\/2024\/03\/Cronograma-2024.1-Historia-da-Filosofia-I.pdf\"><strong>Calend\u00e1rio da disciplina de Hist\u00f3ria da Filosofia I<\/strong><\/a><\/p>\n\n\n\n<p><\/p>\n\n\n\n<p class=\"has-vivid-cyan-blue-color has-text-color has-link-color wp-elements-ab8b322d4c1d5f2c5f39451b53847c72\" style=\"font-size:20px\"><strong><a href=\"http:\/\/uab.ufsc.br\/ead\/filosofia\/wp-content\/uploads\/2023\/09\/Cronograma-2023.2-Aulas-sincronas-e-presenciais.pdf\">Calend\u00e1rio das atividades 2023.2<\/a> &#8211; Primeira Fase<\/strong><\/p>\n\n\n\n\n\n<p class=\"has-vivid-purple-color has-text-color has-link-color has-medium-font-size wp-elements-50a96df5078fead5b251d15ee673af16\"><a href=\"https:\/\/uab.ufsc.br\/ead\/filosofia\/ciclo-de-palestras-tematicas\/\"><strong>Ciclo de Palestras Tem\u00e1ticas<\/strong><\/a><\/p>\n\n\n\n<p class=\"has-vivid-red-color has-text-color\"><\/p>\n\n\n","protected":false},"excerpt":{"rendered":"<p>Calend\u00e1rio das atividades 2026.1 &#8211; Sexta Fase Calend\u00e1rio das atividades 2026.1 &#8211; Quarta Fase Calend\u00e1rio das atividades 2025.2 &#8211; Quinta Fase Calend\u00e1rio das atividades 2025.2 &#8211; Terceira Fase Calend\u00e1rio das atividades 2025.1 &#8211; Quarta Fase Calend\u00e1rio das atividades 2025.1 &#8211; Segunda Fase Calend\u00e1rio das atividades 2024.2 &#8211; Terceira Fase Calend\u00e1rio das atividades 2024.2 &#8211; Primeira [&hellip;]<\/p>\n","protected":false},"author":2,"featured_media":0,"parent":0,"menu_order":0,"comment_status":"closed","ping_status":"closed","template":"","meta":{"_et_pb_use_builder":"off","_et_pb_old_content":"","_et_gb_content_width":"","inline_featured_image":false,"footnotes":""},"class_list":["post-49","page","type-page","status-publish","hentry"],"_links":{"self":[{"href":"https:\/\/uab.ufsc.br\/ead\/filosofia\/wp-json\/wp\/v2\/pages\/49","targetHints":{"allow":["GET"]}}],"collection":[{"href":"https:\/\/uab.ufsc.br\/ead\/filosofia\/wp-json\/wp\/v2\/pages"}],"about":[{"href":"https:\/\/uab.ufsc.br\/ead\/filosofia\/wp-json\/wp\/v2\/types\/page"}],"author":[{"embeddable":true,"href":"https:\/\/uab.ufsc.br\/ead\/filosofia\/wp-json\/wp\/v2\/users\/2"}],"replies":[{"embeddable":true,"href":"https:\/\/uab.ufsc.br\/ead\/filosofia\/wp-json\/wp\/v2\/comments?post=49"}],"version-history":[{"count":54,"href":"https:\/\/uab.ufsc.br\/ead\/filosofia\/wp-json\/wp\/v2\/pages\/49\/revisions"}],"predecessor-version":[{"id":1616,"href":"https:\/\/uab.ufsc.br\/ead\/filosofia\/wp-json\/wp\/v2\/pages\/49\/revisions\/1616"}],"wp:attachment":[{"href":"https:\/\/uab.ufsc.br\/ead\/filosofia\/wp-json\/wp\/v2\/media?parent=49"}],"curies":[{"name":"wp","href":"https:\/\/api.w.org\/{rel}","templated":true}]}}