{"id":628,"date":"2023-08-12T21:46:32","date_gmt":"2023-08-13T00:46:32","guid":{"rendered":"http:\/\/uab.ufsc.br\/ead\/filosofia\/?page_id=628"},"modified":"2023-08-12T21:47:15","modified_gmt":"2023-08-13T00:47:15","slug":"historico-do-curso","status":"publish","type":"page","link":"https:\/\/uab.ufsc.br\/ead\/filosofia\/historico-do-curso\/","title":{"rendered":"Hist\u00f3rico do Curso"},"content":{"rendered":"\n<p><\/p>\n\n\n\n<p style=\"font-size:15px\"><strong>Breve hist\u00f3rico do Curso de Filosofia EaD<\/strong><\/p>\n\n\n\n<p style=\"font-size:15px\">O curso de Licenciatura em Filosofia, na modalidade a dist\u00e2ncia, ofertado pelo Departamento de Filosofia da Universidade Federal de Santa Catarina, teve sua solicita\u00e7\u00e3o formal de cria\u00e7\u00e3o instaurada por meio do processo administrativo n\u00ba 23080.010162\/2006-11, de 13\/04\/2006, em atendimento ao Edital n\u00ba 1\/2005\/MEC\/UAB, com a apresenta\u00e7\u00e3o do Projeto Pedag\u00f3gico do Curso em todas as inst\u00e2ncias administrativas competentes e aprovado pela Resolu\u00e7\u00e3o n.<sup>o <\/sup>005\/CEG\/2007, com matriz curricular (2007\/2), aprovada pela Portaria n\u00ba 247\/PREG\/UFSC.<\/p>\n\n\n\n<p style=\"font-size:15px\">A primeira edi\u00e7\u00e3o do curso teve in\u00edcio no segundo semestre de 2008 e foi ofertada nos polos de apoio presencial de Ibaiti\/PR, Pato Branco\/PR e Videira\/SC, tendo sido oferecidas 200 (duzentas) vagas, assim distribu\u00eddas: Ibaiti (50), Pato Branco (100) e Videira (50).<\/p>\n\n\n\n<p style=\"font-size:15px\">Ao final da primeira edi\u00e7\u00e3o, colaram grau um total de 50 (cinquenta) estudantes, sendo 24 (vinte e quatro) estudantes no polo de Pato Branco, 08 (oito) no polo de Ibaiti e 18 (dezoito) no polo de Videira, com evas\u00e3o menor do que a registrada normalmente no Curso de Filosofia na modalidade presencial, oferecido pela UFSC.<\/p>\n\n\n\n<p style=\"font-size:15px\">Para a segunda edi\u00e7\u00e3o, foi solicitado um remanejamento de disciplinas na matriz curricular por meio do processo administrativo n\u00ba 23080.045052\/2011-29, de 17\/11\/2011, o qual foi efetivado pela Portaria n\u00ba 92\/PREG\/2012, que entrou em vigor no segundo semestre de 2012.<\/p>\n\n\n\n<p style=\"font-size:15px\">Em junho de 2012, o MEC, atrav\u00e9s de uma Comiss\u00e3o de Avalia\u00e7\u00e3o, esteve no <em>campus<\/em> da UFSC em Florian\u00f3polis e no polo de Pato Branco avaliando o curso, para fins de reconhecimento, tendo o mesmo obtido conceito 4,0 (quatro) quanto ao <em>campus<\/em> da UFSC e conceito 5,0 (cinco) quanto ao polo de Pato Branco.<\/p>\n\n\n\n<p style=\"font-size:15px\">No segundo semestre de 2012, o curso iniciou a segunda edi\u00e7\u00e3o, ofertada em cinco polos de apoio presencial no Estado de Santa Catarina, a saber: Blumenau, Indaial, S\u00e3o Jos\u00e9, Treze T\u00edlias e Tubar\u00e3o.<\/p>\n\n\n\n<p style=\"font-size:15px\">Foram ofertadas 40 (quarenta) vagas em cada polo para os candidatos inscritos no Plano Nacional de Forma\u00e7\u00e3o de Professores da Educa\u00e7\u00e3o B\u00e1sica \u2013 PARFOR \u2013 Plataforma Paulo Freire. Em alguns polos o n\u00famero inicial de inscritos no PARFOR era superior ao n\u00famero de vagas aberto. No entanto, ap\u00f3s o lan\u00e7amento do Edital de Convoca\u00e7\u00e3o de tais candidatos, a procura foi pequena, raz\u00e3o pela qual foi realizado um Edital de Reconvoca\u00e7\u00e3o, conforme processos administrativos n\u00ba 23080.059113\/2012-16, de 03\/12\/2012 e n\u00ba 23080.007265\/2013-14, de 27\/02\/2013.<\/p>\n\n\n\n<p style=\"font-size:15px\">Ao final da segunda edi\u00e7\u00e3o, colaram grau um total de 35 (trinta e cinco) estudantes, sendo 15 (quinze) estudantes no polo de Blumenau, 04 (quatro) no polo de Indaial, 03 (tr\u00eas) no polo de S\u00e3o Jos\u00e9, 09 (nove) no polo de Treze T\u00edlias e 4 (quatro) no polo de Tubar\u00e3o.<\/p>\n\n\n\n<p style=\"font-size:15px\">Por meio do processo n\u00ba 23080.049037\/2014-01, de 10\/09\/2014, foi proposta a terceira edi\u00e7\u00e3o do curso, com o mesmo Projeto Pedag\u00f3gico do Curso em vigor desde a primeira edi\u00e7\u00e3o, complementado por algumas atualiza\u00e7\u00f5es sobre corpo docente, cronograma de execu\u00e7\u00e3o e matriz curricular.<\/p>\n\n\n\n<p style=\"font-size:15px\">A proposta de reedi\u00e7\u00e3o foi aprovada pela Resolu\u00e7\u00e3o n\u00ba 08\/2015\/CGRAD, e a nova matriz curricular, em vigor desde 2017\/1, pelas Portarias n\u00ba 222\/2017\/PROGRAD, n\u00ba 532\/2017\/PROGRAD e n\u00ba 600\/2017\/PROGRAD.<\/p>\n\n\n\n<p style=\"font-size:15px\">A terceira edi\u00e7\u00e3o do curso teve in\u00edcio em no primeiro semestre de 2017 e foi ofertada em quatro polos de apoio presencial no Estado de Santa Catarina: Ararangu\u00e1, Crici\u00fama, Itaja\u00ed e Joinville, tendo sido oferecidas 200 (duzentas) vagas, assim distribu\u00eddas: Ararangu\u00e1 (40), Crici\u00fama (50), Itaja\u00ed (50) e Joinville (60). Por meio de Edital de Retorno e Transfer\u00eancias (Edital n\u00ba 14\/GD\/DAE\/PROGRAD\/2018), foram admitidos mais 04 (quatro) estudantes, provenientes de edi\u00e7\u00f5es anteriores.<\/p>\n\n\n\n<p style=\"font-size:15px\">Destes, colaram grau, 52 (cinquenta e dois) estudantes, assim distribu\u00eddos: 08 (oito) estudantes no polo de Ararangu\u00e1, 11 (onze) no polo de Crici\u00fama, 11 (onze) no polo de Itaja\u00ed e 22 (vinte e dois) no Polo de Joinville.<\/p>\n\n\n\n<p style=\"font-size:15px\">A terceira foi a edi\u00e7\u00e3o mais bem-sucedida quanto ao n\u00famero de concluintes. No ENADE realizado em 2021, com a participa\u00e7\u00e3o de 13 (treze) concluintes, o curso obteve nota 4.<\/p>\n","protected":false},"excerpt":{"rendered":"<p>Breve hist\u00f3rico do Curso de Filosofia EaD O curso de Licenciatura em Filosofia, na modalidade a dist\u00e2ncia, ofertado pelo Departamento de Filosofia da Universidade Federal de Santa Catarina, teve sua solicita\u00e7\u00e3o formal de cria\u00e7\u00e3o instaurada por meio do processo administrativo n\u00ba 23080.010162\/2006-11, de 13\/04\/2006, em atendimento ao Edital n\u00ba 1\/2005\/MEC\/UAB, com a apresenta\u00e7\u00e3o do Projeto [&hellip;]<\/p>\n","protected":false},"author":2,"featured_media":0,"parent":0,"menu_order":0,"comment_status":"closed","ping_status":"closed","template":"","meta":{"_et_pb_use_builder":"off","_et_pb_old_content":"","_et_gb_content_width":"","inline_featured_image":false,"footnotes":""},"class_list":["post-628","page","type-page","status-publish","hentry"],"_links":{"self":[{"href":"https:\/\/uab.ufsc.br\/ead\/filosofia\/wp-json\/wp\/v2\/pages\/628","targetHints":{"allow":["GET"]}}],"collection":[{"href":"https:\/\/uab.ufsc.br\/ead\/filosofia\/wp-json\/wp\/v2\/pages"}],"about":[{"href":"https:\/\/uab.ufsc.br\/ead\/filosofia\/wp-json\/wp\/v2\/types\/page"}],"author":[{"embeddable":true,"href":"https:\/\/uab.ufsc.br\/ead\/filosofia\/wp-json\/wp\/v2\/users\/2"}],"replies":[{"embeddable":true,"href":"https:\/\/uab.ufsc.br\/ead\/filosofia\/wp-json\/wp\/v2\/comments?post=628"}],"version-history":[{"count":1,"href":"https:\/\/uab.ufsc.br\/ead\/filosofia\/wp-json\/wp\/v2\/pages\/628\/revisions"}],"predecessor-version":[{"id":629,"href":"https:\/\/uab.ufsc.br\/ead\/filosofia\/wp-json\/wp\/v2\/pages\/628\/revisions\/629"}],"wp:attachment":[{"href":"https:\/\/uab.ufsc.br\/ead\/filosofia\/wp-json\/wp\/v2\/media?parent=628"}],"curies":[{"name":"wp","href":"https:\/\/api.w.org\/{rel}","templated":true}]}}