{"id":354,"date":"2023-08-05T22:08:16","date_gmt":"2023-08-06T01:08:16","guid":{"rendered":"https:\/\/uab.ufsc.br\/ead\/historia\/?page_id=354"},"modified":"2025-03-25T14:08:19","modified_gmt":"2025-03-25T17:08:19","slug":"professores","status":"publish","type":"page","link":"https:\/\/uab.ufsc.br\/ead\/historia\/professores\/","title":{"rendered":"Professores do curso"},"content":{"rendered":"\n<p class=\"has-medium-font-size\"><\/p>\n\n\n\n<p class=\"has-vivid-cyan-blue-color has-text-color has-medium-font-size\"><strong>Primeiro Semestre (2025.1)<\/strong><\/p>\n\n\n\n<p><\/p>\n\n\n\n<p class=\"has-medium-font-size\">HST 9011 \u2013 <strong>Introdu\u00e7\u00e3o aos Estudos Hist\u00f3ricos<\/strong><\/p>\n\n\n\n<p class=\"has-medium-font-size\">Profa. <a href=\"https:\/\/www.escavador.com\/sobre\/9870113\/michelle-maria-stakonski-cechinel\">Michelle Maria Stakonski Cechinel<\/a><\/p>\n\n\n\n<p class=\"has-medium-font-size\"><\/p>\n\n\n\n<p class=\"has-medium-font-size\">HST 9012 \u2013 <strong>Hist\u00f3ria do Oriente Antigo <\/strong><\/p>\n\n\n\n<p class=\"has-medium-font-size\">Prof. <a href=\"https:\/\/www.escavador.com\/sobre\/5344019\/fabio-augusto-morales-soares\">F\u00e1bio Augusto Morales Soares<\/a><\/p>\n\n\n\n<p class=\"has-medium-font-size\"><\/p>\n\n\n\n<p class=\"has-medium-font-size\">HST 9013 \u2013 <strong>Hist\u00f3ria Ind\u00edgena <\/strong><\/p>\n\n\n\n<p class=\"has-medium-font-size\">Prof. <a href=\"https:\/\/www.escavador.com\/sobre\/197410677\/bruno-da-fonseca-miranda\">Bruno da Fonseca Miranda<\/a><\/p>\n\n\n\n<p class=\"has-medium-font-size\"><\/p>\n\n\n\n<p class=\"has-medium-font-size\">HST 9014 \u2013 <strong>\u00a0Teorias da Educa\u00e7\u00e3o e Ensino de Hist\u00f3ria <\/strong><\/p>\n\n\n\n<p class=\"has-medium-font-size\">Prof. <a href=\"https:\/\/www.escavador.com\/sobre\/7433074\/alexsandro-de-sousa-e-silva\">Alexsandro de Sousa e Silva<\/a><\/p>\n\n\n\n<p class=\"has-medium-font-size\"><\/p>\n\n\n\n<p class=\"has-medium-font-size\">HST 9015 \u2013 <strong>Laborat\u00f3rio de Ensino de Hist\u00f3ria I <\/strong><\/p>\n\n\n\n<p class=\"has-medium-font-size\">Profa. <a href=\"https:\/\/www.escavador.com\/sobre\/6220848\/carolina-de-moraes-souza\">Carolina de Moraes Souza<\/a><\/p>\n","protected":false},"excerpt":{"rendered":"<p>Primeiro Semestre (2025.1) HST 9011 \u2013 Introdu\u00e7\u00e3o aos Estudos Hist\u00f3ricos Profa. Michelle Maria Stakonski Cechinel HST 9012 \u2013 Hist\u00f3ria do Oriente Antigo Prof. F\u00e1bio Augusto Morales Soares HST 9013 \u2013 Hist\u00f3ria Ind\u00edgena Prof. Bruno da Fonseca Miranda HST 9014 \u2013 \u00a0Teorias da Educa\u00e7\u00e3o e Ensino de Hist\u00f3ria Prof. Alexsandro de Sousa e Silva HST 9015 [&hellip;]<\/p>\n","protected":false},"author":1,"featured_media":0,"parent":0,"menu_order":0,"comment_status":"closed","ping_status":"closed","template":"","meta":{"_et_pb_use_builder":"off","_et_pb_old_content":"","_et_gb_content_width":"","inline_featured_image":false,"footnotes":""},"class_list":["post-354","page","type-page","status-publish","hentry"],"_links":{"self":[{"href":"https:\/\/uab.ufsc.br\/ead\/historia\/wp-json\/wp\/v2\/pages\/354","targetHints":{"allow":["GET"]}}],"collection":[{"href":"https:\/\/uab.ufsc.br\/ead\/historia\/wp-json\/wp\/v2\/pages"}],"about":[{"href":"https:\/\/uab.ufsc.br\/ead\/historia\/wp-json\/wp\/v2\/types\/page"}],"author":[{"embeddable":true,"href":"https:\/\/uab.ufsc.br\/ead\/historia\/wp-json\/wp\/v2\/users\/1"}],"replies":[{"embeddable":true,"href":"https:\/\/uab.ufsc.br\/ead\/historia\/wp-json\/wp\/v2\/comments?post=354"}],"version-history":[{"count":10,"href":"https:\/\/uab.ufsc.br\/ead\/historia\/wp-json\/wp\/v2\/pages\/354\/revisions"}],"predecessor-version":[{"id":621,"href":"https:\/\/uab.ufsc.br\/ead\/historia\/wp-json\/wp\/v2\/pages\/354\/revisions\/621"}],"wp:attachment":[{"href":"https:\/\/uab.ufsc.br\/ead\/historia\/wp-json\/wp\/v2\/media?parent=354"}],"curies":[{"name":"wp","href":"https:\/\/api.w.org\/{rel}","templated":true}]}}