{"id":43,"date":"2023-07-24T17:22:43","date_gmt":"2023-07-24T20:22:43","guid":{"rendered":"https:\/\/uab.ufsc.br\/ead\/historia\/?page_id=43"},"modified":"2025-03-25T13:02:35","modified_gmt":"2025-03-25T16:02:35","slug":"coordenacao","status":"publish","type":"page","link":"https:\/\/uab.ufsc.br\/ead\/historia\/coordenacao\/","title":{"rendered":"Coordena\u00e7\u00e3o"},"content":{"rendered":"\n<p><\/p>\n\n\n\n<p class=\"has-text-color has-small-font-size\" style=\"color:#075380\"><strong>Coordenador do Curso<\/strong>: Prof. <a href=\"https:\/\/www.escavador.com\/sobre\/891051\/tiago-kramer-de-oliveira\">Tiago Kramer de Oliveira<\/a> <\/p>\n\n\n\n<p class=\"has-text-color has-small-font-size\" style=\"color:#075380\"><strong>Assistentes pedag\u00f3gicos: <\/strong>Prof. <a href=\"https:\/\/www.escavador.com\/sobre\/4724597\/waldomiro-lourenco-da-silva-junior\">Waldomiro Louren\u00e7o da Silva J\u00fanior <\/a>e Profa. <a href=\"https:\/\/www.escavador.com\/sobre\/6723612\/jaqueline-aparecida-martins-zarbato-schmitt\">Jaqueline Aparecida Martins Zarbato<\/a><\/p>\n","protected":false},"excerpt":{"rendered":"<p>Coordenador do Curso: Prof. Tiago Kramer de Oliveira Assistentes pedag\u00f3gicos: Prof. Waldomiro Louren\u00e7o da Silva J\u00fanior e Profa. Jaqueline Aparecida Martins Zarbato<\/p>\n","protected":false},"author":1,"featured_media":0,"parent":0,"menu_order":0,"comment_status":"closed","ping_status":"closed","template":"","meta":{"_et_pb_use_builder":"off","_et_pb_old_content":"<!-- wp:paragraph -->\n<p><\/p>\n<!-- \/wp:paragraph -->\n\n<!-- wp:paragraph {\"style\":{\"color\":{\"text\":\"#075380\"}},\"fontSize\":\"medium\"} -->\n<p class=\"has-text-color has-medium-font-size\" style=\"color:#075380\"><strong>Coordenador do Curso <\/strong><\/p>\n<!-- \/wp:paragraph -->\n\n<!-- wp:paragraph -->\n<p><strong>Prof. <a href=\"https:\/\/fil.cfh.ufsc.br\/jaimir-conte\/\">Jaimir Conte<\/a><\/strong><\/p>\n<!-- \/wp:paragraph -->\n\n<!-- wp:paragraph {\"style\":{\"color\":{\"text\":\"#075380\"}},\"fontSize\":\"medium\"} -->\n<p class=\"has-text-color has-medium-font-size\" style=\"color:#075380\">Subcoordenador<a href=\"https:\/\/fil.cfh.ufsc.br\/denilson-luis-werle\/\"><\/a><\/p>\n<!-- \/wp:paragraph -->\n\n<!-- wp:paragraph -->\n<p><strong>Prof. <a href=\"https:\/\/fil.cfh.ufsc.br\/denilson-luis-werle\/\">Denilson Lu\u00eds Werle<\/a><\/strong><\/p>\n<!-- \/wp:paragraph -->\n\n<!-- wp:image {\"id\":279,\"sizeSlug\":\"full\",\"linkDestination\":\"none\",\"className\":\"is-style-default\"} -->\n<figure class=\"wp-block-image size-full is-style-default\"><img src=\"http:\/\/uab.ufsc.br\/ead\/historia\/wp-content\/uploads\/2023\/08\/j.conte_.jpg\" alt=\"\" class=\"wp-image-279\"\/><\/figure>\n<!-- \/wp:image -->\n\n<!-- wp:paragraph -->\n<p><\/p>\n<!-- \/wp:paragraph -->","_et_gb_content_width":"","inline_featured_image":false,"footnotes":""},"class_list":["post-43","page","type-page","status-publish","hentry"],"_links":{"self":[{"href":"https:\/\/uab.ufsc.br\/ead\/historia\/wp-json\/wp\/v2\/pages\/43","targetHints":{"allow":["GET"]}}],"collection":[{"href":"https:\/\/uab.ufsc.br\/ead\/historia\/wp-json\/wp\/v2\/pages"}],"about":[{"href":"https:\/\/uab.ufsc.br\/ead\/historia\/wp-json\/wp\/v2\/types\/page"}],"author":[{"embeddable":true,"href":"https:\/\/uab.ufsc.br\/ead\/historia\/wp-json\/wp\/v2\/users\/1"}],"replies":[{"embeddable":true,"href":"https:\/\/uab.ufsc.br\/ead\/historia\/wp-json\/wp\/v2\/comments?post=43"}],"version-history":[{"count":15,"href":"https:\/\/uab.ufsc.br\/ead\/historia\/wp-json\/wp\/v2\/pages\/43\/revisions"}],"predecessor-version":[{"id":616,"href":"https:\/\/uab.ufsc.br\/ead\/historia\/wp-json\/wp\/v2\/pages\/43\/revisions\/616"}],"wp:attachment":[{"href":"https:\/\/uab.ufsc.br\/ead\/historia\/wp-json\/wp\/v2\/media?parent=43"}],"curies":[{"name":"wp","href":"https:\/\/api.w.org\/{rel}","templated":true}]}}