{"id":439,"date":"2023-08-08T16:53:05","date_gmt":"2023-08-08T19:53:05","guid":{"rendered":"https:\/\/uab.ufsc.br\/ead\/historia\/?page_id=439"},"modified":"2025-05-07T13:21:48","modified_gmt":"2025-05-07T16:21:48","slug":"boas-vindas","status":"publish","type":"page","link":"https:\/\/uab.ufsc.br\/ead\/historia\/boas-vindas\/","title":{"rendered":"Boas-vindas!"},"content":{"rendered":"[et_pb_section fb_built=&#8221;1&#8243; admin_label=&#8221;section&#8221; _builder_version=&#8221;4.21.2&#8243; global_colors_info=&#8221;{}&#8221; theme_builder_area=&#8221;post_content&#8221;][et_pb_row admin_label=&#8221;row&#8221; _builder_version=&#8221;4.16&#8243; background_size=&#8221;initial&#8221; background_position=&#8221;top_left&#8221; background_repeat=&#8221;repeat&#8221; global_colors_info=&#8221;{}&#8221; theme_builder_area=&#8221;post_content&#8221;][et_pb_column type=&#8221;4_4&#8243; _builder_version=&#8221;4.16&#8243; custom_padding=&#8221;|||&#8221; global_colors_info=&#8221;{}&#8221; custom_padding__hover=&#8221;|||&#8221; theme_builder_area=&#8221;post_content&#8221;][et_pb_text admin_label=&#8221;Text&#8221; _builder_version=&#8221;4.16&#8243; background_size=&#8221;initial&#8221; background_position=&#8221;top_left&#8221; background_repeat=&#8221;repeat&#8221; global_colors_info=&#8221;{}&#8221; theme_builder_area=&#8221;post_content&#8221;]<p style=\"text-align: center;\"><strong style=\"font-size: 14px; color: var(--wp--preset--color--vivid-cyan-blue);\">Bem-vindo(a) ao Curso de Licenciatura em Hist\u00f3ria EaD UFSC\/UAB!<\/strong><\/p>\n<p><!-- \/wp:post-content --><\/p>\n<p><!-- \/wp:paragraph --><\/p>\n<p><!-- wp:paragraph {\"textColor\":\"vivid-cyan-blue\"} --><\/p>\n<p class=\"has-vivid-cyan-blue-color has-text-color\"><span style=\"color: #000000;\"><strong>In\u00edcio das aulas<\/strong><\/span><!-- \/wp:paragraph --><!-- wp:paragraph --><\/p>\n<p>O in\u00edcio das aulas ser\u00e1 divulgado neste site e\/ou no ambiente virtual do <a href=\"https:\/\/ead2.moodle.ufsc.br\/?\" target=\"_blank\" rel=\"noreferrer noopener\">Moodle<\/a>.<\/p>\n<p><!-- \/wp:paragraph --><\/p>\n<p><!-- wp:paragraph {\"textColor\":\"vivid-cyan-blue\"} --><\/p>\n<p class=\"has-vivid-cyan-blue-color has-text-color\"><span style=\"color: #000000;\"><strong>Cadastro obrigat\u00f3rio<\/strong><\/span><!-- \/wp:paragraph --><!-- wp:paragraph --><\/p>\n<p><strong>ID UFSC\u2013 <\/strong>Acesse o site do <a href=\"https:\/\/id.ufsc.br\/\"><strong>ID UFSC<\/strong><\/a> [<a href=\"https:\/\/id.ufsc.br\/\"><strong>https:\/\/id.ufsc.br<\/strong><\/a>] e siga os procedimentos da p\u00e1gina para cadastrar seus dados para ter acesso a v\u00e1rios servi\u00e7os dispon\u00edveis, tais como webmail (e-mail obrigat\u00f3rio para alunos da UFSC), assinatura digital, acesso \u00e0 rede Wi-fi e VPN (Virtual Private Network).<\/p>\n<p><!-- \/wp:paragraph --><\/p>\n<p><!-- wp:paragraph {\"textColor\":\"vivid-cyan-blue\"} --><\/p>\n<p class=\"has-vivid-cyan-blue-color has-text-color\"><span style=\"color: #000000;\"><strong>Atestado de matr\u00edcula e Hist\u00f3rico escolar<\/strong><\/span><!-- \/wp:paragraph --><!-- wp:paragraph --><\/p>\n<p>Acesse o <strong><a href=\"https:\/\/www.cagr.ufsc.br\/\">CAGR<\/a><\/strong>\u2013 Controle Acad\u00eamico de Gradua\u00e7\u00e3o, no site <a href=\"https:\/\/www.cagr.ufsc.br\/\">https:\/\/www.cagr.ufsc.br<\/a>.<!-- \/wp:paragraph --><!-- wp:paragraph --><\/p>\n<p>O primeiro <em>login <\/em>ser\u00e1 com o seu <em>n\u00famero de matr\u00edcula <\/em>ou CPF. Com o ingresso na UFSC voc\u00ea estar\u00e1 automaticamente matriculado nas disciplinas da primeira fase.<\/p>\n<p><!-- \/wp:paragraph --><\/p>\n<p><!-- wp:paragraph {\"textColor\":\"vivid-cyan-blue\"} --><\/p>\n<p class=\"has-vivid-cyan-blue-color has-text-color\"><span style=\"color: #000000;\"><strong>Carteira de Estudante digital<\/strong><\/span><!-- wp:paragraph --><!-- \/wp:paragraph --><\/p>\n<p>Acesso o site <a href=\"https:\/\/www.documentodoestudante.com.br\/blog\/carteira-de-estudante-digital\/\">DNE<\/a>.<\/p>\n<p>&nbsp;<\/p>\n<p>&nbsp;<\/p>\n<p><!-- \/wp:paragraph --><\/p>\n<p><!-- wp:paragraph --><\/p>\n<p><!-- \/wp:paragraph --><\/p>[\/et_pb_text][\/et_pb_column][\/et_pb_row][\/et_pb_section]","protected":false},"excerpt":{"rendered":"<p>Bem-vindo(a) ao Curso de Licenciatura em Hist\u00f3ria EaD UFSC\/UAB! In\u00edcio das aulas O in\u00edcio das aulas ser\u00e1 divulgado neste site e\/ou no ambiente virtual do Moodle. Cadastro obrigat\u00f3rio ID UFSC\u2013 Acesse o site do ID UFSC [https:\/\/id.ufsc.br] e siga os procedimentos da p\u00e1gina para cadastrar seus dados para ter acesso a v\u00e1rios servi\u00e7os dispon\u00edveis, tais [&hellip;]<\/p>\n","protected":false},"author":1,"featured_media":0,"parent":0,"menu_order":0,"comment_status":"closed","ping_status":"closed","template":"","meta":{"_et_pb_use_builder":"on","_et_pb_old_content":"<!-- wp:image {\"id\":445,\"sizeSlug\":\"large\",\"linkDestination\":\"none\"} -->\n<figure class=\"wp-block-image size-large\"><img src=\"http:\/\/uab.ufsc.br\/ead\/historia\/wp-content\/uploads\/2023\/08\/filosofia.ead_.ufsc_-1024x237.png\" alt=\"\" class=\"wp-image-445\"\/><\/figure>\n<!-- \/wp:image -->\n\n<!-- wp:paragraph {\"textColor\":\"vivid-cyan-blue\"} -->\n<p class=\"has-vivid-cyan-blue-color has-text-color\"><strong>Bem-vindo(a)s ao Curso de Filosofia, Licenciatura EaD\/UFSC!<\/strong><\/p>\n<!-- \/wp:paragraph -->\n\n<!-- wp:paragraph -->\n<p>Aten\u00e7\u00e3o estudantes aprovados no processo Seletivos 2023.2! Para a realiza\u00e7\u00e3o d matr\u00edcula, sigam as instru\u00e7\u00f5es da <a href=\"https:\/\/ead2023.ufsc.br\/files\/2023\/06\/PortariaMatricula-EaD2023.pdf\">Portaria N. \u00ba 23\/PROGRAD\/PROAFE\/UFS<\/a>C, 03 de julho de 2013.<\/p>\n<!-- \/wp:paragraph -->\n\n<!-- wp:paragraph -->\n<p>Para fazer as matr\u00edculas:<strong> Dever\u00e3o apresentar o comprovante de vacina\u00e7\u00e3o contra a covid-19 na etapa documental de matr\u00edcula juntamente com os demais documentos.<\/strong><\/p>\n<!-- \/wp:paragraph -->\n\n<!-- wp:paragraph {\"textColor\":\"vivid-cyan-blue\"} -->\n<p class=\"has-vivid-cyan-blue-color has-text-color\"><strong>In\u00edcio das aulas<\/strong><\/p>\n<!-- \/wp:paragraph -->\n\n<!-- wp:paragraph -->\n<p>O in\u00edcio das aulas ser\u00e1 divulgado neste site e\/ou no ambiente virtual do <a href=\"https:\/\/ead2.moodle.ufsc.br\/?\" target=\"_blank\" rel=\"noreferrer noopener\">Moodle<\/a>.<\/p>\n<!-- \/wp:paragraph -->\n\n<!-- wp:paragraph {\"textColor\":\"vivid-cyan-blue\"} -->\n<p class=\"has-vivid-cyan-blue-color has-text-color\"><strong>Cadastro obrigat\u00f3rio<\/strong><\/p>\n<!-- \/wp:paragraph -->\n\n<!-- wp:paragraph -->\n<p><strong>ID UFSC\u2013 <\/strong>Acesse o site do <a href=\"https:\/\/id.ufsc.br\/\"><strong>ID UFSC<\/strong><\/a> [<a href=\"https:\/\/id.ufsc.br\/\"><strong>https:\/\/id.ufsc.br<\/strong><\/a>] e siga os procedimentos da p\u00e1gina para cadastrar seus dados para ter acesso a v\u00e1rios servi\u00e7os dispon\u00edveis, tais como webmail (e-mail obrigat\u00f3rio para alunos da UFSC), assinatura digital, acesso \u00e0 rede Wi-fi e VPN (Virtual Private Network).<\/p>\n<!-- \/wp:paragraph -->\n\n<!-- wp:paragraph {\"textColor\":\"vivid-cyan-blue\"} -->\n<p class=\"has-vivid-cyan-blue-color has-text-color\"><strong>Atestado de matr\u00edcula, Hist\u00f3rico escolar<\/strong><\/p>\n<!-- \/wp:paragraph -->\n\n<!-- wp:paragraph -->\n<p>Acesse <strong>o <a href=\"https:\/\/www.cagr.ufsc.br\/\">CAGR<\/a> <\/strong>\u2013 Controle Acad\u00eamico de Gradua\u00e7\u00e3o, no site <a href=\"https:\/\/www.cagr.ufsc.br\/\">https:\/\/www.cagr.ufsc.br<\/a>.<\/p>\n<!-- \/wp:paragraph -->\n\n<!-- wp:paragraph -->\n<p>O primeiro <em>login <\/em>ser\u00e1 com o seu <em>n\u00famero de matr\u00edcula <\/em>ou CPF. Com o ingresso na UFSC voc\u00ea estar\u00e1 automaticamente matriculado nas disciplinas da primeira fase.<\/p>\n<!-- \/wp:paragraph -->\n\n<!-- wp:paragraph {\"textColor\":\"vivid-cyan-blue\"} -->\n<p class=\"has-vivid-cyan-blue-color has-text-color\"><strong>Carteira de Estudante digital<\/strong><\/p>\n<!-- \/wp:paragraph -->\n\n<!-- wp:paragraph -->\n<p>Acesso o site <a href=\"https:\/\/www.documentodoestudante.com.br\/blog\/carteira-de-estudante-digital\/\">DNE<\/a>.<\/p>\n<!-- \/wp:paragraph -->\n\n<!-- wp:paragraph -->\n<p><\/p>\n<!-- \/wp:paragraph -->","_et_gb_content_width":"","inline_featured_image":false,"footnotes":""},"class_list":["post-439","page","type-page","status-publish","hentry"],"_links":{"self":[{"href":"https:\/\/uab.ufsc.br\/ead\/historia\/wp-json\/wp\/v2\/pages\/439","targetHints":{"allow":["GET"]}}],"collection":[{"href":"https:\/\/uab.ufsc.br\/ead\/historia\/wp-json\/wp\/v2\/pages"}],"about":[{"href":"https:\/\/uab.ufsc.br\/ead\/historia\/wp-json\/wp\/v2\/types\/page"}],"author":[{"embeddable":true,"href":"https:\/\/uab.ufsc.br\/ead\/historia\/wp-json\/wp\/v2\/users\/1"}],"replies":[{"embeddable":true,"href":"https:\/\/uab.ufsc.br\/ead\/historia\/wp-json\/wp\/v2\/comments?post=439"}],"version-history":[{"count":8,"href":"https:\/\/uab.ufsc.br\/ead\/historia\/wp-json\/wp\/v2\/pages\/439\/revisions"}],"predecessor-version":[{"id":654,"href":"https:\/\/uab.ufsc.br\/ead\/historia\/wp-json\/wp\/v2\/pages\/439\/revisions\/654"}],"wp:attachment":[{"href":"https:\/\/uab.ufsc.br\/ead\/historia\/wp-json\/wp\/v2\/media?parent=439"}],"curies":[{"name":"wp","href":"https:\/\/api.w.org\/{rel}","templated":true}]}}