{"id":47,"date":"2023-07-24T17:23:15","date_gmt":"2023-07-24T20:23:15","guid":{"rendered":"https:\/\/uab.ufsc.br\/ead\/historia\/?page_id=47"},"modified":"2026-03-26T16:28:39","modified_gmt":"2026-03-26T19:28:39","slug":"polos","status":"publish","type":"page","link":"https:\/\/uab.ufsc.br\/ead\/historia\/polos\/","title":{"rendered":"Polos"},"content":{"rendered":"\n<p class=\"has-black-color has-text-color has-link-color wp-elements-ac0a795547d1a51fd30a776d291caea4\">O curso de Hist\u00f3ria EaD \u00e9 oferecido em Polos UAB das seguintes cidades:<\/p>\n\n\n\n<p><\/p>\n\n\n\n<p class=\"has-text-align-center has-text-color has-medium-font-size\" style=\"color:#0059ff\"><strong>Canoinhas<\/strong><\/p>\n\n\n\n<p class=\"has-black-color has-text-color has-link-color wp-elements-927c5bd83dea944d27ffe7cfe48f8052\"><strong>Endere\u00e7o:<\/strong> Rua Feres Jo\u00e3o Sfair, 491, Bairro Jardim Esperan\u00e7a. <strong>Complemento<\/strong>: Junto a EBM \u201cDr Aroldo Carneiro de Carvalho\u201d, antiga UGV \u2013 entrada lateral<\/p>\n\n\n\n<p class=\"has-black-color has-text-color has-link-color wp-elements-13644f2b29b4f3b1bfd751e5433fd05d\"><strong>CEP<\/strong>: 89464-058 &#8211; Canoinhas-SC<\/p>\n\n\n\n<p class=\"has-black-color has-text-color has-link-color wp-elements-9ef260c89efc19aecd73551bd79c513b\"><strong>E-mail<\/strong>: polouab@pmc.sc.gov.br<\/p>\n\n\n\n<p class=\"has-black-color has-text-color has-link-color wp-elements-20c62cabad294d5aaf30b8d638bb3c61\"><strong>Telefone<\/strong>: (47) 3622-6310<\/p>\n\n\n\n<p class=\"has-black-color has-text-color has-link-color wp-elements-3a8a0f412eeff577c7083520deda5578\"><strong>Coordenador<\/strong>: Pedro Eug\u00eanio Wipiewski<\/p>\n\n\n\n<p><\/p>\n\n\n\n<p class=\"has-text-align-center has-text-color has-medium-font-size\" style=\"color:#0059ff\"><strong>Joinville<\/strong><\/p>\n\n\n\n<p class=\"has-black-color has-text-color has-link-color wp-elements-6cc29b8ed9b33d1f15f649d7ac11b797\"><strong>Endere\u00e7o:<\/strong> Rua Brigada Lopes, 153 &#8211; Bairro Gl\u00f3ria <\/p>\n\n\n\n<p class=\"has-black-color has-text-color has-link-color wp-elements-cbdaa18256909a52d381263624335688\"><strong>CEP<\/strong>: 89216-68<\/p>\n\n\n\n<p class=\"has-black-color has-text-color has-link-color wp-elements-088ba456547084f0e2d2781f88c8231f\"><strong>E-mail<\/strong>: polojoinville@joinville.sc.gov.br<\/p>\n\n\n\n<p class=\"has-black-color has-text-color has-link-color wp-elements-7214a0a139374039c471c0fe54ed24d7\"><strong>Telefone<\/strong>: (47) 34452839<\/p>\n\n\n\n<p class=\"has-black-color has-text-color has-link-color wp-elements-14470142856e8f0f8a6730de1b9d5e5c\"><strong>Coordenador<\/strong>: Manoel Lasta<\/p>\n\n\n\n<p class=\"has-black-color has-text-color has-link-color wp-elements-5a507389e1b262d5b323cb32f87d6f5a\"><strong>E-mail<\/strong>: manoel.lasta@gmail.com<\/p>\n\n\n\n<p><\/p>\n\n\n\n<p class=\"has-text-align-center has-text-color has-medium-font-size\" style=\"color:#0059ff\"><strong>Lages<\/strong><\/p>\n\n\n\n<p class=\"has-black-color has-text-color has-link-color wp-elements-45f01d6a3b69ce4440279129dbb7365b\"><strong>Endere\u00e7o: <\/strong>Rua Independ\u00eancia, 245 &#8211; Bairro Getal<\/p>\n\n\n\n<p class=\"has-black-color has-text-color has-link-color wp-elements-9154d1e51626292cef1f7902293b2d9c\"><strong>CEP<\/strong>: 88520-400<\/p>\n\n\n\n<p class=\"has-black-color has-text-color has-link-color wp-elements-a1de82efb36200da7fd87a8c76d44e63\"><strong>E-mail<\/strong>: pololgs@hotmail.com<\/p>\n\n\n\n<p class=\"has-black-color has-text-color has-link-color wp-elements-dbac69219129a42975be1a9bc7a807c9\"><strong>Telefone<\/strong>: 49 30197185<\/p>\n\n\n\n<p class=\"has-black-color has-text-color has-link-color wp-elements-5285f5136798e9767477a73a626579b4\"><strong>Coordenadora<\/strong>: Carmen L\u00facia<\/p>\n\n\n\n<p><\/p>\n\n\n\n<p class=\"has-text-align-center has-text-color has-medium-font-size\" style=\"color:#0059ff\"><strong>Tubar\u00e3o<\/strong><\/p>\n\n\n\n<p class=\"has-black-color has-text-color has-link-color wp-elements-f68cca6e0812d51762e5599c5247abcd\"><strong>Endere\u00e7o:<\/strong> Rua S\u00e3o Jo\u00e3o, s\/n (anexo Escola Jo\u00e3o Teixeira Nunes) &#8211; Bairro Morrotes<br><strong>CEP:<\/strong> 88704-100<\/p>\n\n\n\n<p class=\"has-black-color has-text-color has-link-color wp-elements-a71a9a31ee55cebb17ba3f27420bf474\"><strong>E-mail<\/strong>: tubarao@eadadm.ufsc.br e polouabtubarao@gmail.com<\/p>\n\n\n\n<p class=\"has-black-color has-text-color has-link-color wp-elements-cd2c5e70cb2ee2e20097d1c27425fdfd\"><strong>Telefone<\/strong>: (48) 3628-0652<\/p>\n\n\n\n<p class=\"has-black-color has-text-color has-link-color wp-elements-0d94e812b0c458ab0a427ee97848d84e\"><strong>Coordenadora<\/strong>: Elisete Meira Fernandes<\/p>\n\n\n\n<p class=\"has-black-color has-text-color has-link-color wp-elements-1e089e64b46b5125d07df02f3e478cb1\"><strong>E-mail<\/strong>: ztmeira@hotmail.com<\/p>\n\n\n\n<p><\/p>\n\n\n\n<p class=\"has-text-align-center has-text-color has-link-color has-medium-font-size wp-elements-57cad6c1298949a73bf96ef6b12697a7\" style=\"color:#0059ff\"><strong>Videira<\/strong><\/p>\n\n\n\n<p class=\"has-black-color has-text-color has-link-color wp-elements-d4f3748a44de24400e8c835509d7bf3f\"><strong>Endere\u00e7o: <\/strong>Rua Paulo Ogliari, 1656 (anexo a escola Paulo Fioravante Penso) &#8211; Bairro: Dois Pinheiros (anexo a escola Paulo Fioravante Penso.)<\/p>\n\n\n\n<p class=\"has-black-color has-text-color has-link-color wp-elements-be4d3a0684ffdbebb6b43e07afc590d5\"><strong>CEP<\/strong>: 89562-186<\/p>\n\n\n\n<p class=\"has-black-color has-text-color has-link-color wp-elements-f8e54d19e79f5da659ced326633c0e81\"><strong>E-mail<\/strong>: polovideira@gmail.com<\/p>\n\n\n\n<p class=\"has-black-color has-text-color has-link-color wp-elements-120518ccd4d0db02deaf9817f6e760e1\"><strong>Coordenadora<\/strong>: Adriana Maria de Oliveira Gaio<\/p>\n\n\n\n<p class=\"has-black-color has-text-color has-link-color wp-elements-d40b77d45ea1cad4a5f834efaa7d40ef\"><strong>E-mail<\/strong>: adrianagaio@ymail.com<\/p>\n\n\n\n<p><\/p>\n\n\n\n<p class=\"has-text-align-center has-text-color has-link-color has-medium-font-size wp-elements-a5b0cbbf64fa4188485b46a5acd24c60\" style=\"color:#002cf5\"><strong>Canelinha<\/strong><\/p>\n\n\n\n<p class=\"has-black-color has-text-color has-link-color wp-elements-d2c24162e081e085857bdd8f6ba0a7e1\"><strong>Endere\u00e7o<\/strong>: Av. Prefeito Silvestre Nunes Junior n\u00ba 901 \u2013 Bairro Are\u00e3o <\/p>\n\n\n\n<p class=\"has-black-color has-text-color has-link-color wp-elements-cde70a7187f89f3895ea01f6b14954f1\"><strong>CEP<\/strong>: 88230000<\/p>\n\n\n\n<p class=\"has-black-color has-text-color has-link-color wp-elements-bad064b0971f010438a909d4a36dbb2d\"><strong>E-mail<\/strong>: contatouab.polocanelinha@hotmail.com<\/p>\n\n\n\n<p class=\"has-black-color has-text-color has-link-color wp-elements-bc26764fd5b3061cb206b6a59e4cf2cd\"><strong>Coordenador<\/strong>: Ant\u00f4nio Ramiro<\/p>\n\n\n\n<p class=\"has-black-color has-text-color has-link-color wp-elements-259ab93d4d13583cb3d0262160ece239\"><strong>Telefone<\/strong>: (48) 3264-1171<\/p>\n\n\n\n<p><\/p>\n\n\n\n<p><\/p>\n\n\n\n<p class=\"has-text-align-center has-text-color has-link-color has-medium-font-size wp-elements-fbc41f7e7b6b3d6a9305fccb94849bef\" style=\"color:#0040ff\"><strong>Treze T\u00edlias<\/strong><\/p>\n\n\n\n<p class=\"has-black-color has-text-color has-link-color wp-elements-79357c1fc723c3a40ce84200fee48fa8\"><strong>Endere\u00e7o<\/strong>: Escola Municipal Irm\u00e3 Filomena Rabelo, Rua Ivo D&#8217;Aquino, 209, Centro.<\/p>\n\n\n\n<p class=\"has-black-color has-text-color has-link-color wp-elements-1a4a52f7e43e6fb36d26c428283dd410\"><strong>CEP<\/strong>: 89650-000<\/p>\n\n\n\n<p class=\"has-black-color has-text-color has-link-color wp-elements-3685cfdedc874f190815ddceb37ee135\"><strong>E-mail<\/strong>: contatouabverdesvales@gmail.com<\/p>\n\n\n\n<p class=\"has-black-color has-text-color has-link-color wp-elements-1ea57c4d85bb66a5782486dee8b40e02\"><strong>Coordenador<\/strong>: Cristiano Canalle<\/p>\n\n\n\n<p class=\"has-black-color has-text-color has-link-color wp-elements-2f09dc1618fd608d66dc79a2f4b66334\"><strong>Telefone<\/strong>: (49) 3537-0597<\/p>\n","protected":false},"excerpt":{"rendered":"<p>O curso de Hist\u00f3ria EaD \u00e9 oferecido em Polos UAB das seguintes cidades: Canoinhas Endere\u00e7o: Rua Feres Jo\u00e3o Sfair, 491, Bairro Jardim Esperan\u00e7a. Complemento: Junto a EBM \u201cDr Aroldo Carneiro de Carvalho\u201d, antiga UGV \u2013 entrada lateral CEP: 89464-058 &#8211; Canoinhas-SC E-mail: polouab@pmc.sc.gov.br Telefone: (47) 3622-6310 Coordenador: Pedro Eug\u00eanio Wipiewski Joinville Endere\u00e7o: Rua Brigada Lopes, [&hellip;]<\/p>\n","protected":false},"author":1,"featured_media":0,"parent":0,"menu_order":0,"comment_status":"closed","ping_status":"closed","template":"","meta":{"_et_pb_use_builder":"off","_et_pb_old_content":"<!-- wp:paragraph -->\n<p><\/p>\n<!-- \/wp:paragraph -->\n\n<!-- wp:paragraph -->\n<p>A Quarta Edi\u00e7\u00e3o do curso EaD \u00e9 oferecida em Polos UAB das seguintes cidades:<\/p>\n<!-- \/wp:paragraph -->\n\n<!-- wp:paragraph {\"style\":{\"color\":{\"text\":\"#075380\"}},\"fontSize\":\"medium\"} -->\n<p class=\"has-text-color has-medium-font-size\" style=\"color:#075380\"><strong>Crici\u00fama<\/strong><\/p>\n<!-- \/wp:paragraph -->\n\n<!-- wp:paragraph -->\n<p><strong>Endere\u00e7o:<\/strong> Rua da Rep\u00fablica. N\u00ba: 67 - Bairro: Comerci\u00e1rio - Complemento: Col\u00e9gio Est. Sebasti\u00e3o Toledo dos<br>Santos - Ala nova  [ Ver no <a href=\"https:\/\/goo.gl\/maps\/HVoCxcxkDtEjnxXd6\" target=\"_blank\" rel=\"noreferrer noopener\"><strong>Google Maps<\/strong><\/a> ]<\/p>\n<!-- \/wp:paragraph -->\n\n<!-- wp:paragraph -->\n<p> CEP: 88802420 - Crici\u00fama-SC<\/p>\n<!-- \/wp:paragraph -->\n\n<!-- wp:paragraph -->\n<p>E-mail: polouabcriciuma@hotmail.com  |  Telefone: 48 34781248<\/p>\n<!-- \/wp:paragraph -->\n\n<!-- wp:paragraph -->\n<p>Coordenador: J\u00falio C\u00e9sar Viana  - E-mail:  julioufsc@hotmail.com<\/p>\n<!-- \/wp:paragraph -->\n\n<!-- wp:paragraph -->\n<p><\/p>\n<!-- \/wp:paragraph -->\n\n<!-- wp:paragraph {\"style\":{\"color\":{\"text\":\"#075380\"}},\"fontSize\":\"medium\"} -->\n<p class=\"has-text-color has-medium-font-size\" style=\"color:#075380\"><strong>Indaial<\/strong><\/p>\n<!-- \/wp:paragraph -->\n\n<!-- wp:paragraph -->\n<p><strong>Endere\u00e7o:<\/strong> Rua Marechal Floriano Peixoto, 49 - Centro, Indaial - SC [ Ver no <a href=\"https:\/\/goo.gl\/maps\/HR79nKFoC8CbufQi7\" target=\"_blank\" rel=\"noreferrer noopener\"><strong>Google Maps<\/strong><\/a> ]<\/p>\n<!-- \/wp:paragraph -->\n\n<!-- wp:paragraph -->\n<p>CEP: 89080-063<\/p>\n<!-- \/wp:paragraph -->\n\n<!-- wp:paragraph -->\n<p>E-mail: uabindaial@indaial.edu.sc.gov.br  |  Telefone: 47 33947233<\/p>\n<!-- \/wp:paragraph -->\n\n<!-- wp:paragraph -->\n<p>Coordenadora: Andr\u00e9ia Ribeiro  E-mail: cmindaial@yahoo.com.br <\/p>\n<!-- \/wp:paragraph -->\n\n<!-- wp:paragraph -->\n<p><\/p>\n<!-- \/wp:paragraph -->\n\n<!-- wp:paragraph {\"style\":{\"color\":{\"text\":\"#075380\"}},\"fontSize\":\"medium\"} -->\n<p class=\"has-text-color has-medium-font-size\" style=\"color:#075380\"><strong>Joinville<\/strong><\/p>\n<!-- \/wp:paragraph -->\n\n<!-- wp:paragraph -->\n<p><strong>Endere\u00e7o:<\/strong> Rua Brigada Lopes, 153 - Bairro Gl\u00f3ria [ Ver no <a href=\"https:\/\/goo.gl\/maps\/PxSNCX1iBsqppP7x8\" target=\"_blank\" rel=\"noreferrer noopener\"><strong>Google Maps<\/strong><\/a> ]<\/p>\n<!-- \/wp:paragraph -->\n\n<!-- wp:paragraph -->\n<p>CEP: 89216-68<\/p>\n<!-- \/wp:paragraph -->\n\n<!-- wp:paragraph -->\n<p>E-mail: polojoinville@joinville.sc.gov.br   |   Telefone: (47) 34452839<\/p>\n<!-- \/wp:paragraph -->\n\n<!-- wp:paragraph -->\n<p>Coordenador: Manoel Lasta   |  E-mail: manoel.lasta@gmail.com <\/p>\n<!-- \/wp:paragraph -->\n\n<!-- wp:paragraph -->\n<p><\/p>\n<!-- \/wp:paragraph -->\n\n<!-- wp:paragraph {\"style\":{\"color\":{\"text\":\"#075380\"}},\"fontSize\":\"medium\"} -->\n<p class=\"has-text-color has-medium-font-size\" style=\"color:#075380\"><strong>Lages<\/strong><\/p>\n<!-- \/wp:paragraph -->\n\n<!-- wp:paragraph -->\n<p><strong>Endere\u00e7o: <\/strong>Rua Independ\u00eancia, 245 - Bairro Getal [ Ver no <a href=\"https:\/\/goo.gl\/maps\/EiKkcxqP5YrknRd67\" target=\"_blank\" rel=\"noreferrer noopener\"><strong>Google Maps<\/strong><\/a> ]<\/p>\n<!-- \/wp:paragraph -->\n\n<!-- wp:paragraph -->\n<p>CEP: 88520-400<\/p>\n<!-- \/wp:paragraph -->\n\n<!-- wp:paragraph -->\n<p>E-mail: pololgs@hotmail.com <\/p>\n<!-- \/wp:paragraph -->\n\n<!-- wp:paragraph -->\n<p>Telefone: 49 30197185<\/p>\n<!-- \/wp:paragraph -->\n\n<!-- wp:paragraph -->\n<p>Coordenadora: Carmen L\u00facia <\/p>\n<!-- \/wp:paragraph -->\n\n<!-- wp:paragraph -->\n<p><\/p>\n<!-- \/wp:paragraph -->\n\n<!-- wp:paragraph {\"style\":{\"color\":{\"text\":\"#075380\"}},\"fontSize\":\"medium\"} -->\n<p class=\"has-text-color has-medium-font-size\" style=\"color:#075380\"><strong>Videira<\/strong><\/p>\n<!-- \/wp:paragraph -->\n\n<!-- wp:paragraph -->\n<p><strong>Endere\u00e7o: <\/strong>Rua Saul Brandalise, 1656, Bairro Bairro Dois Pinheiros ( anexo a Escola EBM Prefeito paulo Penso)<br>Videira-SC. [ Ver no <a href=\"https:\/\/goo.gl\/maps\/5FUfcNLrs9pGoy7d6\" target=\"_blank\" rel=\"noreferrer noopener\"><strong>Google Maps<\/strong><\/a> ]<\/p>\n<!-- \/wp:paragraph -->\n\n<!-- wp:paragraph -->\n<p>CEP:  89562-184<\/p>\n<!-- \/wp:paragraph -->\n\n<!-- wp:paragraph -->\n<p>E-mail: polovideira@gmail.com<\/p>\n<!-- \/wp:paragraph -->\n\n<!-- wp:paragraph -->\n<p>Coordenadora: Adriana Maria de Oliveira Gaio  |  E-mail:  adrianagaio@ymail.com <\/p>\n<!-- \/wp:paragraph -->\n\n<!-- wp:paragraph -->\n<p><\/p>\n<!-- \/wp:paragraph -->","_et_gb_content_width":"","inline_featured_image":false,"footnotes":""},"class_list":["post-47","page","type-page","status-publish","hentry"],"_links":{"self":[{"href":"https:\/\/uab.ufsc.br\/ead\/historia\/wp-json\/wp\/v2\/pages\/47","targetHints":{"allow":["GET"]}}],"collection":[{"href":"https:\/\/uab.ufsc.br\/ead\/historia\/wp-json\/wp\/v2\/pages"}],"about":[{"href":"https:\/\/uab.ufsc.br\/ead\/historia\/wp-json\/wp\/v2\/types\/page"}],"author":[{"embeddable":true,"href":"https:\/\/uab.ufsc.br\/ead\/historia\/wp-json\/wp\/v2\/users\/1"}],"replies":[{"embeddable":true,"href":"https:\/\/uab.ufsc.br\/ead\/historia\/wp-json\/wp\/v2\/comments?post=47"}],"version-history":[{"count":26,"href":"https:\/\/uab.ufsc.br\/ead\/historia\/wp-json\/wp\/v2\/pages\/47\/revisions"}],"predecessor-version":[{"id":760,"href":"https:\/\/uab.ufsc.br\/ead\/historia\/wp-json\/wp\/v2\/pages\/47\/revisions\/760"}],"wp:attachment":[{"href":"https:\/\/uab.ufsc.br\/ead\/historia\/wp-json\/wp\/v2\/media?parent=47"}],"curies":[{"name":"wp","href":"https:\/\/api.w.org\/{rel}","templated":true}]}}