{"id":49,"date":"2023-07-24T17:24:36","date_gmt":"2023-07-24T20:24:36","guid":{"rendered":"https:\/\/uab.ufsc.br\/ead\/historia\/?page_id=49"},"modified":"2025-03-25T12:52:01","modified_gmt":"2025-03-25T15:52:01","slug":"calendario-academico","status":"publish","type":"page","link":"https:\/\/uab.ufsc.br\/ead\/historia\/calendario-academico\/","title":{"rendered":"Calend\u00e1rio acad\u00eamico"},"content":{"rendered":"\n<p><\/p>\n\n\n\n<p><a href=\"https:\/\/dae.ufsc.br\/files\/2024\/11\/R196-CUn-2024_Calend%C3%A1rio-Acad%C3%AAmico-de-Gradua%C3%A7%C3%A3o_2025.pdf\">Calend\u00e1rio acad\u00eamico dos cursos de gradua\u00e7\u00e3o<\/a> &#8211; 2025   <\/p>\n\n\n\n<p><\/p>\n\n\n\n<p><\/p>\n","protected":false},"excerpt":{"rendered":"<p>Calend\u00e1rio acad\u00eamico dos cursos de gradua\u00e7\u00e3o &#8211; 2025<\/p>\n","protected":false},"author":1,"featured_media":0,"parent":0,"menu_order":0,"comment_status":"closed","ping_status":"closed","template":"","meta":{"_et_pb_use_builder":"off","_et_pb_old_content":"","_et_gb_content_width":"","inline_featured_image":false,"footnotes":""},"class_list":["post-49","page","type-page","status-publish","hentry"],"_links":{"self":[{"href":"https:\/\/uab.ufsc.br\/ead\/historia\/wp-json\/wp\/v2\/pages\/49","targetHints":{"allow":["GET"]}}],"collection":[{"href":"https:\/\/uab.ufsc.br\/ead\/historia\/wp-json\/wp\/v2\/pages"}],"about":[{"href":"https:\/\/uab.ufsc.br\/ead\/historia\/wp-json\/wp\/v2\/types\/page"}],"author":[{"embeddable":true,"href":"https:\/\/uab.ufsc.br\/ead\/historia\/wp-json\/wp\/v2\/users\/1"}],"replies":[{"embeddable":true,"href":"https:\/\/uab.ufsc.br\/ead\/historia\/wp-json\/wp\/v2\/comments?post=49"}],"version-history":[{"count":7,"href":"https:\/\/uab.ufsc.br\/ead\/historia\/wp-json\/wp\/v2\/pages\/49\/revisions"}],"predecessor-version":[{"id":614,"href":"https:\/\/uab.ufsc.br\/ead\/historia\/wp-json\/wp\/v2\/pages\/49\/revisions\/614"}],"wp:attachment":[{"href":"https:\/\/uab.ufsc.br\/ead\/historia\/wp-json\/wp\/v2\/media?parent=49"}],"curies":[{"name":"wp","href":"https:\/\/api.w.org\/{rel}","templated":true}]}}