{"id":645,"date":"2025-05-07T13:03:44","date_gmt":"2025-05-07T16:03:44","guid":{"rendered":"https:\/\/uab.ufsc.br\/ead\/historia\/?page_id=645"},"modified":"2025-10-15T16:18:07","modified_gmt":"2025-10-15T19:18:07","slug":"matriz-curricular-2","status":"publish","type":"page","link":"https:\/\/uab.ufsc.br\/ead\/historia\/matriz-curricular-2\/","title":{"rendered":"Matriz curricular"},"content":{"rendered":"\n<p><a href=\"https:\/\/drive.google.com\/file\/d\/1mQP60DwHu1APL-YiTYlkOcYy41VgzeM_\/view?usp=sharing\" data-type=\"link\" data-id=\"https:\/\/drive.google.com\/file\/d\/1mQP60DwHu1APL-YiTYlkOcYy41VgzeM_\/view?usp=sharing\"><strong>PPC Curso de Hist\u00f3ria UFSC\/UAB <\/strong><\/a><\/p>\n\n\n\n<figure class=\"wp-block-table\"><table class=\"has-fixed-layout\"><tbody><tr><td class=\"has-text-align-left\" data-align=\"left\"><strong><mark style=\"background-color:rgba(0, 0, 0, 0)\" class=\"has-inline-color has-vivid-cyan-blue-color\">1\u00ba semestre<\/mark><\/strong><\/td><td><strong><mark style=\"background-color:rgba(0, 0, 0, 0)\" class=\"has-inline-color has-vivid-cyan-blue-color\">Disciplinas<\/mark><\/strong><\/td><\/tr><tr><td class=\"has-text-align-left\" data-align=\"left\">HST9X01<\/td><td>Introdu\u00e7\u00e3o aos Estudos Hist\u00f3ricos<\/td><\/tr><tr><td class=\"has-text-align-left\" data-align=\"left\">HST9X02<\/td><td>Hist\u00f3ria do Oriente Antigo<\/td><\/tr><tr><td class=\"has-text-align-left\" data-align=\"left\">HST9X03<\/td><td>Hist\u00f3ria Ind\u00edgena<\/td><\/tr><tr><td class=\"has-text-align-left\" data-align=\"left\">HST9X04<\/td><td>Teorias da Educa\u00e7\u00e3o e Ensino de Hist\u00f3ria.<\/td><\/tr><tr><td class=\"has-text-align-left\" data-align=\"left\">HST9X05<\/td><td>Laborat\u00f3rio de Ensino de Hist\u00f3ria I<\/td><\/tr><tr><td class=\"has-text-align-left\" data-align=\"left\"><strong><mark style=\"background-color:rgba(0, 0, 0, 0)\" class=\"has-inline-color has-vivid-cyan-blue-color\">2\u00ba semestre&nbsp;<\/mark><\/strong><\/td><td><\/td><\/tr><tr><td class=\"has-text-align-left\" data-align=\"left\">HST9X06<\/td><td>Hist\u00f3ria da Antiguidade Ocidental&nbsp;&nbsp;<\/td><\/tr><tr><td class=\"has-text-align-left\" data-align=\"left\">HST9X07<\/td><td>Hist\u00f3ria da \u00c1frica<\/td><\/tr><tr><td class=\"has-text-align-left\" data-align=\"left\">HST9X08<\/td><td>Laborat\u00f3rio de Ensino de Hist\u00f3ria II<\/td><\/tr><tr><td class=\"has-text-align-left\" data-align=\"left\">HST9X09<\/td><td>Tecnologias&nbsp; educacionais e ensino de Hist\u00f3ria<\/td><\/tr><tr><td class=\"has-text-align-left\" data-align=\"left\"><strong><mark style=\"background-color:rgba(0, 0, 0, 0)\" class=\"has-inline-color has-vivid-cyan-blue-color\">3\u00ba semestre&nbsp;<\/mark><\/strong><\/td><td><\/td><\/tr><tr><td class=\"has-text-align-left\" data-align=\"left\">HST9X10<\/td><td>Hist\u00f3ria Medieval&nbsp;<\/td><\/tr><tr><td class=\"has-text-align-left\" data-align=\"left\">HST9X11<\/td><td>Hist\u00f3ria da Am\u00e9rica Colonial<\/td><\/tr><tr><td class=\"has-text-align-left\" data-align=\"left\">HST9X12<\/td><td>Hist\u00f3ria da Am\u00e9rica Portuguesa<\/td><\/tr><tr><td class=\"has-text-align-left\" data-align=\"left\">HST9X13<\/td><td>Hist\u00f3ria da \u00c1sia<\/td><\/tr><tr><td class=\"has-text-align-left\" data-align=\"left\">HST9X14<\/td><td>Did\u00e1tica da Hist\u00f3ria<\/td><\/tr><tr><td class=\"has-text-align-left\" data-align=\"left\"><strong><mark style=\"background-color:rgba(0, 0, 0, 0)\" class=\"has-inline-color has-vivid-cyan-blue-color\">4\u00ba semestre&nbsp;<\/mark><\/strong><\/td><td><\/td><\/tr><tr><td class=\"has-text-align-left\" data-align=\"left\">HST9X15<\/td><td>Organiza\u00e7\u00e3o Escolar&nbsp;e ensino de Hist\u00f3ria<\/td><\/tr><tr><td class=\"has-text-align-left\" data-align=\"left\">HST9X16<\/td><td>Hist\u00f3ria Moderna<\/td><\/tr><tr><td class=\"has-text-align-left\" data-align=\"left\">HST9X17<\/td><td>Semin\u00e1rio de Pesquisa em Ensino de Hist\u00f3ria<\/td><\/tr><tr><td class=\"has-text-align-left\" data-align=\"left\">HST9X18<\/td><td>Teoria da Hist\u00f3ria I<\/td><\/tr><tr><td class=\"has-text-align-left\" data-align=\"left\">HST9X19<\/td><td>Optativa 1<\/td><\/tr><tr><td class=\"has-text-align-left\" data-align=\"left\"><strong><mark style=\"background-color:rgba(0, 0, 0, 0)\" class=\"has-inline-color has-vivid-cyan-blue-color\">5\u00ba semestre&nbsp;<\/mark><\/strong><\/td><td><\/td><\/tr><tr><td class=\"has-text-align-left\" data-align=\"left\">HST9X20<\/td><td>Hist\u00f3ria Contempor\u00e2nea I<\/td><\/tr><tr><td class=\"has-text-align-left\" data-align=\"left\">HST9X21<\/td><td>Hist\u00f3ria do Brasil Mon\u00e1rquico<\/td><\/tr><tr><td class=\"has-text-align-left\" data-align=\"left\">HST9X22<\/td><td>Metodologia do Ensino de Hist\u00f3ria<\/td><\/tr><tr><td class=\"has-text-align-left\" data-align=\"left\">HST9X23<\/td><td>Hist\u00f3ria da Am\u00e9rica Independente<\/td><\/tr><tr><td class=\"has-text-align-left\" data-align=\"left\">HST9X24<\/td><td>Educa\u00e7\u00e3o das rela\u00e7\u00f5es \u00e9tnico-raciais<\/td><\/tr><tr><td class=\"has-text-align-left\" data-align=\"left\"><strong><mark style=\"background-color:rgba(0, 0, 0, 0)\" class=\"has-inline-color has-vivid-cyan-blue-color\">6\u00ba semestre&nbsp;<\/mark><\/strong><\/td><td><\/td><\/tr><tr><td class=\"has-text-align-left\" data-align=\"left\">HST9X25<\/td><td>Hist\u00f3ria do Brasil Contempor\u00e2neo<\/td><\/tr><tr><td class=\"has-text-align-left\" data-align=\"left\">HST9X26<\/td><td>Hist\u00f3ria Contempor\u00e2nea II<\/td><\/tr><tr><td class=\"has-text-align-left\" data-align=\"left\">HST9X27<\/td><td>Teoria da Hist\u00f3ria II<\/td><\/tr><tr><td class=\"has-text-align-left\" data-align=\"left\">HST9X28<\/td><td>Laborat\u00f3rio de Ensino de Hist\u00f3ria III<\/td><\/tr><tr><td class=\"has-text-align-left\" data-align=\"left\">HST9X29<\/td><td>Optativa 2<\/td><\/tr><tr><td class=\"has-text-align-left\" data-align=\"left\"><strong><mark style=\"background-color:rgba(0, 0, 0, 0)\" class=\"has-inline-color has-vivid-cyan-blue-color\">7\u00ba semestre&nbsp;<\/mark><\/strong><\/td><td><\/td><\/tr><tr><td class=\"has-text-align-left\" data-align=\"left\">PSI9637<\/td><td>Psicologia da educa\u00e7\u00e3o<\/td><\/tr><tr><td class=\"has-text-align-left\" data-align=\"left\">HST9X30<\/td><td>Hist\u00f3ria de Santa Catarina<\/td><\/tr><tr><td class=\"has-text-align-left\" data-align=\"left\">HST9X31<\/td><td>Laborat\u00f3rio de Ensino de Hist\u00f3ria IV<\/td><\/tr><tr><td class=\"has-text-align-left\" data-align=\"left\">HST9X32<\/td><td>Optativa 3<\/td><\/tr><tr><td class=\"has-text-align-left\" data-align=\"left\">LSB9904<\/td><td>L\u00edngua Brasileira de Sinais<\/td><\/tr><tr><td class=\"has-text-align-left\" data-align=\"left\"><strong><mark style=\"background-color:rgba(0, 0, 0, 0)\" class=\"has-inline-color has-vivid-cyan-blue-color\">8\u00ba semestre&nbsp;<\/mark><\/strong><\/td><td><\/td><\/tr><tr><td class=\"has-text-align-left\" data-align=\"left\">HST9X33<\/td><td>Trabalho de Conclus\u00e3o de Curso I<\/td><\/tr><tr><td class=\"has-text-align-left\" data-align=\"left\">HST9X34<\/td><td>Est\u00e1gio Supervisionado EEM Hist\u00f3ria I<\/td><\/tr><tr><td class=\"has-text-align-left\" data-align=\"left\">HST9X35<\/td><td>Hist\u00f3ria P\u00fablica I -programa de extens\u00e3o<\/td><\/tr><tr><td class=\"has-text-align-left\" data-align=\"left\">HST9X36<\/td><td>Educa\u00e7\u00e3o Especial<\/td><\/tr><tr><td class=\"has-text-align-left\" data-align=\"left\"><strong><mark style=\"background-color:rgba(0, 0, 0, 0)\" class=\"has-inline-color has-vivid-cyan-blue-color\">9\u00ba semestre&nbsp;<\/mark><\/strong><\/td><td><\/td><\/tr><tr><td class=\"has-text-align-left\" data-align=\"left\">HST9X37<\/td><td>Trabalho de Conclus\u00e3o de Curso II<\/td><\/tr><tr><td class=\"has-text-align-left\" data-align=\"left\">HST9X38<\/td><td>Est\u00e1gio Supervisionado em Hist\u00f3ria II<\/td><\/tr><tr><td class=\"has-text-align-left\" data-align=\"left\">HST9X39<\/td><td>Hist\u00f3ria P\u00fablica II \u2013 programa de extens\u00e3o<\/td><\/tr><tr><td class=\"has-text-align-left\" data-align=\"left\">HST9X40<\/td><td>Educa\u00e7\u00e3o Ambiental<\/td><\/tr><\/tbody><\/table><\/figure>\n","protected":false},"excerpt":{"rendered":"<p>PPC Curso de Hist\u00f3ria UFSC\/UAB 1\u00ba semestre Disciplinas HST9X01 Introdu\u00e7\u00e3o aos Estudos Hist\u00f3ricos HST9X02 Hist\u00f3ria do Oriente Antigo HST9X03 Hist\u00f3ria Ind\u00edgena HST9X04 Teorias da Educa\u00e7\u00e3o e Ensino de Hist\u00f3ria. HST9X05 Laborat\u00f3rio de Ensino de Hist\u00f3ria I 2\u00ba semestre&nbsp; HST9X06 Hist\u00f3ria da Antiguidade Ocidental&nbsp;&nbsp; HST9X07 Hist\u00f3ria da \u00c1frica HST9X08 Laborat\u00f3rio de Ensino de Hist\u00f3ria II HST9X09 [&hellip;]<\/p>\n","protected":false},"author":7,"featured_media":0,"parent":0,"menu_order":0,"comment_status":"closed","ping_status":"closed","template":"","meta":{"_et_pb_use_builder":"off","_et_pb_old_content":"","_et_gb_content_width":"","inline_featured_image":false,"footnotes":""},"class_list":["post-645","page","type-page","status-publish","hentry"],"_links":{"self":[{"href":"https:\/\/uab.ufsc.br\/ead\/historia\/wp-json\/wp\/v2\/pages\/645","targetHints":{"allow":["GET"]}}],"collection":[{"href":"https:\/\/uab.ufsc.br\/ead\/historia\/wp-json\/wp\/v2\/pages"}],"about":[{"href":"https:\/\/uab.ufsc.br\/ead\/historia\/wp-json\/wp\/v2\/types\/page"}],"author":[{"embeddable":true,"href":"https:\/\/uab.ufsc.br\/ead\/historia\/wp-json\/wp\/v2\/users\/7"}],"replies":[{"embeddable":true,"href":"https:\/\/uab.ufsc.br\/ead\/historia\/wp-json\/wp\/v2\/comments?post=645"}],"version-history":[{"count":3,"href":"https:\/\/uab.ufsc.br\/ead\/historia\/wp-json\/wp\/v2\/pages\/645\/revisions"}],"predecessor-version":[{"id":741,"href":"https:\/\/uab.ufsc.br\/ead\/historia\/wp-json\/wp\/v2\/pages\/645\/revisions\/741"}],"wp:attachment":[{"href":"https:\/\/uab.ufsc.br\/ead\/historia\/wp-json\/wp\/v2\/media?parent=645"}],"curies":[{"name":"wp","href":"https:\/\/api.w.org\/{rel}","templated":true}]}}