{"id":1503,"date":"2025-02-03T14:13:05","date_gmt":"2025-02-03T17:13:05","guid":{"rendered":"https:\/\/uab.ufsc.br\/ead\/letras-portugues\/?page_id=1503"},"modified":"2026-03-20T16:03:27","modified_gmt":"2026-03-20T19:03:27","slug":"tutores","status":"publish","type":"page","link":"https:\/\/uab.ufsc.br\/ead\/letras-portugues\/tutores\/","title":{"rendered":"Tutores"},"content":{"rendered":"\n<p><strong>Tutores de est\u00e1gio<\/strong><\/p>\n\n\n\n<figure class=\"wp-block-table\"><table class=\"has-fixed-layout\"><tbody><tr><td>Ararangu\u00e1<\/td><td>Ana Paula Uliana Mason<\/td><td>paulamason1978@gmail.com<\/td><\/tr><tr><td>Canoinhas<\/td><td>Ana Paula Ziemann<\/td><td>anapziemann@yahoo.com.br<\/td><\/tr><tr><td>Palho\u00e7a<\/td><td>C\u00e9lio Esp\u00edndola<\/td><td>celioespindola@gmail.com<\/td><\/tr><tr><td>Praia Grande<\/td><td>Camila Micheleto Pacheco<\/td><td>camilamicheleto@hotmail.com<\/td><\/tr><tr><td>Indaial<\/td><td>Miguel Angel Schmitt Rodriguez<\/td><td>miguel_rodriguez82@hotmail.com<\/td><\/tr><\/tbody><\/table><\/figure>\n\n\n\n<p><strong>Tutores EaD<\/strong><\/p>\n\n\n\n<figure class=\"wp-block-table\"><table class=\"has-fixed-layout\"><tbody><tr><td>Gram\u00e1tica do Portugu\u00eas III<\/td><td>Danielle Melo Cordeiro Moura<\/td><td>dmelo26@gmail.com<\/td><\/tr><tr><td>Literatura Brasileira II<\/td><td>Wagner Luiz da Costa Santos<\/td><td>wagnerluizcostasantos@gmail.com<\/td><\/tr><tr><td>Literatura de Express\u00e3o em L\u00edngua Portuguesa III<\/td><td>Jo\u00e3o Paulo Vicente Prilla<\/td><td>jpvprilla@gmail.com<\/td><\/tr><tr><td>Did\u00e1tica do Ensino de L\u00edngua Portuguesa e Literatura<\/td><td>Karla Adriane C\u00f4rrea Oliveira<\/td><td>kadryane@icloud.com<\/td><\/tr><tr><td>Lingu\u00edstica Aplicada: Ensino e Apredizagem de L\u00edngua Materna I<\/td><td>Andressa da Costa Farias<\/td><td>andressa3cf@gmail.com<\/td><\/tr><tr><td>L\u00edngua e Ensino I<\/td><td>Jussara Maria Oliveira de Ara\u00fajo<br>Karoline Correa <\/td><td>jussaraaraujo@gmail.com<br>karolcorrea1@hotmail.com<\/td><\/tr><tr><td>Literatura e Ensino I<\/td><td>Lucas Santos Macedo<\/td><td>lucaomacedo@hotmail.com<\/td><\/tr><tr><td>Est\u00e1gio Supervisionado em L\u00edngua Portuguesa I<\/td><td>Maria Luiza Rosa Barbosa<br>Elisa Akiko<\/td><td>profamarialuiza.linguistica@gmail.com<br>elisaakiko@gmail.com<\/td><\/tr><\/tbody><\/table><\/figure>\n","protected":false},"excerpt":{"rendered":"<p>Tutores de est\u00e1gio Ararangu\u00e1 Ana Paula Uliana Mason paulamason1978@gmail.com Canoinhas Ana Paula Ziemann anapziemann@yahoo.com.br Palho\u00e7a C\u00e9lio Esp\u00edndola celioespindola@gmail.com Praia Grande Camila Micheleto Pacheco camilamicheleto@hotmail.com Indaial Miguel Angel Schmitt Rodriguez miguel_rodriguez82@hotmail.com Tutores EaD Gram\u00e1tica do Portugu\u00eas III Danielle Melo Cordeiro Moura dmelo26@gmail.com Literatura Brasileira II Wagner Luiz da Costa Santos wagnerluizcostasantos@gmail.com Literatura de Express\u00e3o em L\u00edngua [&hellip;]<\/p>\n","protected":false},"author":10,"featured_media":0,"parent":0,"menu_order":0,"comment_status":"closed","ping_status":"closed","template":"","meta":{"_et_pb_use_builder":"off","_et_pb_old_content":"","_et_gb_content_width":"","footnotes":""},"class_list":["post-1503","page","type-page","status-publish","hentry"],"_links":{"self":[{"href":"https:\/\/uab.ufsc.br\/ead\/letras-portugues\/wp-json\/wp\/v2\/pages\/1503","targetHints":{"allow":["GET"]}}],"collection":[{"href":"https:\/\/uab.ufsc.br\/ead\/letras-portugues\/wp-json\/wp\/v2\/pages"}],"about":[{"href":"https:\/\/uab.ufsc.br\/ead\/letras-portugues\/wp-json\/wp\/v2\/types\/page"}],"author":[{"embeddable":true,"href":"https:\/\/uab.ufsc.br\/ead\/letras-portugues\/wp-json\/wp\/v2\/users\/10"}],"replies":[{"embeddable":true,"href":"https:\/\/uab.ufsc.br\/ead\/letras-portugues\/wp-json\/wp\/v2\/comments?post=1503"}],"version-history":[{"count":9,"href":"https:\/\/uab.ufsc.br\/ead\/letras-portugues\/wp-json\/wp\/v2\/pages\/1503\/revisions"}],"predecessor-version":[{"id":1563,"href":"https:\/\/uab.ufsc.br\/ead\/letras-portugues\/wp-json\/wp\/v2\/pages\/1503\/revisions\/1563"}],"wp:attachment":[{"href":"https:\/\/uab.ufsc.br\/ead\/letras-portugues\/wp-json\/wp\/v2\/media?parent=1503"}],"curies":[{"name":"wp","href":"https:\/\/api.w.org\/{rel}","templated":true}]}}