{"id":354,"date":"2023-08-05T22:08:16","date_gmt":"2023-08-06T01:08:16","guid":{"rendered":"http:\/\/uab.ufsc.br\/ead\/matematica\/?page_id=354"},"modified":"2025-03-07T09:50:43","modified_gmt":"2025-03-07T12:50:43","slug":"professores","status":"publish","type":"page","link":"https:\/\/uab.ufsc.br\/ead\/matematica\/professores\/","title":{"rendered":"Professores do curso"},"content":{"rendered":"<p>[et_pb_section fb_built=&#8221;1&#8243; admin_label=&#8221;section&#8221; _builder_version=&#8221;4.16&#8243; custom_padding=&#8221;0px|||||&#8221; global_colors_info=&#8221;{}&#8221; theme_builder_area=&#8221;post_content&#8221;][et_pb_row admin_label=&#8221;row&#8221; _builder_version=&#8221;4.16&#8243; background_size=&#8221;initial&#8221; background_position=&#8221;top_left&#8221; background_repeat=&#8221;repeat&#8221; global_colors_info=&#8221;{}&#8221; theme_builder_area=&#8221;post_content&#8221;][et_pb_column type=&#8221;4_4&#8243; _builder_version=&#8221;4.16&#8243; custom_padding=&#8221;|||&#8221; global_colors_info=&#8221;{}&#8221; custom_padding__hover=&#8221;|||&#8221; theme_builder_area=&#8221;post_content&#8221;][et_pb_text _builder_version=&#8221;4.21.2&#8243; _module_preset=&#8221;default&#8221; global_colors_info=&#8221;{}&#8221; theme_builder_area=&#8221;post_content&#8221;]<\/p>\n<h3 style=\"text-align: left;\"><span style=\"font-size: xx-large;\">2025-1<\/span><\/h3>\n<h3>2\u00ba Fase (turma 2024-2)<\/h3>\n<p>MTM9650 Introdu\u00e7\u00e3o \u00e0 Combinat\u00f3ria e Probabilidade<br \/>Prof\u00aa<span style=\"color: #1538e8;\"><a href=\"http:\/\/lattes.cnpq.br\/6190429641635145\" style=\"color: #1538e8;\"> Camila Aparecida Benedito Rodrigues de Lima<\/a><\/span><\/p>\n<p>MTM9652 Geometria Quantitativa II<br \/>Prof\u00ba. <span style=\"color: #1538e8;\"><a href=\"http:\/\/lattes.cnpq.br\/9665713573455149\" style=\"color: #1538e8;\">Luiz Gustavo Longen<\/a><\/span><\/p>\n<p>FSC9601 Teorias da Educa\u00e7\u00e3o e da Didatiza\u00e7\u00e3o<br \/>Prof\u00ba.<span style=\"color: #1538e8;\"> <a href=\"http:\/\/lattes.cnpq.br\/2130519401074618\" style=\"color: #1538e8;\">Marines D. Cordeiro<\/a><\/span><\/p>\n<p>PSI9637 Psicologia da Educa\u00e7\u00e3o<br \/>Prof\u00aa. <span style=\"color: #1538e8;\"><a href=\"http:\/\/lattes.cnpq.br\/5097502273097882\" style=\"color: #1538e8;\">Joselma Tavares Frutuoso<\/a><\/span><\/p>\n<h3>4\u00ba Fase (turma 2023-2)<\/h3>\n<p>MTM9621 C\u00e1lculo I<br \/>Prof\u00aa. <span style=\"color: #1538e8;\"><a href=\"http:\/\/lattes.cnpq.br\/5685727906758384\" style=\"color: #1538e8;\">Matheus Cheque Bortolan<\/a><\/span><\/p>\n<p>MTM9002 Resolu\u00e7\u00e3o de Problemas (Laborat\u00f3rio II)<br \/>Prof\u00ba. <span style=\"color: #0000ff;\"><a href=\"http:\/\/lattes.cnpq.br\/0804197176549919\" style=\"color: #0000ff;\">Leandro Batista Morgado<\/a><\/span><\/p>\n<p>EGC9034 Projetos Interdisciplinares I<br \/>Prof\u00ba. <span style=\"color: #1538e8;\"><a href=\"http:\/\/lattes.cnpq.br\/6695591100082194\" style=\"color: #1538e8;\">Jo\u00e3o Artur de Souza<\/a><\/span><\/p>\n<p>&nbsp;<\/p>\n<p>[\/et_pb_text][et_pb_text _builder_version=&#8221;4.21.2&#8243; _module_preset=&#8221;default&#8221; global_colors_info=&#8221;{}&#8221; theme_builder_area=&#8221;post_content&#8221;]<\/p>\n<h3 style=\"text-align: left;\"><span style=\"font-size: xx-large;\">2024-2<\/span><\/h3>\n<h3><\/h3>\n<h3>1\u00ba Fase (turma 2024-2)\u00a0<\/h3>\n<p>MTM9630 Fundamentos de Aritm\u00e9tica<br \/>Prof\u00ba. <span style=\"color: #1538e8;\"><a href=\"http:\/\/lattes.cnpq.br\/4918706756138339\" style=\"color: #1538e8;\">Giuliano Boava<\/a><\/span><\/p>\n<p>MTM9651 Geometria Quantitativa I<br \/>Prof\u00ba. <span style=\"color: #1538e8;\"><a href=\"http:\/\/lattes.cnpq.br\/9524322570995295\" style=\"color: #1538e8;\">Marcelo Sobottka<\/a><\/span><\/p>\n<p>MTM9661 Semin\u00e1rios I<br \/>Prof\u00ba. <span style=\"color: #1538e8;\"><a href=\"http:\/\/lattes.cnpq.br\/4136268237958361\" style=\"color: #1538e8;\">Aldrovando Azeredo<\/a><\/span><\/p>\n<p>MTM9671 Laborat\u00f3rio de Matem\u00e1tica<br \/>Prof\u00ba.<span style=\"color: #1538e8;\"> <a href=\"http:\/\/lattes.cnpq.br\/0190407106880826\" style=\"color: #1538e8;\">Cleverson R. da Luz<\/a><\/span><\/p>\n<h3>3\u00ba Fase (turma 2023-2)\u00a0<\/h3>\n<p>FSC9602 Organiza\u00e7\u00e3o Escolar<br \/>Prof\u00aa. <span style=\"color: #1538e8;\"><a href=\"http:\/\/lattes.cnpq.br\/2130519401074618\" style=\"color: #1538e8;\">Marines D. Cordeiro<\/a><\/span><\/p>\n<p>MTM9620 Introdu\u00e7\u00e3o ao C\u00e1lculo<br \/>Prof\u00ba. <span style=\"color: #1538e8;\"><a href=\"http:\/\/lattes.cnpq.br\/0804197176549919\" style=\"color: #1538e8;\">Leandro Batista Morgado<\/a><\/span><\/p>\n<p>MTM9652 Geometria Quantitativa II<br \/>Prof\u00ba. <span style=\"color: #1538e8;\"><a href=\"http:\/\/lattes.cnpq.br\/1106887752581120\" style=\"color: #1538e8;\">Paulinho Demeneghi<\/a><\/span><\/p>\n<p>&nbsp;<\/p>\n<p>[\/et_pb_text][et_pb_text _builder_version=&#8221;4.21.2&#8243; _module_preset=&#8221;default&#8221; global_colors_info=&#8221;{}&#8221; theme_builder_area=&#8221;post_content&#8221;]<\/p>\n<h3 style=\"text-align: left;\"><span style=\"font-size: xx-large;\">2024-1<\/span><\/h3>\n<h3><\/h3>\n<h3>2\u00ba Fase (turma 2023-2)<\/h3>\n<p>PSI9402 \u2013 Psicologia da Educa\u00e7\u00e3o<br \/>Prof\u00aa. <span style=\"color: #1538e8;\"><a href=\"http:\/\/lattes.cnpq.br\/5097502273097882\" style=\"color: #1538e8;\">Joselma Tavares Frutuoso<\/a><\/span><\/p>\n<p>MTM9601 \u2013 Estat\u00edstica Aplicada \u00e0 Educa\u00e7\u00e3o Matem\u00e1tica<br \/>Prof. \u00a0<span style=\"color: #1538e8;\"><a href=\"http:\/\/lattes.cnpq.br\/9524322570995295\" style=\"color: #1538e8;\">Marcelo Sobottka<\/a><\/span><\/p>\n<p>MTM 9900 \u2013 Geometria Anal\u00edtica<br \/>Prof. <span style=\"color: #1538e8;\"><a href=\"http:\/\/lattes.cnpq.br\/5603594795255388\" style=\"color: #1538e8;\">Felipe Lopes Castro<\/a><\/span><\/p>\n<p>MTM 9600 \u2013 Fundamentos de Matem\u00e1tica II<br \/>Prof.<span style=\"color: #1538e8;\"> <a href=\"http:\/\/lattes.cnpq.br\/0804197176549919\" style=\"color: #1538e8;\">Leandro Batista Morgado<\/a><\/span><\/p>\n<p>&nbsp;<\/p>\n<p>[\/et_pb_text][et_pb_text _builder_version=&#8221;4.21.2&#8243; _module_preset=&#8221;default&#8221; global_colors_info=&#8221;{}&#8221; theme_builder_area=&#8221;post_content&#8221;]<\/p>\n<h3 style=\"text-align: left;\"><span style=\"font-size: xx-large;\">2023-2<\/span><\/h3>\n<h3>1\u00ba fase (turma 2023-2)\u00a0\u00a0<\/h3>\n<p>MTM 9001 \u2013Problemas: Sistematiza\u00e7\u00e3o e Representa\u00e7\u00e3o<br \/>Prof. <span style=\"color: #1538e8;\"><a href=\"http:\/\/lattes.cnpq.br\/0190407106880826\" style=\"color: #1538e8;\">Cleverson Roberto da Luz<\/a><\/span><\/p>\n<p>MTM 9101 \u2013 Geometria I<br \/>Prof. <span style=\"color: #1538e8;\"><a href=\"http:\/\/lattes.cnpq.br\/1106887752581120\" style=\"color: #1538e8;\">Paulinho Demeneghi<\/a><\/span><\/p>\n<p>MTM 9300 \u2013 Fundamentos de Matem\u00e1tica I<br \/>Prof. <span style=\"color: #1538e8;\"><a href=\"http:\/\/lattes.cnpq.br\/0804197176549919\" style=\"color: #1538e8;\">Leandro Batista Morgado<\/a><\/span><\/p>\n<p>&nbsp;<\/p>\n<p>[\/et_pb_text][\/et_pb_column][\/et_pb_row][\/et_pb_section]<\/p>\n","protected":false},"excerpt":{"rendered":"<p>2025-1 2\u00ba Fase (turma 2024-2) MTM9650 Introdu\u00e7\u00e3o \u00e0 Combinat\u00f3ria e ProbabilidadeProf\u00aa Camila Aparecida Benedito Rodrigues de Lima MTM9652 Geometria Quantitativa IIProf\u00ba. Luiz Gustavo Longen FSC9601 Teorias da Educa\u00e7\u00e3o e da Didatiza\u00e7\u00e3oProf\u00ba. Marines D. Cordeiro PSI9637 Psicologia da Educa\u00e7\u00e3oProf\u00aa. Joselma Tavares Frutuoso 4\u00ba Fase (turma 2023-2) MTM9621 C\u00e1lculo IProf\u00aa. Matheus Cheque Bortolan MTM9002 Resolu\u00e7\u00e3o de Problemas [&hellip;]<\/p>\n","protected":false},"author":1,"featured_media":0,"parent":0,"menu_order":0,"comment_status":"closed","ping_status":"closed","template":"","meta":{"_et_pb_use_builder":"on","_et_pb_old_content":"<!-- wp:paragraph {\"fontSize\":\"medium\"} -->\n<p class=\"has-medium-font-size\"><\/p>\n<!-- \/wp:paragraph -->\n\n<!-- wp:paragraph {\"textColor\":\"vivid-cyan-blue\",\"fontSize\":\"medium\"} -->\n<p class=\"has-vivid-cyan-blue-color has-text-color has-medium-font-size\"><strong>Primeiro Per\u00edodo (2023.2)<\/strong><\/p>\n<!-- \/wp:paragraph -->\n\n<!-- wp:paragraph -->\n<p><\/p>\n<!-- \/wp:paragraph -->\n\n<!-- wp:paragraph {\"fontSize\":\"medium\"} -->\n<p class=\"has-medium-font-size\">MEN 9101 \u2013 <strong>Introdu\u00e7\u00e3o \u00e0 Educa\u00e7\u00e3o a dist\u00e2ncia<\/strong><\/p>\n<!-- \/wp:paragraph -->\n\n<!-- wp:paragraph {\"fontSize\":\"medium\"} -->\n<p class=\"has-medium-font-size\">Profa. <a href=\"http:\/\/lattes.cnpq.br\/1543348404865052\">Dulce Marcia Cruz<\/a><\/p>\n<!-- \/wp:paragraph -->\n\n<!-- wp:paragraph {\"fontSize\":\"medium\"} -->\n<p class=\"has-medium-font-size\"><\/p>\n<!-- \/wp:paragraph -->\n\n<!-- wp:paragraph {\"fontSize\":\"medium\"} -->\n<p class=\"has-medium-font-size\">FIL 9601 \u2013 <strong>Hist\u00f3ria da Filosofia I<\/strong><\/p>\n<!-- \/wp:paragraph -->\n\n<!-- wp:paragraph {\"fontSize\":\"medium\"} -->\n<p class=\"has-medium-font-size\">Prof. <a href=\"http:\/\/lattes.cnpq.br\/9593167532954435\" target=\"_blank\" rel=\"noreferrer noopener\">Lauro de Matos Nunes Filho<\/a><\/p>\n<!-- \/wp:paragraph -->\n\n<!-- wp:paragraph {\"fontSize\":\"medium\"} -->\n<p class=\"has-medium-font-size\"><\/p>\n<!-- \/wp:paragraph -->\n\n<!-- wp:paragraph {\"fontSize\":\"medium\"} -->\n<p class=\"has-medium-font-size\">FIL 9600 \u2013 <strong>Teoria do Conhecimento<\/strong><\/p>\n<!-- \/wp:paragraph -->\n\n<!-- wp:paragraph {\"fontSize\":\"medium\"} -->\n<p class=\"has-medium-font-size\">Prof. <a href=\"https:\/\/fil.cfh.ufsc.br\/alexandre-meyer-luz\/\" target=\"_blank\" rel=\"noreferrer noopener\">Alexandre Meyer Luz<\/a><\/p>\n<!-- \/wp:paragraph -->\n\n<!-- wp:paragraph {\"fontSize\":\"medium\"} -->\n<p class=\"has-medium-font-size\"><\/p>\n<!-- \/wp:paragraph -->\n\n<!-- wp:paragraph {\"fontSize\":\"medium\"} -->\n<p class=\"has-medium-font-size\">FIL 9641 \u2013 <strong>Filosofia Pol\u00edtica I<\/strong><\/p>\n<!-- \/wp:paragraph -->\n\n<!-- wp:paragraph {\"fontSize\":\"medium\"} -->\n<p class=\"has-medium-font-size\">Prof. <a href=\"https:\/\/fil.cfh.ufsc.br\/denilson-luis-werle\/\" target=\"_blank\" rel=\"noreferrer noopener\">Denilson Luis Werle<\/a><\/p>\n<!-- \/wp:paragraph -->\n\n<!-- wp:paragraph {\"fontSize\":\"medium\"} -->\n<p class=\"has-medium-font-size\"><\/p>\n<!-- \/wp:paragraph -->\n\n<!-- wp:paragraph {\"fontSize\":\"medium\"} -->\n<p class=\"has-medium-font-size\">FIL 9621 \u2013 <strong>Ontologia I<\/strong><\/p>\n<!-- \/wp:paragraph -->\n\n<!-- wp:paragraph {\"fontSize\":\"medium\"} -->\n<p class=\"has-medium-font-size\">Prof. <a href=\"http:\/\/lattes.cnpq.br\/7267832411633230\" target=\"_blank\" rel=\"noreferrer noopener\">Luis Felipe Lauer<\/a><\/p>\n<!-- \/wp:paragraph -->","_et_gb_content_width":"","inline_featured_image":false,"footnotes":""},"class_list":["post-354","page","type-page","status-publish","hentry"],"_links":{"self":[{"href":"https:\/\/uab.ufsc.br\/ead\/matematica\/wp-json\/wp\/v2\/pages\/354","targetHints":{"allow":["GET"]}}],"collection":[{"href":"https:\/\/uab.ufsc.br\/ead\/matematica\/wp-json\/wp\/v2\/pages"}],"about":[{"href":"https:\/\/uab.ufsc.br\/ead\/matematica\/wp-json\/wp\/v2\/types\/page"}],"author":[{"embeddable":true,"href":"https:\/\/uab.ufsc.br\/ead\/matematica\/wp-json\/wp\/v2\/users\/1"}],"replies":[{"embeddable":true,"href":"https:\/\/uab.ufsc.br\/ead\/matematica\/wp-json\/wp\/v2\/comments?post=354"}],"version-history":[{"count":26,"href":"https:\/\/uab.ufsc.br\/ead\/matematica\/wp-json\/wp\/v2\/pages\/354\/revisions"}],"predecessor-version":[{"id":1016,"href":"https:\/\/uab.ufsc.br\/ead\/matematica\/wp-json\/wp\/v2\/pages\/354\/revisions\/1016"}],"wp:attachment":[{"href":"https:\/\/uab.ufsc.br\/ead\/matematica\/wp-json\/wp\/v2\/media?parent=354"}],"curies":[{"name":"wp","href":"https:\/\/api.w.org\/{rel}","templated":true}]}}