{"id":47,"date":"2023-07-24T17:23:15","date_gmt":"2023-07-24T20:23:15","guid":{"rendered":"http:\/\/uab.ufsc.br\/ead\/matematica\/?page_id=47"},"modified":"2025-10-03T12:04:09","modified_gmt":"2025-10-03T15:04:09","slug":"polos","status":"publish","type":"page","link":"https:\/\/uab.ufsc.br\/ead\/matematica\/polos\/","title":{"rendered":"Polos"},"content":{"rendered":"<p>[et_pb_section fb_built=&#8221;1&#8243; _builder_version=&#8221;4.16&#8243; custom_padding=&#8221;0px|||||&#8221; global_colors_info=&#8221;{}&#8221; theme_builder_area=&#8221;post_content&#8221;][et_pb_row _builder_version=&#8221;4.21.2&#8243; background_size=&#8221;initial&#8221; background_position=&#8221;top_left&#8221; background_repeat=&#8221;repeat&#8221; custom_margin=&#8221;-27px|auto||auto||&#8221; custom_padding=&#8221;10px|||||&#8221; global_colors_info=&#8221;{}&#8221; theme_builder_area=&#8221;post_content&#8221;][et_pb_column type=&#8221;4_4&#8243; _builder_version=&#8221;4.16&#8243; custom_padding=&#8221;|||&#8221; global_colors_info=&#8221;{}&#8221; custom_padding__hover=&#8221;|||&#8221; theme_builder_area=&#8221;post_content&#8221;][et_pb_text _builder_version=&#8221;4.21.2&#8243; background_size=&#8221;initial&#8221; background_position=&#8221;top_left&#8221; background_repeat=&#8221;repeat&#8221; global_colors_info=&#8221;{}&#8221; theme_builder_area=&#8221;post_content&#8221;]<!-- divi:paragraph {\"textColor\":\"black\"} --><\/p>\n<h4 class=\"has-black-color has-text-color\">O curso de Licenciatura em Matem\u00e1tica EaD da UFSC \u00e9 oferecida em Polos UAB nas cidades de: Bra\u00e7o do Norte, Canelinha, Crici\u00fama, Joinville, Lages, Laguna, Otac\u00edlio Costa e Videira.<\/h4>\n<h4 class=\"has-black-color has-text-color\">Para todas as institui\u00e7\u00f5es parceiras e polos da UAB Brasil, acesse o <span style=\"color: #0000ff;\"><a href=\"https:\/\/sisuab2.capes.gov.br\/sisuab2\/login.xhtml\" style=\"color: #0000ff;\">Mapa Interativo<\/a><\/span>.<\/h4>\n<p><strong style=\"color: #075380;\"><\/strong><\/p>\n<p>&nbsp;<\/p>\n<p>&nbsp;<\/p>\n<p><!-- \/divi:paragraph -->[\/et_pb_text][et_pb_text _builder_version=&#8221;4.21.2&#8243; background_size=&#8221;initial&#8221; background_position=&#8221;top_left&#8221; background_repeat=&#8221;repeat&#8221; custom_margin=&#8221;-17px|||||&#8221; global_colors_info=&#8221;{}&#8221; theme_builder_area=&#8221;post_content&#8221;]<!-- divi:paragraph {\"textColor\":\"black\"} --><\/p>\n<h3><\/h3>\n<h3>Bra\u00e7o do Norte<\/h3>\n<p><span>Rua Jo\u00e3o Bloemer Filho. N\u00ba: 239 \u2013 Vila Nova<\/span><\/p>\n<p><span>Complemento: Anexo a Escola Municipal Pedro Marcolino Guesser \u2013 <\/span><\/p>\n<p><span>CEP: 88750-000<\/span><\/p>\n<p>E-mail: <a href=\"mailto:polouabbracodonorte@gmail.com\">polouabbracodonorte@gmail.com<\/a><span><\/span><\/p>\n<p>Telefone: <span>(48) 9 9922-2646 (Whatsapp)<\/span><\/p>\n<p>\u00a0Coordenadora: <span>Maria do Carmo Martins Nunes<\/span><\/p>\n<p><span><\/span><\/p>\n<h3>Canelinha<\/h3>\n<p>Av. Prefeito Silvestre Nunes J\u00fanior, 901, Bairro Are\u00e3o &#8211; Canelinha &#8211; SC<\/p>\n<p>CEP: 88230-000<\/p>\n<p>E- mail: <a href=\"mailto:contatouab.polocanelinha@hotmail.com\">contatouab.polocanelinha@hotmail.com<\/a><\/p>\n<p>Telefone: (48) 3264-1171<\/p>\n<p>Coordenador: Ant\u00f4nio Ramiro da Silva J\u00fanior<\/p>\n<p>E-mail: coordenador.antonio@terra.com.br<\/p>\n<p><img loading=\"lazy\" decoding=\"async\" src=\"http:\/\/uab.ufsc.br\/ead\/matematica\/wp-content\/uploads\/2023\/11\/canelinha-300x146.jpg\" width=\"433\" height=\"211\" alt=\"\" class=\"wp-image-639 alignnone size-medium\" \/><\/p>\n<h3><\/h3>\n<h3><\/h3>\n<h3><\/h3>\n<h3><\/h3>\n<h3>Crici\u00fama<\/h3>\n<p><span>Rua da Rep\u00fablica. N\u00ba: 67 \u2013 Bairro Comerci\u00e1rio<\/span><\/p>\n<p><span>Complemento: Col\u00e9gio Est. Sebasti\u00e3o Toledo dos Santos \u2013 Ala nova 2\u00ba PISO \u2013 <\/span><\/p>\n<p><span>CEP 88802-420<\/span><\/p>\n<p>E-mail: <a href=\"mailto:polouabcriciuma@hotmail.com\">polouabcriciuma@hotmail.com<\/a><span><\/span><\/p>\n<p>Telefone: <span>(48) 9-9993-1415 (WhatsApp)<\/span><\/p>\n<p>Coordenador: <span>J\u00falio C\u00e9sar Viana<\/span><\/p>\n<p>&nbsp;<\/p>\n<h3>Joinville<\/h3>\n<p>Rua Brigada Lopes, 153 &#8211; Bairro Gl\u00f3ria \u2013 Joinville &#8211; SC<\/p>\n<p>CEP: 89216-68<\/p>\n<p>E-mail: polojoinville@joinville.sc.gov.br<\/p>\n<p>Telefone: (47) 34452839<\/p>\n<p>Coordenador: Manoel Lasta<\/p>\n<p>E-mail: manoel.lasta@gmail.com<\/p>\n<p><img loading=\"lazy\" decoding=\"async\" src=\"http:\/\/uab.ufsc.br\/ead\/matematica\/wp-content\/uploads\/2023\/11\/joinville-300x180.jpg\" width=\"438\" height=\"263\" alt=\"\" class=\"wp-image-640 alignnone size-medium\" \/><\/p>\n<h3><\/h3>\n<h3>Lages<\/h3>\n<p><span>Rua Independ\u00eancia, 245 \u2013 Bairro Getal \u2013 <\/span><\/p>\n<p><span>CEP 88520-400<\/span><\/p>\n<p>E-mail: <a href=\"mailto:pololgs@hotmail.com\">pololgs@hotmail.com<\/a><span><\/span><\/p>\n<p>Telefone: <span>(49) 3019-7185<\/span><\/p>\n<p>Coordenadora: <span>Carmen L\u00facia<\/span><\/p>\n<h3><\/h3>\n<h3><\/h3>\n<h3><\/h3>\n<h3>Laguna<\/h3>\n<p><span>Rua Coronel Fernandes Martins, 270 &#8211; Bairro Progresso &#8211; Laguna<\/span><\/p>\n<p>CEP <span>88790-000<\/span><\/p>\n<p>E-mail: poloead@laguna.sc.gov.br<\/p>\n<p>Telefone: (48) 3647-2808<\/p>\n<p>Coordenadora: Maria de Lourdes Correia<\/p>\n<p>E-mail: mariacorrea@hotmail.com<\/p>\n<p><img loading=\"lazy\" decoding=\"async\" src=\"http:\/\/uab.ufsc.br\/ead\/matematica\/wp-content\/uploads\/2023\/11\/laguna-300x225.jpg\" width=\"439\" height=\"329\" alt=\"\" class=\"wp-image-643 alignnone size-medium\" \/><\/p>\n<h3><\/h3>\n<h3><\/h3>\n<h3><\/h3>\n<h3><\/h3>\n<h3><\/h3>\n<h3>Otac\u00edlio Costa<\/h3>\n<p>Endere\u00e7o: Rua: Pedro \u00c1lvares Cabral, n\u00b0103, Bairro: F\u00e1tima, Otac\u00edlio Costa &#8211; SC<\/p>\n<p>Cep: 88540-000<\/p>\n<p>Polo: edu.uab@otaciliocosta.sc.gov.br<\/p>\n<p>Telefone: (49) 3221-8000 Ramal 260.<\/p>\n<p>Coordenadora: Jania Maier<\/p>\n<p>E-mail: maierjania@gmail.com<\/p>\n<p><img loading=\"lazy\" decoding=\"async\" src=\"http:\/\/uab.ufsc.br\/ead\/matematica\/wp-content\/uploads\/2023\/11\/otacilio-300x225.jpg\" width=\"452\" height=\"339\" alt=\"\" class=\"wp-image-644 alignnone size-medium\" \/><\/p>\n<h3><\/h3>\n<h3><\/h3>\n<h3><\/h3>\n<h3><\/h3>\n<h3><\/h3>\n<h3>Videira<\/h3>\n<p>Endere\u00e7o: Rua Saul Brandalise, 1656, Bairro Dois Pinheiros (anexo a Escola EBM Prefeito Paulo Penso), Videira &#8211; SC.<\/p>\n<p>CEP: 89562-184<\/p>\n<p>E-mail: polovideira@gmail.com<\/p>\n<p>Telefone: (49) 30902659<\/p>\n<p>Coordenadora: Adriana Maria de Oliveira Gaio<\/p>\n<p>E-mail: adrianagaio@ymail.com<\/p>\n<p><img loading=\"lazy\" decoding=\"async\" src=\"http:\/\/uab.ufsc.br\/ead\/matematica\/wp-content\/uploads\/2023\/11\/videira-300x135.jpg\" width=\"482\" height=\"217\" alt=\"\" class=\"wp-image-645 alignnone size-medium\" style=\"font-size: 14px;\" \/>\u00a0<\/p>\n<p>&nbsp;<\/p>\n<p>&nbsp;<\/p>\n<p>&nbsp;<\/p>\n<p>&nbsp;<\/p>\n<p>&nbsp;<\/p>\n<p>&nbsp;<\/p>\n<p>&nbsp;<\/p>\n<p>&nbsp;<\/p>\n<p>&nbsp;<\/p>\n<p>&nbsp;<\/p>\n<p>&nbsp;<\/p>\n<p>&nbsp;<\/p>\n<p>&nbsp;<\/p>\n<p>&nbsp;<\/p>\n<p>&nbsp;<\/p>\n<p>&nbsp;<\/p>\n<p>&nbsp;<\/p>\n<p>&nbsp;<\/p>\n<p>&nbsp;<\/p>\n<p>&nbsp;<\/p>\n<p>&nbsp;<\/p>\n<p>&nbsp;<\/p>\n<p>&nbsp;<\/p>\n<p>&nbsp;<\/p>\n<p><!-- \/divi:paragraph -->[\/et_pb_text][\/et_pb_column][\/et_pb_row][\/et_pb_section]<\/p>\n","protected":false},"excerpt":{"rendered":"<p>O curso de Licenciatura em Matem\u00e1tica EaD da UFSC \u00e9 oferecida em Polos UAB nas cidades de: Bra\u00e7o do Norte, Canelinha, Crici\u00fama, Joinville, Lages, Laguna, Otac\u00edlio Costa e Videira. Para todas as institui\u00e7\u00f5es parceiras e polos da UAB Brasil, acesse o Mapa Interativo. &nbsp; &nbsp; Bra\u00e7o do Norte Rua Jo\u00e3o Bloemer Filho. N\u00ba: 239 \u2013 [&hellip;]<\/p>\n","protected":false},"author":1,"featured_media":0,"parent":0,"menu_order":0,"comment_status":"closed","ping_status":"closed","template":"","meta":{"_et_pb_use_builder":"on","_et_pb_old_content":"<!-- wp:paragraph {\"textColor\":\"black\"} -->\n<p class=\"has-black-color has-text-color\">A Quarta edi\u00e7\u00e3o do curso EaD \u00e9 oferecida em Polos UAB das seguintes cidades:<\/p>\n<!-- \/wp:paragraph -->\n\n<!-- wp:paragraph {\"style\":{\"color\":{\"text\":\"#075380\"}},\"fontSize\":\"medium\"} -->\n<p class=\"has-text-color has-medium-font-size\" style=\"color:#075380\"><strong>Crici\u00fama<\/strong><\/p>\n<!-- \/wp:paragraph -->\n\n<!-- wp:paragraph -->\n<p><strong>Endere\u00e7o:<\/strong> Rua da Rep\u00fablica. N\u00ba: 67 - Bairro: Comerci\u00e1rio - Complemento: Col\u00e9gio Est. Sebasti\u00e3o Toledo dos<br>Santos - Ala nova  <\/p>\n<!-- \/wp:paragraph -->\n\n<!-- wp:paragraph -->\n<p> CEP: 88802420 - Crici\u00fama-SC<\/p>\n<!-- \/wp:paragraph -->\n\n<!-- wp:paragraph -->\n<p>Ver local no <a rel=\"noreferrer noopener\" href=\"https:\/\/goo.gl\/maps\/HVoCxcxkDtEjnxXd6\" target=\"_blank\"><strong>Google Maps<\/strong><\/a><\/p>\n<!-- \/wp:paragraph -->\n\n<!-- wp:paragraph {\"textColor\":\"black\"} -->\n<p class=\"has-black-color has-text-color\">E-mail: polouabcriciuma@hotmail.com <\/p>\n<!-- \/wp:paragraph -->\n\n<!-- wp:paragraph -->\n<p>Telefone: 48 34781248<\/p>\n<!-- \/wp:paragraph -->\n\n<!-- wp:paragraph -->\n<p>Coordenador: J\u00falio C\u00e9sar Viana  <\/p>\n<!-- \/wp:paragraph -->\n\n<!-- wp:paragraph -->\n<p>E-mail:  julioufsc@hotmail.com<\/p>\n<!-- \/wp:paragraph -->\n\n<!-- wp:paragraph -->\n<p><\/p>\n<!-- \/wp:paragraph -->\n\n<!-- wp:paragraph {\"style\":{\"color\":{\"text\":\"#075380\"}},\"fontSize\":\"medium\"} -->\n<p class=\"has-text-color has-medium-font-size\" style=\"color:#075380\"><strong>Indaial<\/strong><\/p>\n<!-- \/wp:paragraph -->\n\n<!-- wp:paragraph -->\n<p><strong>Endere\u00e7o:<\/strong> Rua Marechal Floriano Peixoto, 49 - Centro, Indaial - SC <\/p>\n<!-- \/wp:paragraph -->\n\n<!-- wp:paragraph -->\n<p>CEP: 89080-063<\/p>\n<!-- \/wp:paragraph -->\n\n<!-- wp:paragraph -->\n<p>Ver local no <a rel=\"noreferrer noopener\" href=\"https:\/\/goo.gl\/maps\/HR79nKFoC8CbufQi7\" target=\"_blank\"><strong>Google Maps<\/strong><\/a><\/p>\n<!-- \/wp:paragraph -->\n\n<!-- wp:paragraph {\"textColor\":\"black\"} -->\n<p class=\"has-black-color has-text-color\">E-mail: uabindaial@indaial.edu.sc.gov.br  <\/p>\n<!-- \/wp:paragraph -->\n\n<!-- wp:paragraph -->\n<p> Telefone: 47 33947233<\/p>\n<!-- \/wp:paragraph -->\n\n<!-- wp:paragraph -->\n<p>Coordenadora: Andr\u00e9ia Ribeiro  <\/p>\n<!-- \/wp:paragraph -->\n\n<!-- wp:paragraph -->\n<p>E-mail: cmindaial@yahoo.com.br <\/p>\n<!-- \/wp:paragraph -->\n\n<!-- wp:paragraph -->\n<p><\/p>\n<!-- \/wp:paragraph -->\n\n<!-- wp:paragraph {\"style\":{\"color\":{\"text\":\"#075380\"}},\"fontSize\":\"medium\"} -->\n<p class=\"has-text-color has-medium-font-size\" style=\"color:#075380\"><strong>Joinville<\/strong><\/p>\n<!-- \/wp:paragraph -->\n\n<!-- wp:paragraph -->\n<p><strong>Endere\u00e7o:<\/strong> Rua Brigada Lopes, 153 - Bairro Gl\u00f3ria <\/p>\n<!-- \/wp:paragraph -->\n\n<!-- wp:paragraph -->\n<p>CEP: 89216-68<\/p>\n<!-- \/wp:paragraph -->\n\n<!-- wp:paragraph -->\n<p>Ver local no <a rel=\"noreferrer noopener\" href=\"https:\/\/goo.gl\/maps\/PxSNCX1iBsqppP7x8\" target=\"_blank\"><strong>Google Maps<\/strong><\/a><\/p>\n<!-- \/wp:paragraph -->\n\n<!-- wp:paragraph {\"textColor\":\"black\"} -->\n<p class=\"has-black-color has-text-color\">E-mail: polojoinville@joinville.sc.gov.br   <\/p>\n<!-- \/wp:paragraph -->\n\n<!-- wp:paragraph -->\n<p> Telefone: (47) 34452839<\/p>\n<!-- \/wp:paragraph -->\n\n<!-- wp:paragraph -->\n<p>Coordenador: Manoel Lasta   <\/p>\n<!-- \/wp:paragraph -->\n\n<!-- wp:paragraph -->\n<p>E-mail: manoel.lasta@gmail.com <\/p>\n<!-- \/wp:paragraph -->\n\n<!-- wp:paragraph -->\n<p><\/p>\n<!-- \/wp:paragraph -->\n\n<!-- wp:paragraph {\"style\":{\"color\":{\"text\":\"#075380\"}},\"fontSize\":\"medium\"} -->\n<p class=\"has-text-color has-medium-font-size\" style=\"color:#075380\"><strong>Lages<\/strong><\/p>\n<!-- \/wp:paragraph -->\n\n<!-- wp:paragraph -->\n<p><strong>Endere\u00e7o: <\/strong>Rua Independ\u00eancia, 245 - Bairro Getal<\/p>\n<!-- \/wp:paragraph -->\n\n<!-- wp:paragraph -->\n<p>CEP: 88520-400<\/p>\n<!-- \/wp:paragraph -->\n\n<!-- wp:paragraph -->\n<p>Ver local no <a rel=\"noreferrer noopener\" href=\"https:\/\/goo.gl\/maps\/EiKkcxqP5YrknRd67\" target=\"_blank\"><strong>Google Maps<\/strong><\/a><\/p>\n<!-- \/wp:paragraph -->\n\n<!-- wp:paragraph {\"textColor\":\"black\"} -->\n<p class=\"has-black-color has-text-color\">E-mail: pololgs@hotmail.com <\/p>\n<!-- \/wp:paragraph -->\n\n<!-- wp:paragraph -->\n<p>Telefone: 49 30197185<\/p>\n<!-- \/wp:paragraph -->\n\n<!-- wp:paragraph -->\n<p>Coordenadora: Carmen L\u00facia <\/p>\n<!-- \/wp:paragraph -->\n\n<!-- wp:paragraph -->\n<p><\/p>\n<!-- \/wp:paragraph -->\n\n<!-- wp:paragraph {\"style\":{\"color\":{\"text\":\"#075380\"}},\"fontSize\":\"medium\"} -->\n<p class=\"has-text-color has-medium-font-size\" style=\"color:#075380\"><strong>Videira<\/strong><\/p>\n<!-- \/wp:paragraph -->\n\n<!-- wp:paragraph -->\n<p><strong>Endere\u00e7o: <\/strong>Rua Saul Brandalise, 1656, Bairro Bairro Dois Pinheiros ( anexo a Escola EBM Prefeito paulo Penso)<br>Videira-SC. <\/p>\n<!-- \/wp:paragraph -->\n\n<!-- wp:paragraph -->\n<p>CEP:  89562-184<\/p>\n<!-- \/wp:paragraph -->\n\n<!-- wp:paragraph -->\n<p>Ver local no <a rel=\"noreferrer noopener\" href=\"https:\/\/goo.gl\/maps\/5FUfcNLrs9pGoy7d6\" target=\"_blank\"><strong>Google Maps<\/strong><\/a><\/p>\n<!-- \/wp:paragraph -->\n\n<!-- wp:paragraph {\"textColor\":\"black\"} -->\n<p class=\"has-black-color has-text-color\">E-mail: polovideira@gmail.com<\/p>\n<!-- \/wp:paragraph -->\n\n<!-- wp:paragraph -->\n<p>Coordenadora: Adriana Maria de Oliveira Gaio  <\/p>\n<!-- \/wp:paragraph -->\n\n<!-- wp:paragraph -->\n<p>E-mail:  adrianagaio@ymail.com <\/p>\n<!-- \/wp:paragraph -->\n\n<!-- wp:paragraph -->\n<p><\/p>\n<!-- \/wp:paragraph -->","_et_gb_content_width":"","inline_featured_image":false,"footnotes":""},"class_list":["post-47","page","type-page","status-publish","hentry"],"_links":{"self":[{"href":"https:\/\/uab.ufsc.br\/ead\/matematica\/wp-json\/wp\/v2\/pages\/47","targetHints":{"allow":["GET"]}}],"collection":[{"href":"https:\/\/uab.ufsc.br\/ead\/matematica\/wp-json\/wp\/v2\/pages"}],"about":[{"href":"https:\/\/uab.ufsc.br\/ead\/matematica\/wp-json\/wp\/v2\/types\/page"}],"author":[{"embeddable":true,"href":"https:\/\/uab.ufsc.br\/ead\/matematica\/wp-json\/wp\/v2\/users\/1"}],"replies":[{"embeddable":true,"href":"https:\/\/uab.ufsc.br\/ead\/matematica\/wp-json\/wp\/v2\/comments?post=47"}],"version-history":[{"count":32,"href":"https:\/\/uab.ufsc.br\/ead\/matematica\/wp-json\/wp\/v2\/pages\/47\/revisions"}],"predecessor-version":[{"id":1170,"href":"https:\/\/uab.ufsc.br\/ead\/matematica\/wp-json\/wp\/v2\/pages\/47\/revisions\/1170"}],"wp:attachment":[{"href":"https:\/\/uab.ufsc.br\/ead\/matematica\/wp-json\/wp\/v2\/media?parent=47"}],"curies":[{"name":"wp","href":"https:\/\/api.w.org\/{rel}","templated":true}]}}