{"id":49,"date":"2023-07-24T17:24:36","date_gmt":"2023-07-24T20:24:36","guid":{"rendered":"http:\/\/uab.ufsc.br\/ead\/matematica\/?page_id=49"},"modified":"2025-08-19T09:11:07","modified_gmt":"2025-08-19T12:11:07","slug":"secretaria","status":"publish","type":"page","link":"https:\/\/uab.ufsc.br\/ead\/matematica\/secretaria\/","title":{"rendered":"Secretaria"},"content":{"rendered":"<p>[et_pb_section fb_built=&#8221;1&#8243; admin_label=&#8221;section&#8221; _builder_version=&#8221;4.16&#8243; global_colors_info=&#8221;{}&#8221; theme_builder_area=&#8221;post_content&#8221;][et_pb_row column_structure=&#8221;1_4,3_4&#8243; admin_label=&#8221;row&#8221; _builder_version=&#8221;4.16&#8243; background_size=&#8221;initial&#8221; background_position=&#8221;top_left&#8221; background_repeat=&#8221;repeat&#8221; width=&#8221;100%&#8221; custom_margin=&#8221;|auto||3px||&#8221; custom_padding=&#8221;9px|0px||||&#8221; global_colors_info=&#8221;{}&#8221; theme_builder_area=&#8221;post_content&#8221;][et_pb_column type=&#8221;1_4&#8243; _builder_version=&#8221;4.16&#8243; custom_padding=&#8221;|||&#8221; global_colors_info=&#8221;{}&#8221; custom_padding__hover=&#8221;|||&#8221; theme_builder_area=&#8221;post_content&#8221;][et_pb_sidebar area=&#8221;et_pb_widget_area_4&#8243; _builder_version=&#8221;4.21.2&#8243; _module_preset=&#8221;default&#8221; min_height=&#8221;216.5px&#8221; custom_margin=&#8221;|-21px||||&#8221; custom_padding=&#8221;0px|0px|0px|||&#8221; global_colors_info=&#8221;{}&#8221; theme_builder_area=&#8221;post_content&#8221;][\/et_pb_sidebar][et_pb_sidebar _builder_version=&#8221;4.27.4&#8243; _module_preset=&#8221;default&#8221; global_colors_info=&#8221;{}&#8221; theme_builder_area=&#8221;post_content&#8221;][\/et_pb_sidebar][\/et_pb_column][et_pb_column type=&#8221;3_4&#8243; _builder_version=&#8221;4.16&#8243; custom_padding=&#8221;|||&#8221; global_colors_info=&#8221;{}&#8221; custom_padding__hover=&#8221;|||&#8221; theme_builder_area=&#8221;post_content&#8221;][et_pb_text admin_label=&#8221;Text&#8221; _builder_version=&#8221;4.21.2&#8243; background_size=&#8221;initial&#8221; background_position=&#8221;top_left&#8221; background_repeat=&#8221;repeat&#8221; custom_margin=&#8221;||2px|-11px||&#8221; global_colors_info=&#8221;{}&#8221; theme_builder_area=&#8221;post_content&#8221;]<\/p>\n<h2><span style=\"color: #0000ff;\"><strong><\/strong><\/span><\/h2>\n<h2><span style=\"color: #0000ff;\"><strong>Hor\u00e1rio de Funcionamento da Secretaria\u00a0<\/strong><\/span><\/h2>\n<p>A secretaria do curso de Licenciatura em Matem\u00e1tica UAB\/UFSC est\u00e1 dispon\u00edvel para atendimento de<strong> segunda a sexta-feira <\/strong>nos seguintes hor\u00e1rios:<\/p>\n<ul>\n<li>2\u00aa,3\u00aa e 4\u00aa &#8211; Das 13h \u00e0s 19h<\/li>\n<li>5\u00aa e 6\u00aa &#8211; Das 7h\u00a0 \u00e0s 13h<\/li>\n<\/ul>\n<p>E-mail para contatos:\u00a0<a href=\"mailto:filosofiaead@cfh.ufsc.br\">ead.mtm@contato.ufsc.br<\/a><\/p>\n<p>Telefone: (48) 3721-4463 Secretaria do curso<\/p>\n<p>[\/et_pb_text][et_pb_text admin_label=&#8221;Text&#8221; module_class=&#8221;segundachamada&#8221; _builder_version=&#8221;4.21.2&#8243; background_size=&#8221;initial&#8221; background_position=&#8221;top_left&#8221; background_repeat=&#8221;repeat&#8221; custom_margin=&#8221;||6px|||&#8221; custom_padding=&#8221;0px|||||&#8221; global_colors_info=&#8221;{}&#8221; theme_builder_area=&#8221;post_content&#8221;][\/et_pb_text][\/et_pb_column][\/et_pb_row][\/et_pb_section]<\/p>\n","protected":false},"excerpt":{"rendered":"<p>Hor\u00e1rio de Funcionamento da Secretaria\u00a0 A secretaria do curso de Licenciatura em Matem\u00e1tica UAB\/UFSC est\u00e1 dispon\u00edvel para atendimento de segunda a sexta-feira nos seguintes hor\u00e1rios: 2\u00aa,3\u00aa e 4\u00aa &#8211; Das 13h \u00e0s 19h 5\u00aa e 6\u00aa &#8211; Das 7h\u00a0 \u00e0s 13h E-mail para contatos:\u00a0ead.mtm@contato.ufsc.br Telefone: (48) 3721-4463 Secretaria do curso<\/p>\n","protected":false},"author":1,"featured_media":0,"parent":0,"menu_order":0,"comment_status":"closed","ping_status":"closed","template":"","meta":{"_et_pb_use_builder":"on","_et_pb_old_content":"<!-- wp:paragraph -->\n<p><\/p>\n<!-- \/wp:paragraph -->\n\n<!-- wp:paragraph -->\n<p><a rel=\"noreferrer noopener\" href=\"https:\/\/dae.ufsc.br\/files\/2022\/11\/R174-CUn_2022_Calend%C3%A1rio-Acad%C3%AAmico-de-Gradua%C3%A7%C3%A3o-2023.pdf\" target=\"_blank\">Calend\u00e1rio Acad\u00eamico de Gradua\u00e7\u00e3o 2023<\/a> (Cursos presenciais)<\/p>\n<!-- \/wp:paragraph -->\n\n<!-- wp:paragraph -->\n<p><a href=\"http:\/\/uab.ufsc.br\/ead\/matematica\/wp-content\/uploads\/2023\/08\/Cronograma-2023.2.pdf\">Calend\u00e1rio das atividades do <strong>Curso de Filosofia<\/strong><\/a><strong> - Licenciatura EaD<\/strong><\/p>\n<!-- \/wp:paragraph -->\n\n<!-- wp:paragraph -->\n<p><\/p>\n<!-- \/wp:paragraph -->","_et_gb_content_width":"","inline_featured_image":false,"footnotes":""},"class_list":["post-49","page","type-page","status-publish","hentry"],"_links":{"self":[{"href":"https:\/\/uab.ufsc.br\/ead\/matematica\/wp-json\/wp\/v2\/pages\/49","targetHints":{"allow":["GET"]}}],"collection":[{"href":"https:\/\/uab.ufsc.br\/ead\/matematica\/wp-json\/wp\/v2\/pages"}],"about":[{"href":"https:\/\/uab.ufsc.br\/ead\/matematica\/wp-json\/wp\/v2\/types\/page"}],"author":[{"embeddable":true,"href":"https:\/\/uab.ufsc.br\/ead\/matematica\/wp-json\/wp\/v2\/users\/1"}],"replies":[{"embeddable":true,"href":"https:\/\/uab.ufsc.br\/ead\/matematica\/wp-json\/wp\/v2\/comments?post=49"}],"version-history":[{"count":36,"href":"https:\/\/uab.ufsc.br\/ead\/matematica\/wp-json\/wp\/v2\/pages\/49\/revisions"}],"predecessor-version":[{"id":1158,"href":"https:\/\/uab.ufsc.br\/ead\/matematica\/wp-json\/wp\/v2\/pages\/49\/revisions\/1158"}],"wp:attachment":[{"href":"https:\/\/uab.ufsc.br\/ead\/matematica\/wp-json\/wp\/v2\/media?parent=49"}],"curies":[{"name":"wp","href":"https:\/\/api.w.org\/{rel}","templated":true}]}}