{"id":671,"date":"2023-11-08T09:45:02","date_gmt":"2023-11-08T12:45:02","guid":{"rendered":"http:\/\/uab.ufsc.br\/ead\/matematica\/?page_id=671"},"modified":"2025-07-16T09:24:56","modified_gmt":"2025-07-16T12:24:56","slug":"duvidas","status":"publish","type":"page","link":"https:\/\/uab.ufsc.br\/ead\/matematica\/duvidas\/","title":{"rendered":"Informa\u00e7\u00f5es"},"content":{"rendered":"<p>[et_pb_section fb_built=&#8221;1&#8243; _builder_version=&#8221;4.21.2&#8243; _module_preset=&#8221;default&#8221; custom_margin=&#8221;-37px|||||&#8221; custom_padding=&#8221;0px|||||&#8221; global_colors_info=&#8221;{}&#8221; theme_builder_area=&#8221;post_content&#8221;][et_pb_row _builder_version=&#8221;4.21.2&#8243; _module_preset=&#8221;default&#8221; global_colors_info=&#8221;{}&#8221; theme_builder_area=&#8221;post_content&#8221;][et_pb_column type=&#8221;4_4&#8243; _builder_version=&#8221;4.21.2&#8243; _module_preset=&#8221;default&#8221; global_colors_info=&#8221;{}&#8221; theme_builder_area=&#8221;post_content&#8221;][et_pb_text _builder_version=&#8221;4.21.2&#8243; _module_preset=&#8221;default&#8221; global_colors_info=&#8221;{}&#8221; theme_builder_area=&#8221;post_content&#8221;]<\/p>\n<ul>\n<li><a href=\"https:\/\/atendimento.ufsc.br\/otrs\/customer.pl?Action=NewTicketWizard;QueueID=496\">Clique aqui para solicitar 2\u00aa chamada.<\/a><\/li>\n<li><a href=\"https:\/\/dae.ufsc.br\/validacao-de-disciplinas-area-do-aluno\/\">Quer validar uma disciplina?<\/a><\/li>\n<li><a href=\"https:\/\/dae.ufsc.br\/disciplina-isolada\/\">Quer solicitar a matr\u00edcula em uma disciplina isolada?<\/a><\/li>\n<li>Quer solicitar o trancamento de matr\u00edcula?<\/li>\n<\/ul>\n<p>&nbsp;<\/p>\n<p>[\/et_pb_text][et_pb_text _builder_version=&#8221;4.21.2&#8243; _module_preset=&#8221;default&#8221; global_colors_info=&#8221;{}&#8221; theme_builder_area=&#8221;post_content&#8221;]<\/p>\n<ul>\n<li>\n<h2><strong><span>Atestado de Matr\u00edcula<\/span><\/strong><\/h2>\n<p>Est\u00e1 precisando de um atestado de matr\u00edcula?<span>\u00a0<\/span><a href=\"http:\/\/uab.ufsc.br\/ead\/matematica\/atestadodematricula\">Clique aqui<\/a><span>\u00a0<\/span>e veja o procedimento para obter uma via.<\/p>\n<\/li>\n<\/ul>\n<p>[\/et_pb_text][et_pb_text _builder_version=&#8221;4.21.2&#8243; _module_preset=&#8221;default&#8221; global_colors_info=&#8221;{}&#8221; theme_builder_area=&#8221;post_content&#8221;]<\/p>\n<ul>\n<li>\n<h2><strong><span>Orienta\u00e7\u00f5es para rematr\u00edcula<\/span><\/strong><\/h2>\n<p>Caros Alunos Matem\u00e1tica\/EaD!<\/p>\n<p>A partir da segunda fase, todo in\u00edcio de semestre voc\u00ea dever\u00e1 realizar a sua matr\u00edcula, siga o passo a passo<span>\u00a0<\/span><a href=\"http:\/\/uab.ufsc.br\/ead\/matematica\/rematricula\">clicando aqui.<\/a><\/p>\n<\/li>\n<\/ul>\n<p>[\/et_pb_text][\/et_pb_column][\/et_pb_row][\/et_pb_section]<\/p>\n","protected":false},"excerpt":{"rendered":"<p>Clique aqui para solicitar 2\u00aa chamada. Quer validar uma disciplina? Quer solicitar a matr\u00edcula em uma disciplina isolada? Quer solicitar o trancamento de matr\u00edcula? &nbsp; Atestado de Matr\u00edcula Est\u00e1 precisando de um atestado de matr\u00edcula?\u00a0Clique aqui\u00a0e veja o procedimento para obter uma via. Orienta\u00e7\u00f5es para rematr\u00edcula Caros Alunos Matem\u00e1tica\/EaD! A partir da segunda fase, todo [&hellip;]<\/p>\n","protected":false},"author":7,"featured_media":0,"parent":0,"menu_order":0,"comment_status":"closed","ping_status":"closed","template":"","meta":{"_et_pb_use_builder":"on","_et_pb_old_content":"","_et_gb_content_width":"","inline_featured_image":false,"footnotes":""},"class_list":["post-671","page","type-page","status-publish","hentry"],"_links":{"self":[{"href":"https:\/\/uab.ufsc.br\/ead\/matematica\/wp-json\/wp\/v2\/pages\/671","targetHints":{"allow":["GET"]}}],"collection":[{"href":"https:\/\/uab.ufsc.br\/ead\/matematica\/wp-json\/wp\/v2\/pages"}],"about":[{"href":"https:\/\/uab.ufsc.br\/ead\/matematica\/wp-json\/wp\/v2\/types\/page"}],"author":[{"embeddable":true,"href":"https:\/\/uab.ufsc.br\/ead\/matematica\/wp-json\/wp\/v2\/users\/7"}],"replies":[{"embeddable":true,"href":"https:\/\/uab.ufsc.br\/ead\/matematica\/wp-json\/wp\/v2\/comments?post=671"}],"version-history":[{"count":17,"href":"https:\/\/uab.ufsc.br\/ead\/matematica\/wp-json\/wp\/v2\/pages\/671\/revisions"}],"predecessor-version":[{"id":1113,"href":"https:\/\/uab.ufsc.br\/ead\/matematica\/wp-json\/wp\/v2\/pages\/671\/revisions\/1113"}],"wp:attachment":[{"href":"https:\/\/uab.ufsc.br\/ead\/matematica\/wp-json\/wp\/v2\/media?parent=671"}],"curies":[{"name":"wp","href":"https:\/\/api.w.org\/{rel}","templated":true}]}}