{"id":812,"date":"2024-04-18T12:31:15","date_gmt":"2024-04-18T15:31:15","guid":{"rendered":"http:\/\/uab.ufsc.br\/ead\/matematica\/?page_id=812"},"modified":"2025-02-25T08:08:55","modified_gmt":"2025-02-25T11:08:55","slug":"cronograma","status":"publish","type":"page","link":"https:\/\/uab.ufsc.br\/ead\/matematica\/cronograma\/","title":{"rendered":"Cronograma Acad\u00eamico"},"content":{"rendered":"<p>[et_pb_section fb_built=&#8221;1&#8243; _builder_version=&#8221;4.21.2&#8243; _module_preset=&#8221;default&#8221; custom_margin=&#8221;-37px|||||&#8221; custom_padding=&#8221;0px||4px|||&#8221; global_colors_info=&#8221;{}&#8221; theme_builder_area=&#8221;post_content&#8221;][et_pb_row _builder_version=&#8221;4.21.2&#8243; _module_preset=&#8221;default&#8221; global_colors_info=&#8221;{}&#8221; theme_builder_area=&#8221;post_content&#8221;][et_pb_column type=&#8221;4_4&#8243; _builder_version=&#8221;4.21.2&#8243; _module_preset=&#8221;default&#8221; global_colors_info=&#8221;{}&#8221; theme_builder_area=&#8221;post_content&#8221;][et_pb_text _builder_version=&#8221;4.27.4&#8243; _module_preset=&#8221;default&#8221; hover_enabled=&#8221;0&#8243; global_colors_info=&#8221;{}&#8221; theme_builder_area=&#8221;post_content&#8221; sticky_enabled=&#8221;0&#8243;]<\/p>\n<p>A coordena\u00e7\u00e3o do Curso EaD de\u00a0 Matem\u00e1tica faz a divulga\u00e7\u00e3o do Cronograma Acad\u00eamico do semestre 2025-1.<\/p>\n<p><a href=\"http:\/\/uab.ufsc.br\/ead\/matematica\/wp-content\/uploads\/2025\/02\/turma-2023-2_CRONOGRAMA-2025-1.pdf\">Turma 2023-2 (4\u00ba fase)<\/a><\/p>\n<p><a href=\"http:\/\/uab.ufsc.br\/ead\/matematica\/wp-content\/uploads\/2025\/02\/turma-2024-2_CRONOGRAMA-2025-1.pdf\">Turma 2024-2 (2\u00ba fase)<\/a><\/p>\n<p>[\/et_pb_text][\/et_pb_column][\/et_pb_row][\/et_pb_section]<\/p>\n","protected":false},"excerpt":{"rendered":"<p>A coordena\u00e7\u00e3o do Curso EaD de\u00a0 Matem\u00e1tica faz a divulga\u00e7\u00e3o do Cronograma Acad\u00eamico do semestre 2025-1. Turma 2023-2 (4\u00ba fase) Turma 2024-2 (2\u00ba fase)<\/p>\n","protected":false},"author":7,"featured_media":0,"parent":0,"menu_order":0,"comment_status":"closed","ping_status":"closed","template":"","meta":{"_et_pb_use_builder":"on","_et_pb_old_content":"","_et_gb_content_width":"","inline_featured_image":false,"footnotes":""},"class_list":["post-812","page","type-page","status-publish","hentry"],"_links":{"self":[{"href":"https:\/\/uab.ufsc.br\/ead\/matematica\/wp-json\/wp\/v2\/pages\/812","targetHints":{"allow":["GET"]}}],"collection":[{"href":"https:\/\/uab.ufsc.br\/ead\/matematica\/wp-json\/wp\/v2\/pages"}],"about":[{"href":"https:\/\/uab.ufsc.br\/ead\/matematica\/wp-json\/wp\/v2\/types\/page"}],"author":[{"embeddable":true,"href":"https:\/\/uab.ufsc.br\/ead\/matematica\/wp-json\/wp\/v2\/users\/7"}],"replies":[{"embeddable":true,"href":"https:\/\/uab.ufsc.br\/ead\/matematica\/wp-json\/wp\/v2\/comments?post=812"}],"version-history":[{"count":6,"href":"https:\/\/uab.ufsc.br\/ead\/matematica\/wp-json\/wp\/v2\/pages\/812\/revisions"}],"predecessor-version":[{"id":1004,"href":"https:\/\/uab.ufsc.br\/ead\/matematica\/wp-json\/wp\/v2\/pages\/812\/revisions\/1004"}],"wp:attachment":[{"href":"https:\/\/uab.ufsc.br\/ead\/matematica\/wp-json\/wp\/v2\/media?parent=812"}],"curies":[{"name":"wp","href":"https:\/\/api.w.org\/{rel}","templated":true}]}}