{"id":883,"date":"2024-06-19T14:18:59","date_gmt":"2024-06-19T17:18:59","guid":{"rendered":"http:\/\/uab.ufsc.br\/ead\/matematica\/?page_id=883"},"modified":"2025-08-05T17:01:44","modified_gmt":"2025-08-05T20:01:44","slug":"formularios","status":"publish","type":"page","link":"https:\/\/uab.ufsc.br\/ead\/matematica\/formularios\/","title":{"rendered":"Formul\u00e1rios"},"content":{"rendered":"<p>[et_pb_section fb_built=&#8221;1&#8243; _builder_version=&#8221;4.21.2&#8243; _module_preset=&#8221;default&#8221; global_colors_info=&#8221;{}&#8221; theme_builder_area=&#8221;post_content&#8221;][et_pb_row _builder_version=&#8221;4.21.2&#8243; _module_preset=&#8221;default&#8221; custom_margin=&#8221;-51px|auto||auto||&#8221; global_colors_info=&#8221;{}&#8221; theme_builder_area=&#8221;post_content&#8221;][et_pb_column type=&#8221;4_4&#8243; _builder_version=&#8221;4.21.2&#8243; _module_preset=&#8221;default&#8221; global_colors_info=&#8221;{}&#8221; theme_builder_area=&#8221;post_content&#8221;][et_pb_text _builder_version=&#8221;4.21.2&#8243; _module_preset=&#8221;default&#8221; global_colors_info=&#8221;{}&#8221; theme_builder_area=&#8221;post_content&#8221;]<\/p>\n<p>Abaixo se encontram os procedimentos e formul\u00e1rios para as seguintes solicita\u00e7\u00f5es:<\/p>\n<p>&#8211;<a href=\"http:\/\/uab.ufsc.br\/ead\/matematica\/wp-content\/uploads\/2025\/08\/Formulario_trancamento.pdf\"> Formul\u00e1rio de trancamento de matr\u00edcula<\/a><\/p>\n<p>&#8211; <a href=\"http:\/\/uab.ufsc.br\/ead\/matematica\/wp-content\/uploads\/2024\/04\/Formulario-para-validacao-Aluno.pdf\">Formul\u00e1rio para valida\u00e7\u00e3o de disciplina<\/a><\/p>\n<p>&#8211; <a href=\"http:\/\/uab.ufsc.br\/ead\/matematica\/wp-content\/uploads\/2024\/04\/Formulario-de-matricula-em-disciplina-isolada.pdf\">Formul\u00e1rio de matr\u00edcula em disciplina isolada<\/a><\/p>\n<p>[\/et_pb_text][\/et_pb_column][\/et_pb_row][\/et_pb_section]<\/p>\n","protected":false},"excerpt":{"rendered":"<p>Abaixo se encontram os procedimentos e formul\u00e1rios para as seguintes solicita\u00e7\u00f5es: &#8211; Formul\u00e1rio de trancamento de matr\u00edcula &#8211; Formul\u00e1rio para valida\u00e7\u00e3o de disciplina &#8211; Formul\u00e1rio de matr\u00edcula em disciplina isolada<\/p>\n","protected":false},"author":7,"featured_media":0,"parent":0,"menu_order":0,"comment_status":"closed","ping_status":"closed","template":"","meta":{"_et_pb_use_builder":"on","_et_pb_old_content":"","_et_gb_content_width":"","inline_featured_image":false,"footnotes":""},"class_list":["post-883","page","type-page","status-publish","hentry"],"_links":{"self":[{"href":"https:\/\/uab.ufsc.br\/ead\/matematica\/wp-json\/wp\/v2\/pages\/883","targetHints":{"allow":["GET"]}}],"collection":[{"href":"https:\/\/uab.ufsc.br\/ead\/matematica\/wp-json\/wp\/v2\/pages"}],"about":[{"href":"https:\/\/uab.ufsc.br\/ead\/matematica\/wp-json\/wp\/v2\/types\/page"}],"author":[{"embeddable":true,"href":"https:\/\/uab.ufsc.br\/ead\/matematica\/wp-json\/wp\/v2\/users\/7"}],"replies":[{"embeddable":true,"href":"https:\/\/uab.ufsc.br\/ead\/matematica\/wp-json\/wp\/v2\/comments?post=883"}],"version-history":[{"count":3,"href":"https:\/\/uab.ufsc.br\/ead\/matematica\/wp-json\/wp\/v2\/pages\/883\/revisions"}],"predecessor-version":[{"id":1144,"href":"https:\/\/uab.ufsc.br\/ead\/matematica\/wp-json\/wp\/v2\/pages\/883\/revisions\/1144"}],"wp:attachment":[{"href":"https:\/\/uab.ufsc.br\/ead\/matematica\/wp-json\/wp\/v2\/media?parent=883"}],"curies":[{"name":"wp","href":"https:\/\/api.w.org\/{rel}","templated":true}]}}